{"id":1501,"date":"2026-01-13T06:34:45","date_gmt":"2026-01-13T06:34:45","guid":{"rendered":"https:\/\/spinwineracasino.com\/applicazione\/"},"modified":"2026-01-13T10:54:49","modified_gmt":"2026-01-13T10:54:49","slug":"aplikacja","status":"publish","type":"page","link":"https:\/\/spinwineracasino.com\/pl\/aplikacja\/","title":{"rendered":"Aplikacja"},"content":{"rendered":"<h1>Aplikacja SpinWinera<\/h1>\n<p>SpinWinera App oferuje te same korzy\u015bci zwi\u0105zane z hazardem online, co g\u0142\u00f3wna wersja internetowa naszego kasyna, ale zapewnia wygodniejsze do\u015bwiadczenie gry i wi\u0119ksz\u0105 dost\u0119pno\u015b\u0107. Dzi\u0119ki niej mo\u017cesz korzysta\u0107 z naszej ogromnej biblioteki ponad 6000 automat\u00f3w online, gier z krupierem na \u017cywo i innych gier, nawet podczas podr\u00f3\u017cy.<\/p>\n<div class=\"banner-wrap\" aria-label=\"Banner\"><img src=\"https:\/\/spinwineracasino.com\/wp-content\/uploads\/2026\/01\/Spinwinera-bonus-desktop.webp\" class=\"w-100 d-none d-lg-block img-pc main-banner-img\" alt=\"Spinwinera bonus desktop\" fetchpriority=\"high\" decoding=\"async\"><img src=\"https:\/\/spinwineracasino.com\/wp-content\/uploads\/2026\/01\/Spinwinera-bonus-mobile.webp\" class=\"w-100 d-none d-md-block d-lg-none main-banner-img\" alt=\"Spinwinera bonus mobile\" fetchpriority=\"high\" decoding=\"async\"><img src=\"https:\/\/spinwineracasino.com\/wp-content\/uploads\/2026\/01\/Spinwinera-bonus-mobile.webp\" class=\"w-100 d-md-none\" alt=\"Spinwinera bonus mobile\" fetchpriority=\"high\" decoding=\"async\"><div class=\"banner-description\">\n<div class=\"banner-title\">Bonusy powitalne<\/div>\n<p class=\"banner-header-title\">\u20ac1500<\/p>\n<div class=\"banner-header-AdditionalText\">+ 250 Darmowe spiny<\/div>\n<button data-item=\"homepage_banner_link\" class=\"goto m-button m-gradient-border m-button--primary m-button--large banner-button btn-orange\">\n            <div class=\"m-button-content\">\n                <span>Zarejestruj si\u0119 teraz<\/span>\n                <span><\/span>\n            <\/div>\n        <\/button>\n<\/div>\n<div class=\"WelcomePack\">\n<p><img loading=\"lazy\" decoding=\"async\" class=\"alignnone size-full wp-image-1445\" src=\"https:\/\/spinwineracasino.com\/wp-content\/uploads\/2026\/01\/welcome-crown.svg\" alt=\"welcome crown\" width=\"25\" height=\"26\" \/><\/p>\n<div class=\"WelcomePack-Info\">Cotygodniowy zwrot got\u00f3wki do 25%<\/div>\n<p><img loading=\"lazy\" decoding=\"async\" class=\"alignnone size-full wp-image-1445\" src=\"https:\/\/spinwineracasino.com\/wp-content\/uploads\/2026\/01\/welcome-crown.svg\" alt=\"welcome crown\" width=\"25\" height=\"26\" \/><\/p>\n<\/div>\n<\/div>\n<h2>SpinWinera App: Najwa\u017cniejsze funkcje<\/h2>\n<p>G\u0142\u00f3wn\u0105 zalet\u0105 aplikacji Spin Winera w por\u00f3wnaniu ze stron\u0105 internetow\u0105 jest znacznie szybszy dost\u0119p do konta w kasynie. Nie musisz wielokrotnie otwiera\u0107 przegl\u0105darki, wystarczy klikn\u0105\u0107 ikon\u0119 aplikacji na ekranie telefonu i od razu zacz\u0105\u0107 gra\u0107 w swoje ulubione gry.<\/p>\n<p>Mobilno\u015b\u0107 to kolejna oczywista zaleta. Dzi\u0119ki aplikacji SpinWinera zainstalowanej na telefonie lub tablecie nie jeste\u015b ograniczony do grania na automatach online lub przy sto\u0142ach z krupierem na \u017cywo tylko w domu, przed komputerem. Teraz mo\u017cesz cieszy\u0107 si\u0119 prawdziw\u0105 rozgrywk\u0105 nawet podczas dojazdu do pracy lub oczekiwania na lot na lotnisku.<\/p>\n<p>W zwi\u0105zku z tym nasza aplikacja posiada wszystkie te same funkcje, co wersja internetowa SpinWinera Casino. Dodatkowo posiada funkcj\u0119 powiadomie\u0144 push, dzi\u0119ki kt\u00f3rej b\u0119dziesz na bie\u017c\u0105co z najnowszymi kampaniami promocyjnymi. Pami\u0119taj, aby je w\u0142\u0105czy\u0107, aby nie przegapi\u0107 szansy na wygranie du\u017cych nagr\u00f3d pieni\u0119\u017cnych, darmowych spin\u00f3w i innych bonus\u00f3w SpinWinera.<\/p>\n<table>\n<tbody>\n<tr>\n<td>Najwa\u017cniejsze cechy<\/td>\n<td>Kasyno SpinWinera Strona internetowa<\/td>\n<td>Aplikacja SpinWinera<\/td>\n<\/tr>\n<tr>\n<td>Katalog gier<\/td>\n<td>Ponad 6000 gier na automatach i atrakcji kasyn online.<\/td>\n<td>Te same gry z mobilnymi kontrolkami dotykowymi.<\/td>\n<\/tr>\n<tr>\n<td>Wbudowane funkcje<\/td>\n<td>Dobrze zorganizowane menu, przyciski szybkiej wp\u0142aty i wyp\u0142aty, pasek wyszukiwania (gier i dostawc\u00f3w oprogramowania), czat na \u017cywo itp.<\/td>\n<td>Te same funkcje + powiadomienia push o najnowszych kampaniach promocyjnych.<\/td>\n<\/tr>\n<tr>\n<td>Bezpiecze\u0144stwo<\/td>\n<td>Twoje dane s\u0105 chronione przy u\u017cyciu najnowszych protoko\u0142\u00f3w TLS, kt\u00f3re regularnie aktualizujemy.<\/td>\n<td>Aplikacja SpinWinera App spe\u0142nia wszystkie bran\u017cowe standardy dotycz\u0105ce ochrony danych.<\/td>\n<\/tr>\n<tr>\n<td>Dost\u0119pno\u015b\u0107<\/td>\n<td>Dost\u0119pne za po\u015brednictwem wybranej przegl\u0105darki z dowolnego urz\u0105dzenia.<\/td>\n<td>Dost\u0119pne bezpo\u015brednio na telefonie lub tablecie.<\/td>\n<\/tr>\n<tr>\n<td>Aktualizacje<\/td>\n<td>Regularnie ulepszamy interfejs naszej strony internetowej i dodajemy nowe gry do katalogu.<\/td>\n<td>Aplikacja jest automatycznie aktualizowana.<\/td>\n<\/tr>\n<tr>\n<td>Obs\u0142uga klienta<\/td>\n<td>Z naszym zespo\u0142em pomocy technicznej mo\u017cna skontaktowa\u0107 si\u0119 za po\u015brednictwem poczty elektronicznej lub czatu na \u017cywo.<\/td>\n<td>Te same metody, ale \u0142atwiejsze w u\u017cyciu.<\/td>\n<\/tr>\n<\/tbody>\n<\/table>\n<p><div class=\"scrollable-content-wrap my-5\"><div class=\"scrollable-content-inner\"><h2>Aplikacja SpinWinera dla systemu operacyjnego Android<\/h2>\n<p>Nasza aplikacja ma form\u0119 progresywnej aplikacji internetowej (PWA), kt\u00f3ra s\u0142u\u017cy jako wbudowany skr\u00f3t do naszej strony internetowej. G\u0142\u00f3wn\u0105 zalet\u0105 tego formatu aplikacji jest to, \u017ce nie musisz pobiera\u0107 \u017cadnych plik\u00f3w Spin Winera APK z niezweryfikowanych \u017ar\u00f3de\u0142 i ryzykowa\u0107 zainfekowanie swoich urz\u0105dze\u0144 niebezpiecznym z\u0142o\u015bliwym oprogramowaniem. Poza tym aplikacje PWA s\u0105 niezwykle lekkie, wi\u0119c aplikacja SpinWinera zajmie minimaln\u0105 ilo\u015b\u0107 pami\u0119ci w Twoim telefonie.<\/p>\n<p>Aplikacj\u0119 mo\u017cna zainstalowa\u0107 w kilku prostych krokach:<\/p>\n<ol>\n<li>Kliknij ikon\u0119 z trzema kropkami obok linku do naszej strony internetowej w przegl\u0105darce mobilnej.<\/li>\n<li>Wybierz opcj\u0119 \u201eDodaj do ekranu g\u0142\u00f3wnego\u201d.<\/li>\n<li>Rozpocznij proces instalacji.<\/li>\n<li>Znajd\u017a ikon\u0119 SpinWinera Casino na ekranie g\u0142\u00f3wnym.<\/li>\n<li>Zaloguj si\u0119 na swoje konto w mobilnym kasynie przy u\u017cyciu swoich danych uwierzytelniaj\u0105cych (lub utw\u00f3rz nowe konto, je\u015bli jeszcze go nie posiadasz).<\/li>\n<\/ol>\n<p>To wszystko \u2013 Twoje urz\u0105dzenie Android jest teraz skr\u00f3tem do najwy\u017cszej klasy wra\u017ce\u0144 z gier.<\/p>\n<p><img loading=\"lazy\" decoding=\"async\" src=\"https:\/\/spinwineracasino.com\/wp-content\/uploads\/2026\/01\/Spinwinera-Android-App.webp\" alt=\"Spinwinera Android App\" width=\"1248\" height=\"536\" \/><\/p>\n<\/div><\/div><div style=\"clear: both\"><\/div><div class=\"d-flex justify-content-center\"><button data-item=\"decouvrez_link\" data-group=\"website_links\" class=\"goto fw-bold rounded-pill btn btn-orange\" aria-label=\"Pobierz aplikacj\u0119 Spinwinera\" >Pobierz aplikacj\u0119 Spinwinera<\/button><\/div><div class=\"scrollable-content-wrap my-5\"><div class=\"scrollable-content-inner\"><h2>Aplikacja SpinWinera na urz\u0105dzenia z systemem iOS<\/h2>\n<p>U\u017cytkownicy iPhone&#8217;\u00f3w i iPad\u00f3w r\u00f3wnie\u017c mog\u0105 korzysta\u0107 z naszej aplikacji mobilnej. Ponownie, wystarczy doda\u0107 aplikacj\u0119 SpinWinera do ekranu g\u0142\u00f3wnego, post\u0119puj\u0105c zgodnie z instrukcj\u0105 opisan\u0105 powy\u017cej. Nast\u0119pnie mo\u017cna szybko zalogowa\u0107 si\u0119 na swoje konto na urz\u0105dzeniu Apple i od razu rozpocz\u0105\u0107 gr\u0119 w ulubione automaty.<\/p>\n<p><img loading=\"lazy\" decoding=\"async\" src=\"https:\/\/spinwineracasino.com\/wp-content\/uploads\/2026\/01\/Spinwinera-iOS-App.webp\" alt=\"Spinwinera iOS App\" width=\"1248\" height=\"536\" \/><\/p>\n<\/div><\/div><div style=\"clear: both\"><\/div><div class=\"d-flex justify-content-center\"><button data-item=\"decouvrez_link\" data-group=\"website_links\" class=\"goto fw-bold rounded-pill btn btn-orange\" aria-label=\"Pobierz Spinwinera\" >Pobierz Spinwinera<\/button><\/div><div class=\"scrollable-content-wrap my-5\"><div class=\"scrollable-content-inner\"><h2>Spin Winera Casino: Wersja na komputery stacjonarne<\/h2>\n<p>G\u0142\u00f3wn\u0105 wersj\u0119 SpinWinera mo\u017cna otworzy\u0107 przez Internet. Innymi s\u0142owy, mo\u017cesz u\u017cy\u0107 dowolnej przegl\u0105darki internetowej na swoim komputerze, aby zalogowa\u0107 si\u0119 na swoje konto i gra\u0107 w naszym kasynie. Ponadto mamy osobn\u0105 aplikacj\u0119 komputerow\u0105, kt\u00f3r\u0105 mo\u017cna zainstalowa\u0107 w systemie Windows i kt\u00f3r\u0105 mo\u017cna pobra\u0107 z naszej strony internetowej:<\/p>\n<ol>\n<li>Kliknij ikon\u0119 pobierania obok linku do naszego kasyna w pasku adresu przegl\u0105darki.<\/li>\n<li>W otwartym oknie pop-up kliknij przycisk \u201eZainstaluj\u201d.<\/li>\n<li>Po zako\u0144czeniu pobierania na pulpicie pojawi si\u0119 ikona SpinWinera Casino.<\/li>\n<\/ol>\n<p>Zar\u00f3wno wersja komputerowa Spin Winera Casino, jak i nasza aplikacja mobilna spe\u0142niaj\u0105 surowe standardy bezpiecze\u0144stwa i uczciwej gry. Prosimy naszych graczy o przej\u015bcie prostego procesu weryfikacji to\u017csamo\u015bci przy pierwszej wyp\u0142acie \u015brodk\u00f3w, aby zapewni\u0107 zgodno\u015b\u0107 z prawem transakcji finansowych i dzia\u0142alno\u015bci hazardowej. W trosce o Pa\u0144stwa dobro stosujemy sprawdzone procedury testowe, aby dok\u0142adnie sprawdzi\u0107 generatory liczb losowych (RNG) we wszystkich grach dost\u0119pnych na naszej platformie. Dzi\u0119ki temu mog\u0105 Pa\u0144stwo mie\u0107 pewno\u015b\u0107, \u017ce nasze automaty online s\u0105 prawdziwymi grami losowymi.<\/p>\n<p><img loading=\"lazy\" decoding=\"async\" src=\"https:\/\/spinwineracasino.com\/wp-content\/uploads\/2026\/01\/Spinwinera-PC.webp\" alt=\"Spinwinera PC\" width=\"1248\" height=\"536\" \/><\/p>\n<\/div><\/div><div style=\"clear: both\"><\/div><div class=\"d-flex justify-content-center\"><button data-item=\"decouvrez_link\" data-group=\"website_links\" class=\"goto fw-bold rounded-pill btn btn-orange\" aria-label=\"Pobierz aplikacj\u0119 Spinwinera\" >Pobierz aplikacj\u0119 Spinwinera<\/button><\/div><div class=\"scrollable-content-wrap my-5\"><div class=\"scrollable-content-inner\"><h2>Cz\u0119sto zadawane pytania<\/h2>\n<h3>Jakie gry SpinWinera Casino s\u0105 dost\u0119pne w aplikacji?<\/h3>\n<p>Korzystaj\u0105c z naszej aplikacji, otrzymujesz pe\u0142ny dost\u0119p do wszystkich gier dost\u0119pnych na g\u0142\u00f3wnej stronie internetowej SpinWinera, w tym automat\u00f3w online, gier kasynowych z krupierem na \u017cywo, gier typu crash, gier sto\u0142owych i wielu innych. Ponadto mobilne gry kasynowe maj\u0105 wbudowane sterowanie dotykowe i dynamiczne elementy interfejsu, co zapewnia wygodniejsze korzystanie z nich niezale\u017cnie od rodzaju u\u017cywanego urz\u0105dzenia.<\/p>\n<h3>Czy mog\u0119 korzysta\u0107 jednocze\u015bnie z aplikacji Spin Winera i wersji internetowej?<\/h3>\n<p>Nie musisz zak\u0142ada\u0107 dw\u00f3ch osobnych kont dla aplikacji mobilnej i strony internetowej. Zamiast tego mo\u017cesz korzysta\u0107 z obu wersji naszego kasyna, u\u017cywaj\u0105c jednego zestawu danych logowania. Twoje dane dotycz\u0105ce aktywno\u015bci s\u0105 automatycznie synchronizowane mi\u0119dzy aplikacj\u0105 a kontem internetowym. Niezale\u017cnie od tego, gdzie zdecydujesz si\u0119 gra\u0107 \u2013 w aplikacji czy w przegl\u0105darce \u2013 Twoje dane konta zawsze b\u0119d\u0105 takie same.<\/p>\n<h3>Czy aplikacja jest zoptymalizowana pod k\u0105tem tablet\u00f3w i wi\u0119kszych ekran\u00f3w?<\/h3>\n<p>Kasyno Spin Winera posiada aplikacj\u0119 adaptacyjn\u0105, co oznacza, \u017ce jej interfejsy s\u0105 automatycznie dostosowywane do rozmiar\u00f3w ekran\u00f3w wszystkich urz\u0105dze\u0144 mobilnych, z kt\u00f3rych korzystasz, niezale\u017cnie od tego, czy jest to telefon, czy tablet. Ta prosta, ale skuteczna technologia pozwala czerpa\u0107 maksymaln\u0105 przyjemno\u015b\u0107 z gry, niezale\u017cnie od preferowanego typu urz\u0105dzenia.<\/p>\n<\/div><\/div><\/p>\n","protected":false},"excerpt":{"rendered":"<p>Aplikacja SpinWinera SpinWinera App oferuje te same korzy\u015bci zwi\u0105zane z hazardem online, co g\u0142\u00f3wna wersja internetowa naszego kasyna, ale zapewnia wygodniejsze do\u015bwiadczenie gry i wi\u0119ksz\u0105 dost\u0119pno\u015b\u0107. Dzi\u0119ki niej mo\u017cesz korzysta\u0107 z naszej ogromnej biblioteki ponad 6000 automat\u00f3w online, gier z krupierem na \u017cywo i innych gier, nawet podczas podr\u00f3\u017cy. SpinWinera App: Najwa\u017cniejsze funkcje G\u0142\u00f3wn\u0105 zalet\u0105 [&hellip;]<\/p>\n","protected":false},"author":1,"featured_media":0,"parent":0,"menu_order":0,"comment_status":"closed","ping_status":"closed","template":"template-builder.php","meta":{"_acf_changed":false,"inline_featured_image":false,"footnotes":""},"class_list":["post-1501","page","type-page","status-publish","hentry"],"acf":[],"yoast_head":"<!-- This site is optimized with the Yoast SEO plugin v27.3 - https:\/\/yoast.com\/product\/yoast-seo-wordpress\/ -->\n<title>SpinWinera App na Mobile | iOS, Android<\/title>\n<meta name=\"description\" content=\"SpinWinera App \u2013 graj w gry kasynowe na iOS i Android z p\u0142ynnym dzia\u0142aniem i pe\u0142n\u0105 synchronizacj\u0105 konta. Uzyskaj dost\u0119p do slot\u00f3w, sto\u0142\u00f3w i gier na \u017cywo wsz\u0119dzie z Spin Winera.\" \/>\n<meta name=\"robots\" content=\"index, follow, max-snippet:-1, max-image-preview:large, max-video-preview:-1\" \/>\n<link rel=\"canonical\" href=\"https:\/\/spinwineracasino.com\/pl\/aplikacja\/\" \/>\n<meta property=\"og:locale\" content=\"pl_PL\" \/>\n<meta property=\"og:type\" content=\"article\" \/>\n<meta property=\"og:title\" content=\"SpinWinera App na Mobile | iOS, Android\" \/>\n<meta property=\"og:description\" content=\"SpinWinera App \u2013 graj w gry kasynowe na iOS i Android z p\u0142ynnym dzia\u0142aniem i pe\u0142n\u0105 synchronizacj\u0105 konta. Uzyskaj dost\u0119p do slot\u00f3w, sto\u0142\u00f3w i gier na \u017cywo wsz\u0119dzie z Spin Winera.\" \/>\n<meta property=\"og:url\" content=\"https:\/\/spinwineracasino.com\/pl\/aplikacja\/\" \/>\n<meta property=\"og:site_name\" content=\"spinwinera\" \/>\n<meta property=\"article:modified_time\" content=\"2026-01-13T10:54:49+00:00\" \/>\n<meta name=\"twitter:card\" content=\"summary_large_image\" \/>\n<meta name=\"twitter:label1\" content=\"Est. reading time\" \/>\n\t<meta name=\"twitter:data1\" content=\"2 minutes\" \/>\n<script type=\"application\/ld+json\" class=\"yoast-schema-graph\">{\"@context\":\"https:\\\/\\\/schema.org\",\"@graph\":[{\"@type\":\"WebPage\",\"@id\":\"https:\\\/\\\/spinwineracasino.com\\\/pl\\\/aplikacja\\\/\",\"url\":\"https:\\\/\\\/spinwineracasino.com\\\/pl\\\/aplikacja\\\/\",\"name\":\"SpinWinera App na Mobile | iOS, Android\",\"isPartOf\":{\"@id\":\"https:\\\/\\\/spinwineracasino.com\\\/pl\\\/#website\"},\"datePublished\":\"2026-01-13T06:34:45+00:00\",\"dateModified\":\"2026-01-13T10:54:49+00:00\",\"description\":\"SpinWinera App \u2013 graj w gry kasynowe na iOS i Android z p\u0142ynnym dzia\u0142aniem i pe\u0142n\u0105 synchronizacj\u0105 konta. Uzyskaj dost\u0119p do slot\u00f3w, sto\u0142\u00f3w i gier na \u017cywo wsz\u0119dzie z Spin Winera.\",\"breadcrumb\":{\"@id\":\"https:\\\/\\\/spinwineracasino.com\\\/pl\\\/aplikacja\\\/#breadcrumb\"},\"inLanguage\":\"pl-PL\",\"potentialAction\":[{\"@type\":\"ReadAction\",\"target\":[\"https:\\\/\\\/spinwineracasino.com\\\/pl\\\/aplikacja\\\/\"]}]},{\"@type\":\"BreadcrumbList\",\"@id\":\"https:\\\/\\\/spinwineracasino.com\\\/pl\\\/aplikacja\\\/#breadcrumb\",\"itemListElement\":[{\"@type\":\"ListItem\",\"position\":1,\"name\":\"Spinwinera\",\"item\":\"https:\\\/\\\/spinwineracasino.com\\\/pl\\\/\"},{\"@type\":\"ListItem\",\"position\":2,\"name\":\"Aplikacja\"}]},{\"@type\":\"WebSite\",\"@id\":\"https:\\\/\\\/spinwineracasino.com\\\/pl\\\/#website\",\"url\":\"https:\\\/\\\/spinwineracasino.com\\\/pl\\\/\",\"name\":\"Spinwinera\",\"description\":\"\",\"publisher\":{\"@id\":\"https:\\\/\\\/spinwineracasino.com\\\/pl\\\/#organization\"},\"potentialAction\":[{\"@type\":\"SearchAction\",\"target\":{\"@type\":\"EntryPoint\",\"urlTemplate\":\"https:\\\/\\\/spinwineracasino.com\\\/pl\\\/?s={search_term_string}\"},\"query-input\":{\"@type\":\"PropertyValueSpecification\",\"valueRequired\":true,\"valueName\":\"search_term_string\"}}],\"inLanguage\":\"pl-PL\"},{\"@type\":\"Organization\",\"@id\":\"https:\\\/\\\/spinwineracasino.com\\\/pl\\\/#organization\",\"name\":\"Spinwinera\",\"url\":\"https:\\\/\\\/spinwineracasino.com\\\/pl\\\/\",\"logo\":{\"@type\":\"ImageObject\",\"inLanguage\":\"pl-PL\",\"@id\":\"https:\\\/\\\/spinwineracasino.com\\\/pl\\\/#\\\/schema\\\/logo\\\/image\\\/\",\"url\":\"https:\\\/\\\/spinwineracasino.com\\\/wp-content\\\/uploads\\\/2025\\\/08\\\/80u1FaquEZeR6OUTeJCc.png\",\"contentUrl\":\"https:\\\/\\\/spinwineracasino.com\\\/wp-content\\\/uploads\\\/2025\\\/08\\\/80u1FaquEZeR6OUTeJCc.png\",\"width\":157,\"height\":30,\"caption\":\"Spinwinera\"},\"image\":{\"@id\":\"https:\\\/\\\/spinwineracasino.com\\\/pl\\\/#\\\/schema\\\/logo\\\/image\\\/\"}}]}<\/script>\n<!-- \/ Yoast SEO plugin. -->","yoast_head_json":{"title":"SpinWinera App na Mobile | iOS, Android","description":"SpinWinera App \u2013 graj w gry kasynowe na iOS i Android z p\u0142ynnym dzia\u0142aniem i pe\u0142n\u0105 synchronizacj\u0105 konta. Uzyskaj dost\u0119p do slot\u00f3w, sto\u0142\u00f3w i gier na \u017cywo wsz\u0119dzie z Spin Winera.","robots":{"index":"index","follow":"follow","max-snippet":"max-snippet:-1","max-image-preview":"max-image-preview:large","max-video-preview":"max-video-preview:-1"},"canonical":"https:\/\/spinwineracasino.com\/pl\/aplikacja\/","og_locale":"pl_PL","og_type":"article","og_title":"SpinWinera App na Mobile | iOS, Android","og_description":"SpinWinera App \u2013 graj w gry kasynowe na iOS i Android z p\u0142ynnym dzia\u0142aniem i pe\u0142n\u0105 synchronizacj\u0105 konta. Uzyskaj dost\u0119p do slot\u00f3w, sto\u0142\u00f3w i gier na \u017cywo wsz\u0119dzie z Spin Winera.","og_url":"https:\/\/spinwineracasino.com\/pl\/aplikacja\/","og_site_name":"spinwinera","article_modified_time":"2026-01-13T10:54:49+00:00","twitter_card":"summary_large_image","twitter_misc":{"Est. reading time":"2 minutes"},"schema":{"@context":"https:\/\/schema.org","@graph":[{"@type":"WebPage","@id":"https:\/\/spinwineracasino.com\/pl\/aplikacja\/","url":"https:\/\/spinwineracasino.com\/pl\/aplikacja\/","name":"SpinWinera App na Mobile | iOS, Android","isPartOf":{"@id":"https:\/\/spinwineracasino.com\/pl\/#website"},"datePublished":"2026-01-13T06:34:45+00:00","dateModified":"2026-01-13T10:54:49+00:00","description":"SpinWinera App \u2013 graj w gry kasynowe na iOS i Android z p\u0142ynnym dzia\u0142aniem i pe\u0142n\u0105 synchronizacj\u0105 konta. Uzyskaj dost\u0119p do slot\u00f3w, sto\u0142\u00f3w i gier na \u017cywo wsz\u0119dzie z Spin Winera.","breadcrumb":{"@id":"https:\/\/spinwineracasino.com\/pl\/aplikacja\/#breadcrumb"},"inLanguage":"pl-PL","potentialAction":[{"@type":"ReadAction","target":["https:\/\/spinwineracasino.com\/pl\/aplikacja\/"]}]},{"@type":"BreadcrumbList","@id":"https:\/\/spinwineracasino.com\/pl\/aplikacja\/#breadcrumb","itemListElement":[{"@type":"ListItem","position":1,"name":"Spinwinera","item":"https:\/\/spinwineracasino.com\/pl\/"},{"@type":"ListItem","position":2,"name":"Aplikacja"}]},{"@type":"WebSite","@id":"https:\/\/spinwineracasino.com\/pl\/#website","url":"https:\/\/spinwineracasino.com\/pl\/","name":"Spinwinera","description":"","publisher":{"@id":"https:\/\/spinwineracasino.com\/pl\/#organization"},"potentialAction":[{"@type":"SearchAction","target":{"@type":"EntryPoint","urlTemplate":"https:\/\/spinwineracasino.com\/pl\/?s={search_term_string}"},"query-input":{"@type":"PropertyValueSpecification","valueRequired":true,"valueName":"search_term_string"}}],"inLanguage":"pl-PL"},{"@type":"Organization","@id":"https:\/\/spinwineracasino.com\/pl\/#organization","name":"Spinwinera","url":"https:\/\/spinwineracasino.com\/pl\/","logo":{"@type":"ImageObject","inLanguage":"pl-PL","@id":"https:\/\/spinwineracasino.com\/pl\/#\/schema\/logo\/image\/","url":"https:\/\/spinwineracasino.com\/wp-content\/uploads\/2025\/08\/80u1FaquEZeR6OUTeJCc.png","contentUrl":"https:\/\/spinwineracasino.com\/wp-content\/uploads\/2025\/08\/80u1FaquEZeR6OUTeJCc.png","width":157,"height":30,"caption":"Spinwinera"},"image":{"@id":"https:\/\/spinwineracasino.com\/pl\/#\/schema\/logo\/image\/"}}]}},"_links":{"self":[{"href":"https:\/\/spinwineracasino.com\/pl\/wp-json\/wp\/v2\/pages\/1501","targetHints":{"allow":["GET"]}}],"collection":[{"href":"https:\/\/spinwineracasino.com\/pl\/wp-json\/wp\/v2\/pages"}],"about":[{"href":"https:\/\/spinwineracasino.com\/pl\/wp-json\/wp\/v2\/types\/page"}],"author":[{"embeddable":true,"href":"https:\/\/spinwineracasino.com\/pl\/wp-json\/wp\/v2\/users\/1"}],"replies":[{"embeddable":true,"href":"https:\/\/spinwineracasino.com\/pl\/wp-json\/wp\/v2\/comments?post=1501"}],"version-history":[{"count":2,"href":"https:\/\/spinwineracasino.com\/pl\/wp-json\/wp\/v2\/pages\/1501\/revisions"}],"predecessor-version":[{"id":1953,"href":"https:\/\/spinwineracasino.com\/pl\/wp-json\/wp\/v2\/pages\/1501\/revisions\/1953"}],"wp:attachment":[{"href":"https:\/\/spinwineracasino.com\/pl\/wp-json\/wp\/v2\/media?parent=1501"}],"curies":[{"name":"wp","href":"https:\/\/api.w.org\/{rel}","templated":true}]}}