{"id":1489,"date":"2026-01-13T06:49:38","date_gmt":"2026-01-13T06:49:38","guid":{"rendered":"https:\/\/spinwineracasino.com\/accesso-e-registrazione\/"},"modified":"2026-01-13T10:57:49","modified_gmt":"2026-01-13T10:57:49","slug":"logowanie-i-rejestracja","status":"publish","type":"page","link":"https:\/\/spinwineracasino.com\/pl\/logowanie-i-rejestracja\/","title":{"rendered":"Logowanie i rejestracja"},"content":{"rendered":"<h1>Logowanie i Rejestracja w SpinWinera<\/h1>\n<p>Proces SpinWinera login jest niezwykle prosty. Wystarczy kilka klikni\u0119\u0107, aby utworzy\u0107 konto w kasynie i uzyska\u0107 natychmiastowy dost\u0119p do naszej bogatej biblioteki opcji hazardowych i bonus\u00f3w.<\/p>\n<p>Najlepsze jest to, \u017ce nie musisz weryfikowa\u0107 swojej to\u017csamo\u015bci, wystarczy poda\u0107 kilka og\u00f3lnych informacji o sobie. Po zalogowaniu si\u0119 mo\u017cesz rozpocz\u0105\u0107 swoj\u0105 przygod\u0119 z kasynem, sprawdzaj\u0105c wiele gier w trybie demo, bez ryzykowania prawdziwych pieni\u0119dzy.<\/p>\n<p><div class=\"banner-wrap\" aria-label=\"Banner\"><img src=\"https:\/\/spinwineracasino.com\/wp-content\/uploads\/2026\/01\/Spinwinera-bonus-desktop.webp\" class=\"w-100 d-none d-lg-block img-pc main-banner-img\" alt=\"Spinwinera bonus desktop\" fetchpriority=\"high\" decoding=\"async\"><img src=\"https:\/\/spinwineracasino.com\/wp-content\/uploads\/2026\/01\/Spinwinera-bonus-mobile.webp\" class=\"w-100 d-none d-md-block d-lg-none main-banner-img\" alt=\"Spinwinera bonus mobile\" fetchpriority=\"high\" decoding=\"async\"><img src=\"https:\/\/spinwineracasino.com\/wp-content\/uploads\/2026\/01\/Spinwinera-bonus-mobile.webp\" class=\"w-100 d-md-none\" alt=\"Spinwinera bonus mobile\" fetchpriority=\"high\" decoding=\"async\"><div class=\"banner-description\">\n<div class=\"banner-title\">Bonusy powitalne<\/div>\n<p class=\"banner-header-title\">\u20ac1500<\/p>\n<div class=\"banner-header-AdditionalText\">+ 250 Darmowe spiny<\/div>\n<button data-item=\"homepage_banner_link\" class=\"goto m-button m-gradient-border m-button--primary m-button--large banner-button btn-orange\">\n            <div class=\"m-button-content\">\n                <span>Zarejestruj si\u0119 teraz<\/span>\n                <span><\/span>\n            <\/div>\n        <\/button>\n<\/div>\n<div class=\"WelcomePack\">\n<p><img loading=\"lazy\" decoding=\"async\" class=\"alignnone size-full wp-image-1445\" src=\"https:\/\/spinwineracasino.com\/wp-content\/uploads\/2026\/01\/welcome-crown.svg\" alt=\"welcome crown\" width=\"25\" height=\"26\" \/><\/p>\n<div class=\"WelcomePack-Info\">Cotygodniowy zwrot got\u00f3wki do 25%<\/div>\n<p><img loading=\"lazy\" decoding=\"async\" class=\"alignnone size-full wp-image-1445\" src=\"https:\/\/spinwineracasino.com\/wp-content\/uploads\/2026\/01\/welcome-crown.svg\" alt=\"welcome crown\" width=\"25\" height=\"26\" \/><\/p>\n<\/div>\n<\/div><div class=\"scrollable-content-wrap my-5\"><div class=\"scrollable-content-inner\"><h2>Procedura rejestracji SpinWinera<\/h2>\n<p>Aby zarejestrowa\u0107 si\u0119 w SpinWinera, musisz mie\u0107 uko\u0144czone 18 lat i mieszka\u0107 w kraju, w kt\u00f3rym nasze us\u0142ugi kasynowe s\u0105 obs\u0142ugiwane. Procedura rejestracji wygl\u0105da nast\u0119puj\u0105co:<\/p>\n<ol>\n<li>U\u017cyj przycisku Zarejestruj si\u0119 w prawym g\u00f3rnym rogu strony internetowej Spin Winera.<\/li>\n<li>Wpisz sw\u00f3j adres e-mail i utw\u00f3rz silne has\u0142o.<\/li>\n<li>Potwierd\u017a rejestracj\u0119.<\/li>\n<li>W otwartym oknie pop-up wprowad\u017a pozosta\u0142e dane osobowe (tj. imi\u0119 i nazwisko, dat\u0119 urodzenia oraz numer telefonu).<\/li>\n<\/ol>\n<p>Nast\u0119pnie zostaniesz automatycznie przeniesiony do swojego konta Spin Winera i b\u0119dziesz m\u00f3g\u0142 bezzw\u0142ocznie rozpocz\u0105\u0107 odkrywanie naszego kasyna. Od tej pory wszystkie informacje zwi\u0105zane z hazardem b\u0119d\u0105 wygodnie przechowywane w jednym miejscu i \u0142atwe do zarz\u0105dzania zar\u00f3wno w Internecie, jak i w aplikacji mobilnej.<\/p>\n<h3>Zmiana danych osobowych na koncie Spin Winera<\/h3>\n<p>Mo\u017cesz zmieni\u0107 niekt\u00f3re dane osobowe w swoim profilu kasyna. Wystarczy klikn\u0105\u0107 przycisk Edytuj dane osobowe na stronie g\u0142\u00f3wnej profilu i wybra\u0107, jakie informacje chcesz zmieni\u0107: nazw\u0119 u\u017cytkownika, imi\u0119 i nazwisko, dane kontaktowe, p\u0142e\u0107 itp.<\/p>\n<p>Pami\u0119taj, \u017ce zmiana daty urodzenia nie jest mo\u017cliwa bez pomocy naszego zespo\u0142u wsparcia. Dlatego podczas rejestracji konta SpinWinera upewnij si\u0119, \u017ce poda\u0142e\u015b prawid\u0142owe dane.<\/p>\n<h2>Logowanie do SpinWinera \u2013 kroki<\/h2>\n<p>Aby zalogowa\u0107 si\u0119 na ju\u017c utworzone konto, u\u017cyj przycisku Zaloguj si\u0119 do SpinWinera na stronie internetowej lub w aplikacji i wprowad\u017a wcze\u015bniej podane dane logowania. Je\u015bli w ustawieniach konta w\u0142\u0105czono uwierzytelnianie dwusk\u0142adnikowe, podczas logowania nale\u017cy r\u00f3wnie\u017c wprowadzi\u0107 kod zabezpieczaj\u0105cy.<\/p>\n<p>Po zalogowaniu si\u0119 na swoje konto w SpinWinera Casino mo\u017cesz cieszy\u0107 si\u0119 wieloma ekscytuj\u0105cymi mo\u017cliwo\u015bciami gry:<\/p>\n<ul>\n<li>Mo\u017cesz wypr\u00f3bowa\u0107 nasze automaty online i inne gry w trybie demo, aby zapozna\u0107 si\u0119 z nimi przed rozpocz\u0119ciem gry na prawdziwe pieni\u0105dze.<\/li>\n<li>Otrzymaj pierwsz\u0105 cz\u0119\u015b\u0107 naszego bonusu powitalnego zaraz po dokonaniu pierwszej wp\u0142aty.<\/li>\n<li>Zapoznaj si\u0119 z personalizowanymi kampaniami promocyjnymi lub we\u017a w nich udzia\u0142 i skorzystaj z szansy na wygranie atrakcyjnych nagr\u00f3d.<\/li>\n<li>Zdob\u0105d\u017a dodatkowe nagrody za uko\u0144czenie procesu weryfikacji numeru telefonu i adresu e-mail.<\/li>\n<\/ul>\n<p>Otrzymasz r\u00f3wnie\u017c dost\u0119p do pe\u0142nej historii swoich dzia\u0142a\u0144 hazardowych i transakcji dokonanych w SpinWinera Casino.<\/p>\n<h3>SpinWinera Casino weryfikacja<\/h3>\n<p>Podczas zak\u0142adania konta w Spin Winera lub dokonywania wp\u0142at nie ma konieczno\u015bci potwierdzania swojej to\u017csamo\u015bci. Od graczy naszego kasyna wymagamy jedynie przej\u015bcia standardowej procedury weryfikacyjnej przy pierwszej wyp\u0142acie \u015brodk\u00f3w.<\/p>\n<p>W trakcie tego procesu musisz dostarczy\u0107 nam kopie dokument\u00f3w to\u017csamo\u015bci (np. paszportu, prawa jazdy itp.), rachunk\u00f3w za media oraz karty kredytowej u\u017cytej do wyp\u0142aty \u015brodk\u00f3w. Ca\u0142a procedura weryfikacji trwa oko\u0142o 24 godzin i nie jest powtarzana przy kolejnych wnioskach o wyp\u0142at\u0119 \u015brodk\u00f3w \u2013 przeprowadzamy j\u0105 tylko raz.<\/p>\n<h2>Dost\u0119p do konta<\/h2>\n<p>Mo\u017cesz zalogowa\u0107 si\u0119 na swoje konto Spin Winera za po\u015brednictwem g\u0142\u00f3wnej platformy internetowej lub naszych aplikacji mobilnych i komputerowych. Informacje o koncie s\u0105 automatycznie synchronizowane mi\u0119dzy urz\u0105dzeniami. Dzi\u0119ki temu nawet je\u015bli podczas obstawiania zak\u0142ad\u00f3w sportowych lub grania na automatach w SpinWinera Casino cz\u0119sto prze\u0142\u0105czasz si\u0119 mi\u0119dzy telefonem a komputerem, Twoja historia osobista b\u0119dzie zawsze taka sama zar\u00f3wno w wersji internetowej, jak i mobilnej aplikacji.<\/p>\n<h2>Cz\u0119sto zadawane pytania<\/h2>\n<h3>Co nale\u017cy zrobi\u0107, je\u015bli moje konto zosta\u0142o tymczasowo zablokowane?<\/h3>\n<p>Blokujemy konta graczy wy\u0142\u0105cznie z nast\u0119puj\u0105cych powod\u00f3w: zbyt wiele nieudanych pr\u00f3b logowania, podejrzana aktywno\u015b\u0107 lub naruszenie zasad. W pierwszym przypadku zalecamy po prostu odczekanie pewnego czasu przed ponown\u0105 pr\u00f3b\u0105 logowania. Je\u015bli zapomnia\u0142e\u015b has\u0142a, kliknij przycisk \u201eNie pami\u0119tasz has\u0142a?\u201d podczas procesu logowania do SpinWinera i utw\u00f3rz nowe. Je\u015bli nie wiesz, dlaczego Twoje konto zosta\u0142o zablokowane, skontaktuj si\u0119 z naszym zespo\u0142em pomocy technicznej za po\u015brednictwem Live Chat.<\/p>\n<h3>Jak mog\u0119 chroni\u0107 swoje konto przed nieautoryzowanym dost\u0119pem?<\/h3>\n<p>Po pierwsze, nigdy nie udost\u0119pniaj swoich danych logowania i hase\u0142 osobom trzecim. Po drugie, pami\u0119taj, aby wylogowa\u0107 si\u0119 ze swojego konta w kasynie po zako\u0144czeniu gry na urz\u0105dzeniach innych os\u00f3b. Ponadto wa\u017cne jest, aby mie\u0107 silne i unikalne has\u0142o oraz aktualizowa\u0107 je co oko\u0142o trzy miesi\u0105ce. W ten spos\u00f3b ryzyko nieautoryzowanego dost\u0119pu znacznie si\u0119 zmniejsza. Je\u015bli masz problemy z nieautoryzowanym dost\u0119pem, nie wahaj si\u0119 natychmiast skontaktowa\u0107 si\u0119 z naszym wieloj\u0119zycznym zespo\u0142em pomocy technicznej.<\/p>\n<h3>Czy zapisywanie danych logowania w przegl\u0105darce lub aplikacji jest bezpieczne?<\/h3>\n<p>Tak, je\u015bli korzystasz z serwisu SpinWinera Casino na swoim osobistym urz\u0105dzeniu, z kt\u00f3rego nie korzystaj\u0105 inne osoby. Je\u015bli jednak dzielisz urz\u0105dzenie z innymi osobami, w tym cz\u0142onkami rodziny, lepiej nie zapisywa\u0107 danych logowania w przegl\u0105darce internetowej ani w aplikacji.<\/p>\n<\/div><\/div><\/p>\n","protected":false},"excerpt":{"rendered":"<p>Logowanie i Rejestracja w SpinWinera Proces SpinWinera login jest niezwykle prosty. Wystarczy kilka klikni\u0119\u0107, aby utworzy\u0107 konto w kasynie i uzyska\u0107 natychmiastowy dost\u0119p do naszej bogatej biblioteki opcji hazardowych i bonus\u00f3w. Najlepsze jest to, \u017ce nie musisz weryfikowa\u0107 swojej to\u017csamo\u015bci, wystarczy poda\u0107 kilka og\u00f3lnych informacji o sobie. Po zalogowaniu si\u0119 mo\u017cesz rozpocz\u0105\u0107 swoj\u0105 przygod\u0119 z [&hellip;]<\/p>\n","protected":false},"author":1,"featured_media":0,"parent":0,"menu_order":0,"comment_status":"closed","ping_status":"closed","template":"template-builder.php","meta":{"_acf_changed":false,"inline_featured_image":false,"footnotes":""},"class_list":["post-1489","page","type-page","status-publish","hentry"],"acf":[],"yoast_head":"<!-- This site is optimized with the Yoast SEO plugin v27.3 - https:\/\/yoast.com\/product\/yoast-seo-wordpress\/ -->\n<title>SpinWinera Casino Bonus | Bonus Powitalny i Promocje<\/title>\n<meta name=\"description\" content=\"SpinWinera Casino Bonus \u2013 odbierz pakiet powitalny, bonusy do\u0142adowa\u0144 i darmowe spiny. Korzystaj z personalizowanych promocji i cotygodniowych nagr\u00f3d w Spin Winera.\" \/>\n<meta name=\"robots\" content=\"index, follow, max-snippet:-1, max-image-preview:large, max-video-preview:-1\" \/>\n<link rel=\"canonical\" href=\"https:\/\/spinwineracasino.com\/pl\/logowanie-i-rejestracja\/\" \/>\n<meta property=\"og:locale\" content=\"pl_PL\" \/>\n<meta property=\"og:type\" content=\"article\" \/>\n<meta property=\"og:title\" content=\"SpinWinera Casino Bonus | Bonus Powitalny i Promocje\" \/>\n<meta property=\"og:description\" content=\"SpinWinera Casino Bonus \u2013 odbierz pakiet powitalny, bonusy do\u0142adowa\u0144 i darmowe spiny. Korzystaj z personalizowanych promocji i cotygodniowych nagr\u00f3d w Spin Winera.\" \/>\n<meta property=\"og:url\" content=\"https:\/\/spinwineracasino.com\/pl\/logowanie-i-rejestracja\/\" \/>\n<meta property=\"og:site_name\" content=\"spinwinera\" \/>\n<meta property=\"article:modified_time\" content=\"2026-01-13T10:57:49+00:00\" \/>\n<meta name=\"twitter:card\" content=\"summary_large_image\" \/>\n<meta name=\"twitter:label1\" content=\"Est. reading time\" \/>\n\t<meta name=\"twitter:data1\" content=\"1 minute\" \/>\n<script type=\"application\/ld+json\" class=\"yoast-schema-graph\">{\"@context\":\"https:\\\/\\\/schema.org\",\"@graph\":[{\"@type\":\"WebPage\",\"@id\":\"https:\\\/\\\/spinwineracasino.com\\\/pl\\\/logowanie-i-rejestracja\\\/\",\"url\":\"https:\\\/\\\/spinwineracasino.com\\\/pl\\\/logowanie-i-rejestracja\\\/\",\"name\":\"SpinWinera Casino Bonus | Bonus Powitalny i Promocje\",\"isPartOf\":{\"@id\":\"https:\\\/\\\/spinwineracasino.com\\\/pl\\\/#website\"},\"datePublished\":\"2026-01-13T06:49:38+00:00\",\"dateModified\":\"2026-01-13T10:57:49+00:00\",\"description\":\"SpinWinera Casino Bonus \u2013 odbierz pakiet powitalny, bonusy do\u0142adowa\u0144 i darmowe spiny. Korzystaj z personalizowanych promocji i cotygodniowych nagr\u00f3d w Spin Winera.\",\"breadcrumb\":{\"@id\":\"https:\\\/\\\/spinwineracasino.com\\\/pl\\\/logowanie-i-rejestracja\\\/#breadcrumb\"},\"inLanguage\":\"pl-PL\",\"potentialAction\":[{\"@type\":\"ReadAction\",\"target\":[\"https:\\\/\\\/spinwineracasino.com\\\/pl\\\/logowanie-i-rejestracja\\\/\"]}]},{\"@type\":\"BreadcrumbList\",\"@id\":\"https:\\\/\\\/spinwineracasino.com\\\/pl\\\/logowanie-i-rejestracja\\\/#breadcrumb\",\"itemListElement\":[{\"@type\":\"ListItem\",\"position\":1,\"name\":\"Spinwinera\",\"item\":\"https:\\\/\\\/spinwineracasino.com\\\/pl\\\/\"},{\"@type\":\"ListItem\",\"position\":2,\"name\":\"Logowanie i rejestracja\"}]},{\"@type\":\"WebSite\",\"@id\":\"https:\\\/\\\/spinwineracasino.com\\\/pl\\\/#website\",\"url\":\"https:\\\/\\\/spinwineracasino.com\\\/pl\\\/\",\"name\":\"Spinwinera\",\"description\":\"\",\"publisher\":{\"@id\":\"https:\\\/\\\/spinwineracasino.com\\\/pl\\\/#organization\"},\"potentialAction\":[{\"@type\":\"SearchAction\",\"target\":{\"@type\":\"EntryPoint\",\"urlTemplate\":\"https:\\\/\\\/spinwineracasino.com\\\/pl\\\/?s={search_term_string}\"},\"query-input\":{\"@type\":\"PropertyValueSpecification\",\"valueRequired\":true,\"valueName\":\"search_term_string\"}}],\"inLanguage\":\"pl-PL\"},{\"@type\":\"Organization\",\"@id\":\"https:\\\/\\\/spinwineracasino.com\\\/pl\\\/#organization\",\"name\":\"Spinwinera\",\"url\":\"https:\\\/\\\/spinwineracasino.com\\\/pl\\\/\",\"logo\":{\"@type\":\"ImageObject\",\"inLanguage\":\"pl-PL\",\"@id\":\"https:\\\/\\\/spinwineracasino.com\\\/pl\\\/#\\\/schema\\\/logo\\\/image\\\/\",\"url\":\"https:\\\/\\\/spinwineracasino.com\\\/wp-content\\\/uploads\\\/2025\\\/08\\\/80u1FaquEZeR6OUTeJCc.png\",\"contentUrl\":\"https:\\\/\\\/spinwineracasino.com\\\/wp-content\\\/uploads\\\/2025\\\/08\\\/80u1FaquEZeR6OUTeJCc.png\",\"width\":157,\"height\":30,\"caption\":\"Spinwinera\"},\"image\":{\"@id\":\"https:\\\/\\\/spinwineracasino.com\\\/pl\\\/#\\\/schema\\\/logo\\\/image\\\/\"}}]}<\/script>\n<!-- \/ Yoast SEO plugin. -->","yoast_head_json":{"title":"SpinWinera Casino Bonus | Bonus Powitalny i Promocje","description":"SpinWinera Casino Bonus \u2013 odbierz pakiet powitalny, bonusy do\u0142adowa\u0144 i darmowe spiny. Korzystaj z personalizowanych promocji i cotygodniowych nagr\u00f3d w Spin Winera.","robots":{"index":"index","follow":"follow","max-snippet":"max-snippet:-1","max-image-preview":"max-image-preview:large","max-video-preview":"max-video-preview:-1"},"canonical":"https:\/\/spinwineracasino.com\/pl\/logowanie-i-rejestracja\/","og_locale":"pl_PL","og_type":"article","og_title":"SpinWinera Casino Bonus | Bonus Powitalny i Promocje","og_description":"SpinWinera Casino Bonus \u2013 odbierz pakiet powitalny, bonusy do\u0142adowa\u0144 i darmowe spiny. Korzystaj z personalizowanych promocji i cotygodniowych nagr\u00f3d w Spin Winera.","og_url":"https:\/\/spinwineracasino.com\/pl\/logowanie-i-rejestracja\/","og_site_name":"spinwinera","article_modified_time":"2026-01-13T10:57:49+00:00","twitter_card":"summary_large_image","twitter_misc":{"Est. reading time":"1 minute"},"schema":{"@context":"https:\/\/schema.org","@graph":[{"@type":"WebPage","@id":"https:\/\/spinwineracasino.com\/pl\/logowanie-i-rejestracja\/","url":"https:\/\/spinwineracasino.com\/pl\/logowanie-i-rejestracja\/","name":"SpinWinera Casino Bonus | Bonus Powitalny i Promocje","isPartOf":{"@id":"https:\/\/spinwineracasino.com\/pl\/#website"},"datePublished":"2026-01-13T06:49:38+00:00","dateModified":"2026-01-13T10:57:49+00:00","description":"SpinWinera Casino Bonus \u2013 odbierz pakiet powitalny, bonusy do\u0142adowa\u0144 i darmowe spiny. Korzystaj z personalizowanych promocji i cotygodniowych nagr\u00f3d w Spin Winera.","breadcrumb":{"@id":"https:\/\/spinwineracasino.com\/pl\/logowanie-i-rejestracja\/#breadcrumb"},"inLanguage":"pl-PL","potentialAction":[{"@type":"ReadAction","target":["https:\/\/spinwineracasino.com\/pl\/logowanie-i-rejestracja\/"]}]},{"@type":"BreadcrumbList","@id":"https:\/\/spinwineracasino.com\/pl\/logowanie-i-rejestracja\/#breadcrumb","itemListElement":[{"@type":"ListItem","position":1,"name":"Spinwinera","item":"https:\/\/spinwineracasino.com\/pl\/"},{"@type":"ListItem","position":2,"name":"Logowanie i rejestracja"}]},{"@type":"WebSite","@id":"https:\/\/spinwineracasino.com\/pl\/#website","url":"https:\/\/spinwineracasino.com\/pl\/","name":"Spinwinera","description":"","publisher":{"@id":"https:\/\/spinwineracasino.com\/pl\/#organization"},"potentialAction":[{"@type":"SearchAction","target":{"@type":"EntryPoint","urlTemplate":"https:\/\/spinwineracasino.com\/pl\/?s={search_term_string}"},"query-input":{"@type":"PropertyValueSpecification","valueRequired":true,"valueName":"search_term_string"}}],"inLanguage":"pl-PL"},{"@type":"Organization","@id":"https:\/\/spinwineracasino.com\/pl\/#organization","name":"Spinwinera","url":"https:\/\/spinwineracasino.com\/pl\/","logo":{"@type":"ImageObject","inLanguage":"pl-PL","@id":"https:\/\/spinwineracasino.com\/pl\/#\/schema\/logo\/image\/","url":"https:\/\/spinwineracasino.com\/wp-content\/uploads\/2025\/08\/80u1FaquEZeR6OUTeJCc.png","contentUrl":"https:\/\/spinwineracasino.com\/wp-content\/uploads\/2025\/08\/80u1FaquEZeR6OUTeJCc.png","width":157,"height":30,"caption":"Spinwinera"},"image":{"@id":"https:\/\/spinwineracasino.com\/pl\/#\/schema\/logo\/image\/"}}]}},"_links":{"self":[{"href":"https:\/\/spinwineracasino.com\/pl\/wp-json\/wp\/v2\/pages\/1489","targetHints":{"allow":["GET"]}}],"collection":[{"href":"https:\/\/spinwineracasino.com\/pl\/wp-json\/wp\/v2\/pages"}],"about":[{"href":"https:\/\/spinwineracasino.com\/pl\/wp-json\/wp\/v2\/types\/page"}],"author":[{"embeddable":true,"href":"https:\/\/spinwineracasino.com\/pl\/wp-json\/wp\/v2\/users\/1"}],"replies":[{"embeddable":true,"href":"https:\/\/spinwineracasino.com\/pl\/wp-json\/wp\/v2\/comments?post=1489"}],"version-history":[{"count":2,"href":"https:\/\/spinwineracasino.com\/pl\/wp-json\/wp\/v2\/pages\/1489\/revisions"}],"predecessor-version":[{"id":1955,"href":"https:\/\/spinwineracasino.com\/pl\/wp-json\/wp\/v2\/pages\/1489\/revisions\/1955"}],"wp:attachment":[{"href":"https:\/\/spinwineracasino.com\/pl\/wp-json\/wp\/v2\/media?parent=1489"}],"curies":[{"name":"wp","href":"https:\/\/api.w.org\/{rel}","templated":true}]}}