{"id":1495,"date":"2026-01-13T06:34:45","date_gmt":"2026-01-13T06:34:45","guid":{"rendered":"https:\/\/spinwineracasino.com\/applicazione\/"},"modified":"2026-01-13T08:47:47","modified_gmt":"2026-01-13T08:47:47","slug":"app","status":"publish","type":"page","link":"https:\/\/spinwineracasino.com\/fr\/app\/","title":{"rendered":"App"},"content":{"rendered":"<h1>SpinWinera Application<\/h1>\n<p>La SpinWinera App offre les m\u00eames avantages que la version web principale de notre casino, mais permet une exp\u00e9rience de jeu plus pratique et une plus grande accessibilit\u00e9. Gr\u00e2ce \u00e0 elle, vous pouvez acc\u00e9der \u00e0 notre immense biblioth\u00e8que de plus de 6 000 machines \u00e0 sous en ligne, jeux avec croupier en direct et autres activit\u00e9s de jeu, m\u00eame lorsque vous \u00eates en d\u00e9placement.<\/p>\n<div class=\"banner-wrap\" aria-label=\"Banner\"><img src=\"https:\/\/spinwineracasino.com\/wp-content\/uploads\/2026\/01\/Spinwinera-bonus-desktop.webp\" class=\"w-100 d-none d-lg-block img-pc main-banner-img\" alt=\"Spinwinera bonus desktop\" fetchpriority=\"high\" decoding=\"async\"><img src=\"https:\/\/spinwineracasino.com\/wp-content\/uploads\/2026\/01\/Spinwinera-bonus-mobile.webp\" class=\"w-100 d-none d-md-block d-lg-none main-banner-img\" alt=\"Spinwinera bonus mobile\" fetchpriority=\"high\" decoding=\"async\"><img src=\"https:\/\/spinwineracasino.com\/wp-content\/uploads\/2026\/01\/Spinwinera-bonus-mobile.webp\" class=\"w-100 d-md-none\" alt=\"Spinwinera bonus mobile\" fetchpriority=\"high\" decoding=\"async\"><div class=\"banner-description\">\n<div class=\"banner-title\">Bonus de bienvenue<\/div>\n<p class=\"banner-header-title\">\u20ac1500<\/p>\n<div class=\"banner-header-AdditionalText\">+ 250 Tours gratuits<\/div>\n<button data-item=\"homepage_banner_link\" class=\"goto m-button m-gradient-border m-button--primary m-button--large banner-button btn-orange\">\n            <div class=\"m-button-content\">\n                <span>Inscrivez-vous d\u00e8s maintenant<\/span>\n                <span><\/span>\n            <\/div>\n        <\/button>\n<\/div>\n<div class=\"WelcomePack\">\n<p><img loading=\"lazy\" decoding=\"async\" class=\"alignnone size-full wp-image-1445\" src=\"https:\/\/spinwineracasino.com\/wp-content\/uploads\/2026\/01\/welcome-crown.svg\" alt=\"welcome crown\" width=\"25\" height=\"26\" \/><\/p>\n<div class=\"WelcomePack-Info\">Cashback hebdomadaire jusqu&rsquo;\u00e0 25 %<\/div>\n<p><img loading=\"lazy\" decoding=\"async\" class=\"alignnone size-full wp-image-1445\" src=\"https:\/\/spinwineracasino.com\/wp-content\/uploads\/2026\/01\/welcome-crown.svg\" alt=\"welcome crown\" width=\"25\" height=\"26\" \/><\/p>\n<\/div>\n<\/div>\n<h2>Application SpinWinera : Principales fonctionnalit\u00e9s<\/h2>\n<p>Le principal avantage de l&rsquo;application Spin Winera par rapport au site web est un acc\u00e8s beaucoup plus rapide \u00e0 votre compte de casino. Vous n&rsquo;avez pas besoin d&rsquo;ouvrir le navigateur \u00e0 plusieurs reprises, il vous suffit d&rsquo;appuyer sur l&rsquo;ic\u00f4ne de l&rsquo;application sur l&rsquo;\u00e9cran de votre t\u00e9l\u00e9phone pour commencer imm\u00e9diatement \u00e0 jouer \u00e0 vos jeux pr\u00e9f\u00e9r\u00e9s.<\/p>\n<p>La mobilit\u00e9 est un autre avantage \u00e9vident. Avec l&rsquo;application SpinWinera install\u00e9e sur votre t\u00e9l\u00e9phone ou votre tablette, vous n&rsquo;\u00eates plus limit\u00e9 \u00e0 jouer aux machines \u00e0 sous en ligne ou aux tables avec croupier en direct uniquement lorsque vous \u00eates chez vous, devant votre ordinateur. D\u00e9sormais, vous pouvez profiter d&rsquo;une v\u00e9ritable session de jeu m\u00eame lorsque vous vous rendez au travail ou que vous attendez votre vol \u00e0 l&rsquo;a\u00e9roport.<\/p>\n<p>Ainsi, notre application dispose des m\u00eames fonctionnalit\u00e9s que la version web de SpinWinera Casino. Mais en plus de cela, elle propose des notifications push qui vous tiennent inform\u00e9 des derni\u00e8res campagnes promotionnelles. N&rsquo;oubliez pas de les activer pour ne jamais manquer une chance de gagner de gros prix en argent, des tours gratuits et d&rsquo;autres bonus SpinWinera.<\/p>\n<table>\n<tbody>\n<tr>\n<td>Caract\u00e9ristiques principales<\/td>\n<td>Casino SpinWinera Site Web<\/td>\n<td>SpinWinera App<\/td>\n<\/tr>\n<tr>\n<td>Catalogue de jeux<\/td>\n<td>Plus de 6 000 jeux de machines \u00e0 sous et activit\u00e9s de casino en ligne.<\/td>\n<td>M\u00eames jeux avec des commandes tactiles mobiles.<\/td>\n<\/tr>\n<tr>\n<td>Fonctionnalit\u00e9s int\u00e9gr\u00e9es<\/td>\n<td>Menus bien structur\u00e9s, boutons de d\u00e9p\u00f4t et de retrait rapides, barre de recherche (pour les jeux et les fournisseurs de logiciels), Live Chat, etc.<\/td>\n<td>Les m\u00eames fonctionnalit\u00e9s disponibles + notifications push concernant les derni\u00e8res campagnes promotionnelles.<\/td>\n<\/tr>\n<tr>\n<td>S\u00e9curit\u00e9<\/td>\n<td>Vos donn\u00e9es sont prot\u00e9g\u00e9es \u00e0 l&rsquo;aide des derniers protocoles TLS, que nous mettons r\u00e9guli\u00e8rement \u00e0 jour.<\/td>\n<td>L&rsquo;application SpinWinera r\u00e9pond \u00e0 toutes les normes industrielles en mati\u00e8re de protection des donn\u00e9es.<\/td>\n<\/tr>\n<tr>\n<td>Accessibilit\u00e9<\/td>\n<td>Accessible via le navigateur de votre choix depuis n&rsquo;importe quel appareil.<\/td>\n<td>Disponible directement sur votre t\u00e9l\u00e9phone ou votre tablette.<\/td>\n<\/tr>\n<tr>\n<td>Mises \u00e0 jour<\/td>\n<td>Nous am\u00e9liorons r\u00e9guli\u00e8rement l&rsquo;interface de notre site Web et ajoutons r\u00e9guli\u00e8rement de nouveaux jeux \u00e0 notre catalogue.<\/td>\n<td>L&rsquo;application est mise \u00e0 jour automatiquement.<\/td>\n<\/tr>\n<tr>\n<td>Service client\u00e8le<\/td>\n<td>Notre \u00e9quipe d&rsquo;assistance est joignable par e-mail ou via le Live Chat.<\/td>\n<td>M\u00eames m\u00e9thodes, mais plus faciles \u00e0 utiliser.<\/td>\n<\/tr>\n<\/tbody>\n<\/table>\n<p><div class=\"scrollable-content-wrap my-5\"><div class=\"scrollable-content-inner\"><h2>Application SpinWinera pour Android OS<\/h2>\n<p>Notre application se pr\u00e9sente sous la forme d&rsquo;une application web progressive (PWA) qui sert de raccourci int\u00e9gr\u00e9 vers notre site web. Le principal avantage de ce format d&rsquo;application est que vous n&rsquo;avez pas besoin de t\u00e9l\u00e9charger de fichiers Spin Winera APK provenant de sources non v\u00e9rifi\u00e9es et de risquer d&rsquo;infecter vos appareils avec des logiciels malveillants dangereux. De plus, les PWA sont extr\u00eamement l\u00e9g\u00e8res, de sorte que l&rsquo;application SpinWinera occupera un espace m\u00e9moire minimal sur votre t\u00e9l\u00e9phone.<\/p>\n<p>Vous pouvez installer l&rsquo;application en quelques \u00e9tapes simples :<\/p>\n<ol>\n<li>Cliquez sur l&rsquo;ic\u00f4ne \u00e0 trois points \u00e0 c\u00f4t\u00e9 du lien vers notre site Web dans votre navigateur mobile.<\/li>\n<li>S\u00e9lectionnez l&rsquo;option \u00ab Ajouter \u00e0 l&rsquo;\u00e9cran d&rsquo;accueil \u00bb.<\/li>\n<li>Lancez le processus d&rsquo;installation.<\/li>\n<li>Rep\u00e9rez l&rsquo;ic\u00f4ne SpinWinera Casino sur votre \u00e9cran d&rsquo;accueil.<\/li>\n<li>Connectez-vous \u00e0 votre compte de casino mobile \u00e0 l&rsquo;aide de vos identifiants (ou cr\u00e9ez un nouveau compte si vous n&rsquo;en avez pas encore).<\/li>\n<\/ol>\n<p>Et voil\u00e0, votre appareil Android vous offre d\u00e9sormais un acc\u00e8s direct \u00e0 une exp\u00e9rience de jeu haut de gamme.<\/p>\n<p><img loading=\"lazy\" decoding=\"async\" src=\"https:\/\/spinwineracasino.com\/wp-content\/uploads\/2026\/01\/Spinwinera-Android-App.webp\" alt=\"Spinwinera Android App\" width=\"1248\" height=\"536\" \/><\/p>\n<\/div><\/div><div style=\"clear: both\"><\/div><div class=\"d-flex justify-content-center\"><button data-item=\"decouvrez_link\" data-group=\"website_links\" class=\"goto fw-bold rounded-pill btn btn-orange\" aria-label=\"T\u00e9l\u00e9chargez l&#039;application Spinwinera\" >T\u00e9l\u00e9chargez l&#039;application Spinwinera<\/button><\/div><div class=\"scrollable-content-wrap my-5\"><div class=\"scrollable-content-inner\"><h2>SpinWinera App pour appareils iOS<\/h2>\n<p>Les utilisateurs d&rsquo;iPhone et d&rsquo;iPad peuvent \u00e9galement profiter de notre application mobile. L\u00e0 encore, il vous suffit d&rsquo;ajouter l&rsquo;application SpinWinera \u00e0 votre \u00e9cran d&rsquo;accueil en suivant la proc\u00e9dure d\u00e9crite ci-dessus. Vous pourrez ensuite vous connecter rapidement \u00e0 votre compte sur votre appareil Apple et commencer imm\u00e9diatement \u00e0 jouer \u00e0 vos jeux de machines \u00e0 sous pr\u00e9f\u00e9r\u00e9s.<\/p>\n<p><img loading=\"lazy\" decoding=\"async\" src=\"https:\/\/spinwineracasino.com\/wp-content\/uploads\/2026\/01\/Spinwinera-iOS-App.webp\" alt=\"Spinwinera iOS App\" width=\"1248\" height=\"536\" \/><\/p>\n<\/div><\/div><div style=\"clear: both\"><\/div><div class=\"d-flex justify-content-center\"><button data-item=\"decouvrez_link\" data-group=\"website_links\" class=\"goto fw-bold rounded-pill btn btn-orange\" aria-label=\"T\u00e9l\u00e9charger Spinwinera\" >T\u00e9l\u00e9charger Spinwinera<\/button><\/div><div class=\"scrollable-content-wrap my-5\"><div class=\"scrollable-content-inner\"><h2>Spin Winera Casino : version bureau<\/h2>\n<p>La version principale de SpinWinera peut \u00eatre ouverte via le Web. En d&rsquo;autres termes, vous pouvez utiliser n&rsquo;importe quel navigateur Internet de votre choix sur votre ordinateur pour vous connecter \u00e0 votre compte et jouer dans notre casino. De plus, nous proposons une application de bureau distincte que vous pouvez installer sur Windows et qui peut \u00eatre t\u00e9l\u00e9charg\u00e9e depuis notre site web :<\/p>\n<ol>\n<li>Cliquez sur l&rsquo;ic\u00f4ne de t\u00e9l\u00e9chargement \u00e0 c\u00f4t\u00e9 du lien vers notre casino dans la barre d&rsquo;adresse de votre navigateur.<\/li>\n<li>Dans la fen\u00eatre contextuelle qui s&rsquo;ouvre, cliquez sur le bouton Installer.<\/li>\n<li>Une fois le t\u00e9l\u00e9chargement termin\u00e9, l&rsquo;ic\u00f4ne SpinWinera Casino appara\u00eetra sur votre bureau.<\/li>\n<\/ol>\n<p>La version de bureau de Spin Winera Casino et notre application mobile respectent toutes deux des normes strictes en mati\u00e8re de s\u00e9curit\u00e9 et d&rsquo;\u00e9quit\u00e9. Nous demandons \u00e0 nos joueurs de se soumettre \u00e0 un simple processus de v\u00e9rification d&rsquo;identit\u00e9 lors de leur premier retrait afin de garantir la l\u00e9galit\u00e9 des transactions financi\u00e8res et des activit\u00e9s de jeu. Et pour votre b\u00e9n\u00e9fice, nous utilisons des proc\u00e9dures de test v\u00e9rifi\u00e9es pour contr\u00f4ler minutieusement les g\u00e9n\u00e9rateurs de nombres al\u00e9atoires (RNG) dans tous les jeux propos\u00e9s sur notre plateforme. Vous pouvez donc \u00eatre assur\u00e9 que nos machines \u00e0 sous en ligne sont de v\u00e9ritables jeux de hasard.<\/p>\n<p><img loading=\"lazy\" decoding=\"async\" src=\"https:\/\/spinwineracasino.com\/wp-content\/uploads\/2026\/01\/Spinwinera-PC.webp\" alt=\"Spinwinera PC\" width=\"1248\" height=\"536\" \/><\/p>\n<\/div><\/div><div style=\"clear: both\"><\/div><div class=\"d-flex justify-content-center\"><button data-item=\"decouvrez_link\" data-group=\"website_links\" class=\"goto fw-bold rounded-pill btn btn-orange\" aria-label=\"T\u00e9l\u00e9chargez l&#039;application Spinwinera\" >T\u00e9l\u00e9chargez l&#039;application Spinwinera<\/button><\/div><div class=\"scrollable-content-wrap my-5\"><div class=\"scrollable-content-inner\"><h2>FAQ<\/h2>\n<h3>Quels jeux SpinWinera Casino sont disponibles dans l&rsquo;application ?<\/h3>\n<p>Gr\u00e2ce \u00e0 notre application, vous b\u00e9n\u00e9ficiez d&rsquo;un acc\u00e8s complet \u00e0 tous les jeux propos\u00e9s sur le site principal SpinWinera, notamment les machines \u00e0 sous en ligne, les activit\u00e9s de casino avec croupier en direct, les jeux crash, les jeux de table et bien plus encore. De plus, les jeux de casino mobiles int\u00e8grent des commandes tactiles et des \u00e9l\u00e9ments d&rsquo;interface dynamiques, offrant une exp\u00e9rience utilisateur plus pratique, quel que soit le type d&rsquo;appareil que vous utilisez.<\/p>\n<h3>Puis-je utiliser simultan\u00e9ment l&rsquo;application Spin Winera et la version Web ?<\/h3>\n<p>Vous n&rsquo;avez pas besoin de cr\u00e9er deux comptes distincts pour l&rsquo;application mobile et le site Web. Vous pouvez acc\u00e9der aux deux versions de notre casino \u00e0 l&rsquo;aide d&rsquo;un seul identifiant. Vos donn\u00e9es d&rsquo;activit\u00e9 sont automatiquement synchronis\u00e9es entre l&rsquo;application et le compte Web. Ainsi, quel que soit l&rsquo;endroit o\u00f9 vous d\u00e9cidez de jouer, dans l&rsquo;application ou dans le navigateur, les enregistrements de votre compte seront toujours identiques.<\/p>\n<h3>L&rsquo;application est-elle optimis\u00e9e pour les tablettes et les \u00e9crans plus grands ?<\/h3>\n<p>Spin Winera Casino dispose d&rsquo;une application adaptative, ce qui signifie que ses interfaces s&rsquo;adaptent automatiquement aux dimensions des \u00e9crans de tous les appareils mobiles que vous utilisez, qu&rsquo;il s&rsquo;agisse d&rsquo;un t\u00e9l\u00e9phone ou d&rsquo;une tablette. Cette technologie simple mais efficace vous permet de profiter au maximum de votre exp\u00e9rience de jeu, quel que soit le type d&rsquo;appareil que vous pr\u00e9f\u00e9rez.<\/p>\n<\/div><\/div><\/p>\n","protected":false},"excerpt":{"rendered":"<p>SpinWinera Application La SpinWinera App offre les m\u00eames avantages que la version web principale de notre casino, mais permet une exp\u00e9rience de jeu plus pratique et une plus grande accessibilit\u00e9. Gr\u00e2ce \u00e0 elle, vous pouvez acc\u00e9der \u00e0 notre immense biblioth\u00e8que de plus de 6 000 machines \u00e0 sous en ligne, jeux avec croupier en direct [&hellip;]<\/p>\n","protected":false},"author":1,"featured_media":0,"parent":0,"menu_order":0,"comment_status":"closed","ping_status":"closed","template":"template-builder.php","meta":{"_acf_changed":false,"inline_featured_image":false,"footnotes":""},"class_list":["post-1495","page","type-page","status-publish","hentry"],"acf":[],"yoast_head":"<!-- This site is optimized with the Yoast SEO plugin v27.3 - https:\/\/yoast.com\/product\/yoast-seo-wordpress\/ -->\n<title>SpinWinera App pour Mobile | iOS, Android<\/title>\n<meta name=\"description\" content=\"SpinWinera App \u2013 jouez \u00e0 vos jeux de casino pr\u00e9f\u00e9r\u00e9s sur iOS et Android avec des performances fluides et une synchronisation compl\u00e8te du compte. Acc\u00e9dez aux machines \u00e0 sous, tables et croupiers live sur Spin Winera.\" \/>\n<meta name=\"robots\" content=\"index, follow, max-snippet:-1, max-image-preview:large, max-video-preview:-1\" \/>\n<link rel=\"canonical\" href=\"https:\/\/spinwineracasino.com\/fr\/app\/\" \/>\n<meta property=\"og:locale\" content=\"fr_FR\" \/>\n<meta property=\"og:type\" content=\"article\" \/>\n<meta property=\"og:title\" content=\"SpinWinera App pour Mobile | iOS, Android\" \/>\n<meta property=\"og:description\" content=\"SpinWinera App \u2013 jouez \u00e0 vos jeux de casino pr\u00e9f\u00e9r\u00e9s sur iOS et Android avec des performances fluides et une synchronisation compl\u00e8te du compte. Acc\u00e9dez aux machines \u00e0 sous, tables et croupiers live sur Spin Winera.\" \/>\n<meta property=\"og:url\" content=\"https:\/\/spinwineracasino.com\/fr\/app\/\" \/>\n<meta property=\"og:site_name\" content=\"spinwinera\" \/>\n<meta property=\"article:modified_time\" content=\"2026-01-13T08:47:47+00:00\" \/>\n<meta name=\"twitter:card\" content=\"summary_large_image\" \/>\n<meta name=\"twitter:label1\" content=\"Dur\u00e9e de lecture estim\u00e9e\" \/>\n\t<meta name=\"twitter:data1\" content=\"3 minutes\" \/>\n<script type=\"application\/ld+json\" class=\"yoast-schema-graph\">{\"@context\":\"https:\\\/\\\/schema.org\",\"@graph\":[{\"@type\":\"WebPage\",\"@id\":\"https:\\\/\\\/spinwineracasino.com\\\/fr\\\/app\\\/\",\"url\":\"https:\\\/\\\/spinwineracasino.com\\\/fr\\\/app\\\/\",\"name\":\"SpinWinera App pour Mobile | iOS, Android\",\"isPartOf\":{\"@id\":\"https:\\\/\\\/spinwineracasino.com\\\/fr\\\/#website\"},\"datePublished\":\"2026-01-13T06:34:45+00:00\",\"dateModified\":\"2026-01-13T08:47:47+00:00\",\"description\":\"SpinWinera App \u2013 jouez \u00e0 vos jeux de casino pr\u00e9f\u00e9r\u00e9s sur iOS et Android avec des performances fluides et une synchronisation compl\u00e8te du compte. Acc\u00e9dez aux machines \u00e0 sous, tables et croupiers live sur Spin Winera.\",\"breadcrumb\":{\"@id\":\"https:\\\/\\\/spinwineracasino.com\\\/fr\\\/app\\\/#breadcrumb\"},\"inLanguage\":\"fr-FR\",\"potentialAction\":[{\"@type\":\"ReadAction\",\"target\":[\"https:\\\/\\\/spinwineracasino.com\\\/fr\\\/app\\\/\"]}]},{\"@type\":\"BreadcrumbList\",\"@id\":\"https:\\\/\\\/spinwineracasino.com\\\/fr\\\/app\\\/#breadcrumb\",\"itemListElement\":[{\"@type\":\"ListItem\",\"position\":1,\"name\":\"Spinwinera\",\"item\":\"https:\\\/\\\/spinwineracasino.com\\\/fr\\\/\"},{\"@type\":\"ListItem\",\"position\":2,\"name\":\"App\"}]},{\"@type\":\"WebSite\",\"@id\":\"https:\\\/\\\/spinwineracasino.com\\\/fr\\\/#website\",\"url\":\"https:\\\/\\\/spinwineracasino.com\\\/fr\\\/\",\"name\":\"Spinwinera\",\"description\":\"\",\"publisher\":{\"@id\":\"https:\\\/\\\/spinwineracasino.com\\\/fr\\\/#organization\"},\"potentialAction\":[{\"@type\":\"SearchAction\",\"target\":{\"@type\":\"EntryPoint\",\"urlTemplate\":\"https:\\\/\\\/spinwineracasino.com\\\/fr\\\/?s={search_term_string}\"},\"query-input\":{\"@type\":\"PropertyValueSpecification\",\"valueRequired\":true,\"valueName\":\"search_term_string\"}}],\"inLanguage\":\"fr-FR\"},{\"@type\":\"Organization\",\"@id\":\"https:\\\/\\\/spinwineracasino.com\\\/fr\\\/#organization\",\"name\":\"Spinwinera\",\"url\":\"https:\\\/\\\/spinwineracasino.com\\\/fr\\\/\",\"logo\":{\"@type\":\"ImageObject\",\"inLanguage\":\"fr-FR\",\"@id\":\"https:\\\/\\\/spinwineracasino.com\\\/fr\\\/#\\\/schema\\\/logo\\\/image\\\/\",\"url\":\"https:\\\/\\\/spinwineracasino.com\\\/wp-content\\\/uploads\\\/2025\\\/08\\\/80u1FaquEZeR6OUTeJCc.png\",\"contentUrl\":\"https:\\\/\\\/spinwineracasino.com\\\/wp-content\\\/uploads\\\/2025\\\/08\\\/80u1FaquEZeR6OUTeJCc.png\",\"width\":157,\"height\":30,\"caption\":\"Spinwinera\"},\"image\":{\"@id\":\"https:\\\/\\\/spinwineracasino.com\\\/fr\\\/#\\\/schema\\\/logo\\\/image\\\/\"}}]}<\/script>\n<!-- \/ Yoast SEO plugin. -->","yoast_head_json":{"title":"SpinWinera App pour Mobile | iOS, Android","description":"SpinWinera App \u2013 jouez \u00e0 vos jeux de casino pr\u00e9f\u00e9r\u00e9s sur iOS et Android avec des performances fluides et une synchronisation compl\u00e8te du compte. Acc\u00e9dez aux machines \u00e0 sous, tables et croupiers live sur Spin Winera.","robots":{"index":"index","follow":"follow","max-snippet":"max-snippet:-1","max-image-preview":"max-image-preview:large","max-video-preview":"max-video-preview:-1"},"canonical":"https:\/\/spinwineracasino.com\/fr\/app\/","og_locale":"fr_FR","og_type":"article","og_title":"SpinWinera App pour Mobile | iOS, Android","og_description":"SpinWinera App \u2013 jouez \u00e0 vos jeux de casino pr\u00e9f\u00e9r\u00e9s sur iOS et Android avec des performances fluides et une synchronisation compl\u00e8te du compte. Acc\u00e9dez aux machines \u00e0 sous, tables et croupiers live sur Spin Winera.","og_url":"https:\/\/spinwineracasino.com\/fr\/app\/","og_site_name":"spinwinera","article_modified_time":"2026-01-13T08:47:47+00:00","twitter_card":"summary_large_image","twitter_misc":{"Dur\u00e9e de lecture estim\u00e9e":"3 minutes"},"schema":{"@context":"https:\/\/schema.org","@graph":[{"@type":"WebPage","@id":"https:\/\/spinwineracasino.com\/fr\/app\/","url":"https:\/\/spinwineracasino.com\/fr\/app\/","name":"SpinWinera App pour Mobile | iOS, Android","isPartOf":{"@id":"https:\/\/spinwineracasino.com\/fr\/#website"},"datePublished":"2026-01-13T06:34:45+00:00","dateModified":"2026-01-13T08:47:47+00:00","description":"SpinWinera App \u2013 jouez \u00e0 vos jeux de casino pr\u00e9f\u00e9r\u00e9s sur iOS et Android avec des performances fluides et une synchronisation compl\u00e8te du compte. Acc\u00e9dez aux machines \u00e0 sous, tables et croupiers live sur Spin Winera.","breadcrumb":{"@id":"https:\/\/spinwineracasino.com\/fr\/app\/#breadcrumb"},"inLanguage":"fr-FR","potentialAction":[{"@type":"ReadAction","target":["https:\/\/spinwineracasino.com\/fr\/app\/"]}]},{"@type":"BreadcrumbList","@id":"https:\/\/spinwineracasino.com\/fr\/app\/#breadcrumb","itemListElement":[{"@type":"ListItem","position":1,"name":"Spinwinera","item":"https:\/\/spinwineracasino.com\/fr\/"},{"@type":"ListItem","position":2,"name":"App"}]},{"@type":"WebSite","@id":"https:\/\/spinwineracasino.com\/fr\/#website","url":"https:\/\/spinwineracasino.com\/fr\/","name":"Spinwinera","description":"","publisher":{"@id":"https:\/\/spinwineracasino.com\/fr\/#organization"},"potentialAction":[{"@type":"SearchAction","target":{"@type":"EntryPoint","urlTemplate":"https:\/\/spinwineracasino.com\/fr\/?s={search_term_string}"},"query-input":{"@type":"PropertyValueSpecification","valueRequired":true,"valueName":"search_term_string"}}],"inLanguage":"fr-FR"},{"@type":"Organization","@id":"https:\/\/spinwineracasino.com\/fr\/#organization","name":"Spinwinera","url":"https:\/\/spinwineracasino.com\/fr\/","logo":{"@type":"ImageObject","inLanguage":"fr-FR","@id":"https:\/\/spinwineracasino.com\/fr\/#\/schema\/logo\/image\/","url":"https:\/\/spinwineracasino.com\/wp-content\/uploads\/2025\/08\/80u1FaquEZeR6OUTeJCc.png","contentUrl":"https:\/\/spinwineracasino.com\/wp-content\/uploads\/2025\/08\/80u1FaquEZeR6OUTeJCc.png","width":157,"height":30,"caption":"Spinwinera"},"image":{"@id":"https:\/\/spinwineracasino.com\/fr\/#\/schema\/logo\/image\/"}}]}},"_links":{"self":[{"href":"https:\/\/spinwineracasino.com\/fr\/wp-json\/wp\/v2\/pages\/1495","targetHints":{"allow":["GET"]}}],"collection":[{"href":"https:\/\/spinwineracasino.com\/fr\/wp-json\/wp\/v2\/pages"}],"about":[{"href":"https:\/\/spinwineracasino.com\/fr\/wp-json\/wp\/v2\/types\/page"}],"author":[{"embeddable":true,"href":"https:\/\/spinwineracasino.com\/fr\/wp-json\/wp\/v2\/users\/1"}],"replies":[{"embeddable":true,"href":"https:\/\/spinwineracasino.com\/fr\/wp-json\/wp\/v2\/comments?post=1495"}],"version-history":[{"count":2,"href":"https:\/\/spinwineracasino.com\/fr\/wp-json\/wp\/v2\/pages\/1495\/revisions"}],"predecessor-version":[{"id":1751,"href":"https:\/\/spinwineracasino.com\/fr\/wp-json\/wp\/v2\/pages\/1495\/revisions\/1751"}],"wp:attachment":[{"href":"https:\/\/spinwineracasino.com\/fr\/wp-json\/wp\/v2\/media?parent=1495"}],"curies":[{"name":"wp","href":"https:\/\/api.w.org\/{rel}","templated":true}]}}