{"id":1486,"date":"2026-01-13T06:49:38","date_gmt":"2026-01-13T06:49:38","guid":{"rendered":"https:\/\/spinwineracasino.com\/accesso-e-registrazione\/"},"modified":"2026-01-13T08:52:11","modified_gmt":"2026-01-13T08:52:11","slug":"connexion-et-inscription","status":"publish","type":"page","link":"https:\/\/spinwineracasino.com\/fr\/connexion-et-inscription\/","title":{"rendered":"Connexion et inscription"},"content":{"rendered":"<h1>SpinWinera Login et Inscription<\/h1>\n<p>Le processus de SpinWinera login est incroyablement simple. Vous pouvez cr\u00e9er votre compte de casino en quelques clics seulement et acc\u00e9der instantan\u00e9ment \u00e0 notre riche biblioth\u00e8que d&rsquo;options de jeu et de bonus.<\/p>\n<p>Le plus int\u00e9ressant : aucune v\u00e9rification d&rsquo;identit\u00e9 initiale n&rsquo;est requise, seulement quelques informations g\u00e9n\u00e9rales vous concernant. De plus, une fois connect\u00e9, vous pouvez commencer votre exp\u00e9rience de casino en d\u00e9couvrant de nombreux jeux en mode d\u00e9mo, sans miser d&rsquo;argent r\u00e9el dans un premier temps.<\/p>\n<p><div class=\"banner-wrap\" aria-label=\"Banner\"><img src=\"https:\/\/spinwineracasino.com\/wp-content\/uploads\/2026\/01\/Spinwinera-bonus-desktop.webp\" class=\"w-100 d-none d-lg-block img-pc main-banner-img\" alt=\"Spinwinera bonus desktop\" fetchpriority=\"high\" decoding=\"async\"><img src=\"https:\/\/spinwineracasino.com\/wp-content\/uploads\/2026\/01\/Spinwinera-bonus-mobile.webp\" class=\"w-100 d-none d-md-block d-lg-none main-banner-img\" alt=\"Spinwinera bonus mobile\" fetchpriority=\"high\" decoding=\"async\"><img src=\"https:\/\/spinwineracasino.com\/wp-content\/uploads\/2026\/01\/Spinwinera-bonus-mobile.webp\" class=\"w-100 d-md-none\" alt=\"Spinwinera bonus mobile\" fetchpriority=\"high\" decoding=\"async\"><div class=\"banner-description\">\n<div class=\"banner-title\">Bonus de bienvenue<\/div>\n<p class=\"banner-header-title\">\u20ac1500<\/p>\n<div class=\"banner-header-AdditionalText\">+ 250 Tours gratuits<\/div>\n<button data-item=\"homepage_banner_link\" class=\"goto m-button m-gradient-border m-button--primary m-button--large banner-button btn-orange\">\n            <div class=\"m-button-content\">\n                <span>Inscrivez-vous d\u00e8s maintenant<\/span>\n                <span><\/span>\n            <\/div>\n        <\/button>\n<\/div>\n<div class=\"WelcomePack\">\n<p><img loading=\"lazy\" decoding=\"async\" class=\"alignnone size-full wp-image-1445\" src=\"https:\/\/spinwineracasino.com\/wp-content\/uploads\/2026\/01\/welcome-crown.svg\" alt=\"welcome crown\" width=\"25\" height=\"26\" \/><\/p>\n<div class=\"WelcomePack-Info\">Cashback hebdomadaire jusqu&rsquo;\u00e0 25 %<\/div>\n<p><img loading=\"lazy\" decoding=\"async\" class=\"alignnone size-full wp-image-1445\" src=\"https:\/\/spinwineracasino.com\/wp-content\/uploads\/2026\/01\/welcome-crown.svg\" alt=\"welcome crown\" width=\"25\" height=\"26\" \/><\/p>\n<\/div>\n<\/div><div class=\"scrollable-content-wrap my-5\"><div class=\"scrollable-content-inner\"><h2>SpinWinera proc\u00e9dure d&rsquo;inscription<\/h2>\n<p>Pour vous inscrire sur SpinWinera, vous devez \u00eatre \u00e2g\u00e9 de plus de 18 ans et r\u00e9sider dans un pays o\u00f9 nos services de casino sont pris en charge. La proc\u00e9dure d&rsquo;inscription est la suivante :<\/p>\n<ol>\n<li>Utilisez le bouton S&rsquo;inscrire situ\u00e9 dans le coin sup\u00e9rieur droit du site Web Spin Winera.<\/li>\n<li>Entrez votre adresse e-mail et cr\u00e9ez un mot de passe fort.<\/li>\n<li>Confirmer l&rsquo;inscription.<\/li>\n<li>Remplissez le reste de vos informations personnelles dans la fen\u00eatre contextuelle qui s&rsquo;ouvre (c&rsquo;est-\u00e0-dire votre nom, votre date de naissance et votre num\u00e9ro de t\u00e9l\u00e9phone).<\/li>\n<\/ol>\n<p>Ensuite, vous serez automatiquement redirig\u00e9 vers votre compte Spin Winera et pourrez commencer \u00e0 explorer notre casino sans attendre. D\u00e9sormais, toutes vos informations relatives aux jeux d&rsquo;argent seront stock\u00e9es de mani\u00e8re pratique en un seul endroit et seront faciles \u00e0 g\u00e9rer, que ce soit sur le web ou dans l&rsquo;application mobile.<\/p>\n<h3>Modification des donn\u00e9es personnelles dans votre compte Spin Winera<\/h3>\n<p>Vous pouvez modifier certaines informations personnelles dans votre profil de casino. Il vous suffit de cliquer sur le bouton Modifier les donn\u00e9es personnelles sur la page principale du profil et de choisir le type d&rsquo;informations que vous souhaitez modifier : nom d&rsquo;utilisateur, pr\u00e9nom et nom, coordonn\u00e9es, sexe, etc.<\/p>\n<p>Veuillez noter qu&rsquo;il est impossible de modifier votre date de naissance sans l&rsquo;aide de notre \u00e9quipe d&rsquo;assistance. Veillez donc \u00e0 indiquer les donn\u00e9es correctes lors de la cr\u00e9ation de votre compte SpinWinera.<\/p>\n<h2>SpinWinera login \u00e9tapes<\/h2>\n<p>Pour vous connecter \u00e0 un compte d\u00e9j\u00e0 cr\u00e9\u00e9, utilisez le bouton Connexion SpinWinera sur le site Web ou dans l&rsquo;application et saisissez les identifiants indiqu\u00e9s pr\u00e9c\u00e9demment. Si l&rsquo;authentification \u00e0 deux facteurs est activ\u00e9e dans les param\u00e8tres de votre compte, vous devez \u00e9galement saisir un code de s\u00e9curit\u00e9 lors de la connexion.<\/p>\n<p>Apr\u00e8s vous \u00eatre connect\u00e9 \u00e0 votre compte SpinWinera Casino, vous pouvez profiter de nombreuses opportunit\u00e9s de jeu passionnantes :<\/p>\n<ul>\n<li>Vous pouvez essayer nos machines \u00e0 sous en ligne et d&rsquo;autres jeux en mode d\u00e9mo pour vous faire une id\u00e9e avant de miser de l&rsquo;argent r\u00e9el.<\/li>\n<li>Recevez votre premi\u00e8re partie du bonus de bienvenue d\u00e8s votre premier d\u00e9p\u00f4t.<\/li>\n<li>D\u00e9couvrez ou participez \u00e0 des campagnes promotionnelles personnalis\u00e9es et saisissez votre chance de remporter de superbes prix.<\/li>\n<li>Obtenez des r\u00e9compenses suppl\u00e9mentaires en suivant la proc\u00e9dure de v\u00e9rification par t\u00e9l\u00e9phone et par e-mail.<\/li>\n<\/ul>\n<p>Vous avez \u00e9galement acc\u00e8s \u00e0 l&rsquo;historique complet de vos activit\u00e9s de jeu et des transactions effectu\u00e9es sur SpinWinera Casino.<\/p>\n<h3>Casino SpinWinera v\u00e9rification<\/h3>\n<p>Lorsque vous cr\u00e9ez votre compte Spin Winera ou effectuez des d\u00e9p\u00f4ts, vous n&rsquo;\u00eates pas tenu de prouver votre identit\u00e9. Nous demandons uniquement \u00e0 nos joueurs de casino de se soumettre \u00e0 une proc\u00e9dure de v\u00e9rification standard lors de leur premier retrait d&rsquo;argent.<\/p>\n<p>Au cours de ce processus, vous devrez nous fournir des copies de vos pi\u00e8ces d&rsquo;identit\u00e9 (par exemple, passeport, permis de conduire, etc.), de vos factures de services publics et de la carte de cr\u00e9dit utilis\u00e9e pour effectuer le retrait. La proc\u00e9dure de v\u00e9rification compl\u00e8te prend environ 24 heures et n&rsquo;est pas r\u00e9p\u00e9t\u00e9e lors des demandes de retrait suivantes. Elle n&rsquo;est effectu\u00e9e qu&rsquo;une seule fois.<\/p>\n<h2>Acc\u00e8s au compte<\/h2>\n<p>Vous pouvez vous connecter \u00e0 votre compte Spin Winera soit via la plateforme web principale, soit depuis nos applications mobiles et de bureau. Les informations de votre compte sont automatiquement synchronis\u00e9es entre les diff\u00e9rents appareils. Ainsi, m\u00eame si vous passez constamment de votre t\u00e9l\u00e9phone \u00e0 votre ordinateur pour parier sur des \u00e9v\u00e9nements sportifs ou jouer aux machines \u00e0 sous sur SpinWinera Casino, votre historique personnel sera toujours identique sur le site web et dans l&rsquo;application mobile.<\/p>\n<h2>FAQ<\/h2>\n<h3>Que dois-je faire si mon compte a \u00e9t\u00e9 temporairement bloqu\u00e9 ?<\/h3>\n<p>Nous bloquons les comptes des joueurs uniquement pour les raisons suivantes : trop de tentatives de connexion infructueuses, activit\u00e9 suspecte ou violation de notre politique. Dans le premier cas, nous vous recommandons d&rsquo;attendre un certain temps avant de r\u00e9essayer de vous connecter. Si vous avez oubli\u00e9 votre mot de passe, cliquez sur le bouton \u00ab Mot de passe oubli\u00e9? \u00bb lors du processus de connexion \u00e0 SpinWinera et cr\u00e9ez-en un nouveau. Si vous ne savez pas pourquoi votre compte est bloqu\u00e9, n&rsquo;h\u00e9sitez pas \u00e0 contacter notre \u00e9quipe d&rsquo;assistance via le Live Chat.<\/p>\n<h3>Comment puis-je prot\u00e9ger mon compte contre tout acc\u00e8s non autoris\u00e9 ?<\/h3>\n<p>Tout d&rsquo;abord, ne communiquez jamais vos identifiants et mots de passe \u00e0 des tiers. Ensuite, veillez \u00e0 vous d\u00e9connecter de votre compte de casino apr\u00e8s avoir jou\u00e9 sur l&rsquo;appareil d&rsquo;une autre personne. Il est \u00e9galement essentiel d&rsquo;avoir un mot de passe fort et unique, et de le mettre \u00e0 jour tous les trois mois environ. De cette fa\u00e7on, le risque d&rsquo;acc\u00e8s non autoris\u00e9 diminue consid\u00e9rablement. Si vous rencontrez des probl\u00e8mes d&rsquo;acc\u00e8s non autoris\u00e9, n&rsquo;h\u00e9sitez pas \u00e0 contacter imm\u00e9diatement notre \u00e9quipe d&rsquo;assistance multilingue.<\/p>\n<h3>Est-il s\u00fbr d&rsquo;enregistrer mes identifiants de connexion dans le navigateur ou l&rsquo;application ?<\/h3>\n<p>Oui, si vous acc\u00e9dez \u00e0 SpinWinera Casino depuis votre appareil personnel qui n&rsquo;est utilis\u00e9 par personne d&rsquo;autre. Cependant, si vous partagez vos appareils avec d&rsquo;autres personnes, y compris des membres de votre famille, il est pr\u00e9f\u00e9rable de ne pas enregistrer vos informations de connexion sur le site web ou dans l&rsquo;application.<\/p>\n<\/div><\/div><\/p>\n","protected":false},"excerpt":{"rendered":"<p>SpinWinera Login et Inscription Le processus de SpinWinera login est incroyablement simple. Vous pouvez cr\u00e9er votre compte de casino en quelques clics seulement et acc\u00e9der instantan\u00e9ment \u00e0 notre riche biblioth\u00e8que d&rsquo;options de jeu et de bonus. Le plus int\u00e9ressant : aucune v\u00e9rification d&rsquo;identit\u00e9 initiale n&rsquo;est requise, seulement quelques informations g\u00e9n\u00e9rales vous concernant. De plus, une [&hellip;]<\/p>\n","protected":false},"author":1,"featured_media":0,"parent":0,"menu_order":0,"comment_status":"closed","ping_status":"closed","template":"template-builder.php","meta":{"_acf_changed":false,"inline_featured_image":false,"footnotes":""},"class_list":["post-1486","page","type-page","status-publish","hentry"],"acf":[],"yoast_head":"<!-- This site is optimized with the Yoast SEO plugin v27.3 - https:\/\/yoast.com\/product\/yoast-seo-wordpress\/ -->\n<title>SpinWinera Casino Bonus | Offres de Bienvenue et Promotions<\/title>\n<meta name=\"description\" content=\"SpinWinera Casino Bonus \u2013 obtenez votre pack de bienvenue, vos bonus de recharge et des tours gratuits exclusifs. Profitez de promotions personnalis\u00e9es et de r\u00e9compenses hebdomadaires sur Spin Winera.\" \/>\n<meta name=\"robots\" content=\"index, follow, max-snippet:-1, max-image-preview:large, max-video-preview:-1\" \/>\n<link rel=\"canonical\" href=\"https:\/\/spinwineracasino.com\/fr\/connexion-et-inscription\/\" \/>\n<meta property=\"og:locale\" content=\"fr_FR\" \/>\n<meta property=\"og:type\" content=\"article\" \/>\n<meta property=\"og:title\" content=\"SpinWinera Casino Bonus | Offres de Bienvenue et Promotions\" \/>\n<meta property=\"og:description\" content=\"SpinWinera Casino Bonus \u2013 obtenez votre pack de bienvenue, vos bonus de recharge et des tours gratuits exclusifs. Profitez de promotions personnalis\u00e9es et de r\u00e9compenses hebdomadaires sur Spin Winera.\" \/>\n<meta property=\"og:url\" content=\"https:\/\/spinwineracasino.com\/fr\/connexion-et-inscription\/\" \/>\n<meta property=\"og:site_name\" content=\"spinwinera\" \/>\n<meta property=\"article:modified_time\" content=\"2026-01-13T08:52:11+00:00\" \/>\n<meta name=\"twitter:card\" content=\"summary_large_image\" \/>\n<meta name=\"twitter:label1\" content=\"Dur\u00e9e de lecture estim\u00e9e\" \/>\n\t<meta name=\"twitter:data1\" content=\"1 minute\" \/>\n<script type=\"application\/ld+json\" class=\"yoast-schema-graph\">{\"@context\":\"https:\\\/\\\/schema.org\",\"@graph\":[{\"@type\":\"WebPage\",\"@id\":\"https:\\\/\\\/spinwineracasino.com\\\/fr\\\/connexion-et-inscription\\\/\",\"url\":\"https:\\\/\\\/spinwineracasino.com\\\/fr\\\/connexion-et-inscription\\\/\",\"name\":\"SpinWinera Casino Bonus | Offres de Bienvenue et Promotions\",\"isPartOf\":{\"@id\":\"https:\\\/\\\/spinwineracasino.com\\\/fr\\\/#website\"},\"datePublished\":\"2026-01-13T06:49:38+00:00\",\"dateModified\":\"2026-01-13T08:52:11+00:00\",\"description\":\"SpinWinera Casino Bonus \u2013 obtenez votre pack de bienvenue, vos bonus de recharge et des tours gratuits exclusifs. Profitez de promotions personnalis\u00e9es et de r\u00e9compenses hebdomadaires sur Spin Winera.\",\"breadcrumb\":{\"@id\":\"https:\\\/\\\/spinwineracasino.com\\\/fr\\\/connexion-et-inscription\\\/#breadcrumb\"},\"inLanguage\":\"fr-FR\",\"potentialAction\":[{\"@type\":\"ReadAction\",\"target\":[\"https:\\\/\\\/spinwineracasino.com\\\/fr\\\/connexion-et-inscription\\\/\"]}]},{\"@type\":\"BreadcrumbList\",\"@id\":\"https:\\\/\\\/spinwineracasino.com\\\/fr\\\/connexion-et-inscription\\\/#breadcrumb\",\"itemListElement\":[{\"@type\":\"ListItem\",\"position\":1,\"name\":\"Spinwinera\",\"item\":\"https:\\\/\\\/spinwineracasino.com\\\/fr\\\/\"},{\"@type\":\"ListItem\",\"position\":2,\"name\":\"Connexion et inscription\"}]},{\"@type\":\"WebSite\",\"@id\":\"https:\\\/\\\/spinwineracasino.com\\\/fr\\\/#website\",\"url\":\"https:\\\/\\\/spinwineracasino.com\\\/fr\\\/\",\"name\":\"Spinwinera\",\"description\":\"\",\"publisher\":{\"@id\":\"https:\\\/\\\/spinwineracasino.com\\\/fr\\\/#organization\"},\"potentialAction\":[{\"@type\":\"SearchAction\",\"target\":{\"@type\":\"EntryPoint\",\"urlTemplate\":\"https:\\\/\\\/spinwineracasino.com\\\/fr\\\/?s={search_term_string}\"},\"query-input\":{\"@type\":\"PropertyValueSpecification\",\"valueRequired\":true,\"valueName\":\"search_term_string\"}}],\"inLanguage\":\"fr-FR\"},{\"@type\":\"Organization\",\"@id\":\"https:\\\/\\\/spinwineracasino.com\\\/fr\\\/#organization\",\"name\":\"Spinwinera\",\"url\":\"https:\\\/\\\/spinwineracasino.com\\\/fr\\\/\",\"logo\":{\"@type\":\"ImageObject\",\"inLanguage\":\"fr-FR\",\"@id\":\"https:\\\/\\\/spinwineracasino.com\\\/fr\\\/#\\\/schema\\\/logo\\\/image\\\/\",\"url\":\"https:\\\/\\\/spinwineracasino.com\\\/wp-content\\\/uploads\\\/2025\\\/08\\\/80u1FaquEZeR6OUTeJCc.png\",\"contentUrl\":\"https:\\\/\\\/spinwineracasino.com\\\/wp-content\\\/uploads\\\/2025\\\/08\\\/80u1FaquEZeR6OUTeJCc.png\",\"width\":157,\"height\":30,\"caption\":\"Spinwinera\"},\"image\":{\"@id\":\"https:\\\/\\\/spinwineracasino.com\\\/fr\\\/#\\\/schema\\\/logo\\\/image\\\/\"}}]}<\/script>\n<!-- \/ Yoast SEO plugin. -->","yoast_head_json":{"title":"SpinWinera Casino Bonus | Offres de Bienvenue et Promotions","description":"SpinWinera Casino Bonus \u2013 obtenez votre pack de bienvenue, vos bonus de recharge et des tours gratuits exclusifs. Profitez de promotions personnalis\u00e9es et de r\u00e9compenses hebdomadaires sur Spin Winera.","robots":{"index":"index","follow":"follow","max-snippet":"max-snippet:-1","max-image-preview":"max-image-preview:large","max-video-preview":"max-video-preview:-1"},"canonical":"https:\/\/spinwineracasino.com\/fr\/connexion-et-inscription\/","og_locale":"fr_FR","og_type":"article","og_title":"SpinWinera Casino Bonus | Offres de Bienvenue et Promotions","og_description":"SpinWinera Casino Bonus \u2013 obtenez votre pack de bienvenue, vos bonus de recharge et des tours gratuits exclusifs. Profitez de promotions personnalis\u00e9es et de r\u00e9compenses hebdomadaires sur Spin Winera.","og_url":"https:\/\/spinwineracasino.com\/fr\/connexion-et-inscription\/","og_site_name":"spinwinera","article_modified_time":"2026-01-13T08:52:11+00:00","twitter_card":"summary_large_image","twitter_misc":{"Dur\u00e9e de lecture estim\u00e9e":"1 minute"},"schema":{"@context":"https:\/\/schema.org","@graph":[{"@type":"WebPage","@id":"https:\/\/spinwineracasino.com\/fr\/connexion-et-inscription\/","url":"https:\/\/spinwineracasino.com\/fr\/connexion-et-inscription\/","name":"SpinWinera Casino Bonus | Offres de Bienvenue et Promotions","isPartOf":{"@id":"https:\/\/spinwineracasino.com\/fr\/#website"},"datePublished":"2026-01-13T06:49:38+00:00","dateModified":"2026-01-13T08:52:11+00:00","description":"SpinWinera Casino Bonus \u2013 obtenez votre pack de bienvenue, vos bonus de recharge et des tours gratuits exclusifs. Profitez de promotions personnalis\u00e9es et de r\u00e9compenses hebdomadaires sur Spin Winera.","breadcrumb":{"@id":"https:\/\/spinwineracasino.com\/fr\/connexion-et-inscription\/#breadcrumb"},"inLanguage":"fr-FR","potentialAction":[{"@type":"ReadAction","target":["https:\/\/spinwineracasino.com\/fr\/connexion-et-inscription\/"]}]},{"@type":"BreadcrumbList","@id":"https:\/\/spinwineracasino.com\/fr\/connexion-et-inscription\/#breadcrumb","itemListElement":[{"@type":"ListItem","position":1,"name":"Spinwinera","item":"https:\/\/spinwineracasino.com\/fr\/"},{"@type":"ListItem","position":2,"name":"Connexion et inscription"}]},{"@type":"WebSite","@id":"https:\/\/spinwineracasino.com\/fr\/#website","url":"https:\/\/spinwineracasino.com\/fr\/","name":"Spinwinera","description":"","publisher":{"@id":"https:\/\/spinwineracasino.com\/fr\/#organization"},"potentialAction":[{"@type":"SearchAction","target":{"@type":"EntryPoint","urlTemplate":"https:\/\/spinwineracasino.com\/fr\/?s={search_term_string}"},"query-input":{"@type":"PropertyValueSpecification","valueRequired":true,"valueName":"search_term_string"}}],"inLanguage":"fr-FR"},{"@type":"Organization","@id":"https:\/\/spinwineracasino.com\/fr\/#organization","name":"Spinwinera","url":"https:\/\/spinwineracasino.com\/fr\/","logo":{"@type":"ImageObject","inLanguage":"fr-FR","@id":"https:\/\/spinwineracasino.com\/fr\/#\/schema\/logo\/image\/","url":"https:\/\/spinwineracasino.com\/wp-content\/uploads\/2025\/08\/80u1FaquEZeR6OUTeJCc.png","contentUrl":"https:\/\/spinwineracasino.com\/wp-content\/uploads\/2025\/08\/80u1FaquEZeR6OUTeJCc.png","width":157,"height":30,"caption":"Spinwinera"},"image":{"@id":"https:\/\/spinwineracasino.com\/fr\/#\/schema\/logo\/image\/"}}]}},"_links":{"self":[{"href":"https:\/\/spinwineracasino.com\/fr\/wp-json\/wp\/v2\/pages\/1486","targetHints":{"allow":["GET"]}}],"collection":[{"href":"https:\/\/spinwineracasino.com\/fr\/wp-json\/wp\/v2\/pages"}],"about":[{"href":"https:\/\/spinwineracasino.com\/fr\/wp-json\/wp\/v2\/types\/page"}],"author":[{"embeddable":true,"href":"https:\/\/spinwineracasino.com\/fr\/wp-json\/wp\/v2\/users\/1"}],"replies":[{"embeddable":true,"href":"https:\/\/spinwineracasino.com\/fr\/wp-json\/wp\/v2\/comments?post=1486"}],"version-history":[{"count":2,"href":"https:\/\/spinwineracasino.com\/fr\/wp-json\/wp\/v2\/pages\/1486\/revisions"}],"predecessor-version":[{"id":1753,"href":"https:\/\/spinwineracasino.com\/fr\/wp-json\/wp\/v2\/pages\/1486\/revisions\/1753"}],"wp:attachment":[{"href":"https:\/\/spinwineracasino.com\/fr\/wp-json\/wp\/v2\/media?parent=1486"}],"curies":[{"name":"wp","href":"https:\/\/api.w.org\/{rel}","templated":true}]}}