{"id":1503,"date":"2026-01-13T06:34:45","date_gmt":"2026-01-13T06:34:45","guid":{"rendered":"https:\/\/spinwineracasino.com\/applicazione\/"},"modified":"2026-01-13T11:25:17","modified_gmt":"2026-01-13T11:25:17","slug":"aplicacion","status":"publish","type":"page","link":"https:\/\/spinwineracasino.com\/es\/aplicacion\/","title":{"rendered":"Aplicaci\u00f3n"},"content":{"rendered":"<h1>Aplicaci\u00f3n SpinWinera<\/h1>\n<p>La SpinWinera App ofrece las mismas ventajas de juego online que la versi\u00f3n web principal de nuestro casino, pero permite una experiencia de juego m\u00e1s c\u00f3moda y una mayor accesibilidad. Con su ayuda, podr\u00e1s acceder a nuestra enorme biblioteca de m\u00e1s de 6000 tragamonedas online, juegos con crupier en vivo y otras actividades de juego, incluso mientras viajas.<\/p>\n<div class=\"banner-wrap\" aria-label=\"Banner\"><img src=\"https:\/\/spinwineracasino.com\/wp-content\/uploads\/2026\/01\/Spinwinera-bonus-desktop.webp\" class=\"w-100 d-none d-lg-block img-pc main-banner-img\" alt=\"Spinwinera bonus desktop\" fetchpriority=\"high\" decoding=\"async\"><img src=\"https:\/\/spinwineracasino.com\/wp-content\/uploads\/2026\/01\/Spinwinera-bonus-mobile.webp\" class=\"w-100 d-none d-md-block d-lg-none main-banner-img\" alt=\"Spinwinera bonus mobile\" fetchpriority=\"high\" decoding=\"async\"><img src=\"https:\/\/spinwineracasino.com\/wp-content\/uploads\/2026\/01\/Spinwinera-bonus-mobile.webp\" class=\"w-100 d-md-none\" alt=\"Spinwinera bonus mobile\" fetchpriority=\"high\" decoding=\"async\"><div class=\"banner-description\">\n<div class=\"banner-title\">Bonos de bienvenida<\/div>\n<p class=\"banner-header-title\">\u20ac1500<\/p>\n<div class=\"banner-header-AdditionalText\">+ 250 Tiradas gratis<\/div>\n<button data-item=\"homepage_banner_link\" class=\"goto m-button m-gradient-border m-button--primary m-button--large banner-button btn-orange\">\n            <div class=\"m-button-content\">\n                <span>Reg\u00edstrate ahora<\/span>\n                <span><\/span>\n            <\/div>\n        <\/button>\n<\/div>\n<div class=\"WelcomePack\">\n<p><img loading=\"lazy\" decoding=\"async\" class=\"alignnone size-full wp-image-1445\" src=\"https:\/\/spinwineracasino.com\/wp-content\/uploads\/2026\/01\/welcome-crown.svg\" alt=\"welcome crown\" width=\"25\" height=\"26\" \/><\/p>\n<div class=\"WelcomePack-Info\">Reembolso semanal de hasta el 25 %<\/div>\n<p><img loading=\"lazy\" decoding=\"async\" class=\"alignnone size-full wp-image-1445\" src=\"https:\/\/spinwineracasino.com\/wp-content\/uploads\/2026\/01\/welcome-crown.svg\" alt=\"welcome crown\" width=\"25\" height=\"26\" \/><\/p>\n<\/div>\n<\/div>\n<h2>SpinWinera App: Caracter\u00edsticas principales<\/h2>\n<p>La principal ventaja de la aplicaci\u00f3n Spin Winera sobre el sitio web es que permite acceder mucho m\u00e1s r\u00e1pido a tu cuenta del casino. No tienes que abrir el navegador una y otra vez, sino que basta con tocar el icono de la aplicaci\u00f3n en la pantalla de tu tel\u00e9fono para empezar a jugar a tus juegos favoritos de inmediato.<\/p>\n<p>La movilidad es otra ventaja evidente. Con la aplicaci\u00f3n SpinWinera instalada en tu tel\u00e9fono o tableta, ya no est\u00e1s limitado a jugar a las tragaperras online o a las mesas con crupier en vivo solo cuando est\u00e1s en casa, delante del ordenador. Ahora puedes disfrutar de una sesi\u00f3n de juego adecuada incluso cuando vas al trabajo o esperas un vuelo en el aeropuerto.<\/p>\n<p>Por lo tanto, nuestra aplicaci\u00f3n tiene las mismas funciones que la versi\u00f3n web de SpinWinera Casino. Adem\u00e1s, cuenta con notificaciones push que te mantienen al tanto de las \u00faltimas campa\u00f1as promocionales. Aseg\u00farate de activarlas para no perderte la oportunidad de ganar grandes premios monetarios, giros gratis y otros bonos de SpinWinera.<\/p>\n<table>\n<tbody>\n<tr>\n<td>Caracter\u00edsticas principales<\/td>\n<td>Casino SpinWinera Sitio web<\/td>\n<td>SpinWinera App<\/td>\n<\/tr>\n<tr>\n<td>Cat\u00e1logo de juegos<\/td>\n<td>M\u00e1s de 6000 juegos de tragamonedas y actividades de casino en l\u00ednea.<\/td>\n<td>Los mismos juegos con controles t\u00e1ctiles para m\u00f3viles.<\/td>\n<\/tr>\n<tr>\n<td>Funciones integradas<\/td>\n<td>Men\u00fas bien estructurados, botones r\u00e1pidos para dep\u00f3sitos y retiradas, barra de b\u00fasqueda (para juegos y proveedores de software), Live Chat, etc.<\/td>\n<td>Las mismas funciones disponibles + notificaciones push sobre las \u00faltimas campa\u00f1as promocionales.<\/td>\n<\/tr>\n<tr>\n<td>Seguridad<\/td>\n<td>Sus datos est\u00e1n protegidos mediante los \u00faltimos protocolos TLS, que actualizamos peri\u00f3dicamente.<\/td>\n<td>La aplicaci\u00f3n SpinWinera cumple con todos los est\u00e1ndares del sector en materia de protecci\u00f3n de datos.<\/td>\n<\/tr>\n<tr>\n<td>Accesibilidad<\/td>\n<td>Accesible a trav\u00e9s del navegador que prefieras desde cualquier dispositivo.<\/td>\n<td>Disponible directamente en tu tel\u00e9fono o tableta.<\/td>\n<\/tr>\n<tr>\n<td>Actualizaciones<\/td>\n<td>Mejoramos la interfaz de nuestro sitio web y a\u00f1adimos nuevos juegos al cat\u00e1logo con regularidad.<\/td>\n<td>La aplicaci\u00f3n se actualiza autom\u00e1ticamente.<\/td>\n<\/tr>\n<tr>\n<td>Atenci\u00f3n al cliente<\/td>\n<td>Puede ponerse en contacto con nuestro equipo de asistencia por correo electr\u00f3nico o Live Chat.<\/td>\n<td>Los mismos m\u00e9todos, pero m\u00e1s f\u00e1ciles de usar.<\/td>\n<\/tr>\n<\/tbody>\n<\/table>\n<p><div class=\"scrollable-content-wrap my-5\"><div class=\"scrollable-content-inner\"><h2>Aplicaci\u00f3n SpinWinera para Android OS<\/h2>\n<p>Nuestra aplicaci\u00f3n viene en forma de una aplicaci\u00f3n web progresiva (PWA) que sirve como un acceso directo integrado a nuestro sitio web. La ventaja clave de este formato de aplicaci\u00f3n es que no tienes que descargar ning\u00fan archivo Spin Winera APK de fuentes no verificadas y correr el riesgo de infectar tus dispositivos con malware peligroso. Adem\u00e1s, las PWA son extremadamente ligeras, por lo que la aplicaci\u00f3n SpinWinera ocupar\u00e1 un espacio m\u00ednimo en la memoria de tu tel\u00e9fono.<\/p>\n<p>Puedes instalar la aplicaci\u00f3n en unos sencillos pasos:<\/p>\n<ol>\n<li>Haga clic en el icono de tres puntos situado junto al enlace de nuestro sitio web en el navegador de su dispositivo m\u00f3vil.<\/li>\n<li>Selecciona la opci\u00f3n \u00abA\u00f1adir a la pantalla de inicio\u00bb.<\/li>\n<li>Inicie el proceso de instalaci\u00f3n.<\/li>\n<li>Busca el icono de SpinWinera Casino en tu pantalla de inicio.<\/li>\n<li>Inicie sesi\u00f3n en su cuenta de casino m\u00f3vil con sus credenciales (o cree una nueva cuenta si a\u00fan no tiene una).<\/li>\n<\/ol>\n<p>Eso es todo: tu dispositivo Android ahora es un atajo hacia una experiencia de juego de primera categor\u00eda.<\/p>\n<p><img loading=\"lazy\" decoding=\"async\" src=\"https:\/\/spinwineracasino.com\/wp-content\/uploads\/2026\/01\/Spinwinera-Android-App.webp\" alt=\"Spinwinera Android App\" width=\"1248\" height=\"536\" \/><\/p>\n<\/div><\/div><div style=\"clear: both\"><\/div><div class=\"d-flex justify-content-center\"><button data-item=\"decouvrez_link\" data-group=\"website_links\" class=\"goto fw-bold rounded-pill btn btn-orange\" aria-label=\"Descarga la aplicaci\u00f3n Spinwinera\" >Descarga la aplicaci\u00f3n Spinwinera<\/button><\/div><div class=\"scrollable-content-wrap my-5\"><div class=\"scrollable-content-inner\"><h2>Aplicaci\u00f3n SpinWinera para dispositivos iOS<\/h2>\n<p>Los usuarios de iPhone y iPad tambi\u00e9n pueden disfrutar de nuestra aplicaci\u00f3n m\u00f3vil. Una vez m\u00e1s, todo lo que tienes que hacer es a\u00f1adir la aplicaci\u00f3n SpinWinera a tu pantalla de inicio siguiendo los pasos descritos anteriormente. Despu\u00e9s, podr\u00e1s iniciar sesi\u00f3n r\u00e1pidamente en tu cuenta desde tu dispositivo Apple y empezar a jugar a tus tragamonedas favoritas de inmediato.<\/p>\n<p><img loading=\"lazy\" decoding=\"async\" src=\"https:\/\/spinwineracasino.com\/wp-content\/uploads\/2026\/01\/Spinwinera-iOS-App.webp\" alt=\"Spinwinera iOS App\" width=\"1248\" height=\"536\" \/><\/p>\n<\/div><\/div><div style=\"clear: both\"><\/div><div class=\"d-flex justify-content-center\"><button data-item=\"decouvrez_link\" data-group=\"website_links\" class=\"goto fw-bold rounded-pill btn btn-orange\" aria-label=\"Descargar Spinwinera\" >Descargar Spinwinera<\/button><\/div><div class=\"scrollable-content-wrap my-5\"><div class=\"scrollable-content-inner\"><h2>Spin Winera Casino: Versi\u00f3n para ordenador<\/h2>\n<p>La versi\u00f3n principal de SpinWinera se puede abrir a trav\u00e9s de la web. En otras palabras, puede utilizar cualquier navegador de Internet que prefiera en su ordenador para iniciar sesi\u00f3n en su cuenta y jugar en nuestro casino. Adem\u00e1s, tenemos una aplicaci\u00f3n de escritorio independiente que puede instalar en Windows y que se puede descargar desde nuestro sitio web:<\/p>\n<ol>\n<li>Haga clic en el icono de descarga junto al enlace de nuestro casino en la barra de direcciones de su navegador.<\/li>\n<li>En la ventana emergente que se abre, haga clic en el bot\u00f3n Instalar.<\/li>\n<li>Una vez finalizada la descarga, aparecer\u00e1 el icono SpinWinera Casino en tu escritorio.<\/li>\n<\/ol>\n<p>Tanto la versi\u00f3n de escritorio de Spin Winera Casino como nuestra aplicaci\u00f3n m\u00f3vil cumplen con estrictas normas de seguridad y juego limpio. Pedimos a nuestros jugadores que se sometan a un sencillo proceso de verificaci\u00f3n de identidad en su primer retiro de fondos para mantener unas transacciones financieras y unas actividades de juego legalmente s\u00f3lidas. Y, para su beneficio, utilizamos procedimientos de prueba verificados para comprobar minuciosamente los generadores de n\u00fameros aleatorios (RNG) en todos los juegos que aparecen en nuestra plataforma. Por lo tanto, puede estar seguro de que nuestras tragaperras online son juegos de azar reales.<\/p>\n<p><img loading=\"lazy\" decoding=\"async\" src=\"https:\/\/spinwineracasino.com\/wp-content\/uploads\/2026\/01\/Spinwinera-PC.webp\" alt=\"Spinwinera PC\" width=\"1248\" height=\"536\" \/><\/p>\n<\/div><\/div><div style=\"clear: both\"><\/div><div class=\"d-flex justify-content-center\"><button data-item=\"decouvrez_link\" data-group=\"website_links\" class=\"goto fw-bold rounded-pill btn btn-orange\" aria-label=\"Descarga la aplicaci\u00f3n Spinwinera\" >Descarga la aplicaci\u00f3n Spinwinera<\/button><\/div><div class=\"scrollable-content-wrap my-5\"><div class=\"scrollable-content-inner\"><h2>Preguntas frecuentes<\/h2>\n<h3>\u00bfQu\u00e9 juegos de SpinWinera Casino est\u00e1n disponibles en la aplicaci\u00f3n?<\/h3>\n<p>Con nuestra aplicaci\u00f3n, tendr\u00e1s acceso completo a todos los juegos que aparecen en la p\u00e1gina web principal de SpinWinera, incluyendo tragaperras online, actividades de casino con crupier en vivo, juegos crash, juegos de mesa y mucho m\u00e1s. Adem\u00e1s, los juegos de casino para m\u00f3viles cuentan con controles t\u00e1ctiles integrados y elementos de interfaz din\u00e1micos, lo que permite una experiencia de usuario m\u00e1s c\u00f3moda independientemente del tipo de dispositivo que utilices.<\/p>\n<h3>\u00bfPuedo utilizar la aplicaci\u00f3n Spin Winera y la versi\u00f3n web al mismo tiempo?<\/h3>\n<p>No es necesario crear dos cuentas separadas para la aplicaci\u00f3n m\u00f3vil y el sitio web. En su lugar, acceda a ambas versiones de nuestro casino utilizando un \u00fanico conjunto de credenciales. Sus datos de actividad se sincronizan autom\u00e1ticamente entre la aplicaci\u00f3n y la cuenta web. Por lo tanto, independientemente de d\u00f3nde decida jugar, ya sea en la aplicaci\u00f3n o en el navegador, los registros de su cuenta siempre ser\u00e1n iguales.<\/p>\n<h3>\u00bfLa aplicaci\u00f3n est\u00e1 optimizada para tabletas y pantallas m\u00e1s grandes?<\/h3>\n<p>Spin Winera Casino cuenta con una aplicaci\u00f3n adaptativa, lo que significa que sus interfaces se ajustan autom\u00e1ticamente a las dimensiones de las pantallas de cualquier dispositivo m\u00f3vil que utilices, ya sea un tel\u00e9fono o una tableta. Esta tecnolog\u00eda sencilla pero eficaz te permite disfrutar al m\u00e1ximo de tu experiencia de juego, independientemente del tipo de dispositivo que prefieras.<\/p>\n<\/div><\/div><\/p>\n","protected":false},"excerpt":{"rendered":"<p>Aplicaci\u00f3n SpinWinera La SpinWinera App ofrece las mismas ventajas de juego online que la versi\u00f3n web principal de nuestro casino, pero permite una experiencia de juego m\u00e1s c\u00f3moda y una mayor accesibilidad. Con su ayuda, podr\u00e1s acceder a nuestra enorme biblioteca de m\u00e1s de 6000 tragamonedas online, juegos con crupier en vivo y otras actividades [&hellip;]<\/p>\n","protected":false},"author":1,"featured_media":0,"parent":0,"menu_order":0,"comment_status":"closed","ping_status":"closed","template":"template-builder.php","meta":{"_acf_changed":false,"inline_featured_image":false,"footnotes":""},"class_list":["post-1503","page","type-page","status-publish","hentry"],"acf":[],"yoast_head":"<!-- This site is optimized with the Yoast SEO plugin v27.3 - https:\/\/yoast.com\/product\/yoast-seo-wordpress\/ -->\n<title>SpinWinera App para M\u00f3vil | iOS, Android<\/title>\n<meta name=\"description\" content=\"SpinWinera App \u2013 juega a los juegos de casino en iOS y Android con un rendimiento fluido y sincronizaci\u00f3n total de la cuenta. Accede a slots, mesas y crupieres en vivo en cualquier lugar con Spin Winera.\" \/>\n<meta name=\"robots\" content=\"index, follow, max-snippet:-1, max-image-preview:large, max-video-preview:-1\" \/>\n<link rel=\"canonical\" href=\"https:\/\/spinwineracasino.com\/es\/aplicacion\/\" \/>\n<meta property=\"og:locale\" content=\"es_ES\" \/>\n<meta property=\"og:type\" content=\"article\" \/>\n<meta property=\"og:title\" content=\"SpinWinera App para M\u00f3vil | iOS, Android\" \/>\n<meta property=\"og:description\" content=\"SpinWinera App \u2013 juega a los juegos de casino en iOS y Android con un rendimiento fluido y sincronizaci\u00f3n total de la cuenta. Accede a slots, mesas y crupieres en vivo en cualquier lugar con Spin Winera.\" \/>\n<meta property=\"og:url\" content=\"https:\/\/spinwineracasino.com\/es\/aplicacion\/\" \/>\n<meta property=\"og:site_name\" content=\"spinwinera\" \/>\n<meta property=\"article:modified_time\" content=\"2026-01-13T11:25:17+00:00\" \/>\n<meta name=\"twitter:card\" content=\"summary_large_image\" \/>\n<meta name=\"twitter:label1\" content=\"Est. reading time\" \/>\n\t<meta name=\"twitter:data1\" content=\"3 minutes\" \/>\n<script type=\"application\/ld+json\" class=\"yoast-schema-graph\">{\"@context\":\"https:\\\/\\\/schema.org\",\"@graph\":[{\"@type\":\"WebPage\",\"@id\":\"https:\\\/\\\/spinwineracasino.com\\\/es\\\/aplicacion\\\/\",\"url\":\"https:\\\/\\\/spinwineracasino.com\\\/es\\\/aplicacion\\\/\",\"name\":\"SpinWinera App para M\u00f3vil | iOS, Android\",\"isPartOf\":{\"@id\":\"https:\\\/\\\/spinwineracasino.com\\\/es\\\/#website\"},\"datePublished\":\"2026-01-13T06:34:45+00:00\",\"dateModified\":\"2026-01-13T11:25:17+00:00\",\"description\":\"SpinWinera App \u2013 juega a los juegos de casino en iOS y Android con un rendimiento fluido y sincronizaci\u00f3n total de la cuenta. Accede a slots, mesas y crupieres en vivo en cualquier lugar con Spin Winera.\",\"breadcrumb\":{\"@id\":\"https:\\\/\\\/spinwineracasino.com\\\/es\\\/aplicacion\\\/#breadcrumb\"},\"inLanguage\":\"es-ES\",\"potentialAction\":[{\"@type\":\"ReadAction\",\"target\":[\"https:\\\/\\\/spinwineracasino.com\\\/es\\\/aplicacion\\\/\"]}]},{\"@type\":\"BreadcrumbList\",\"@id\":\"https:\\\/\\\/spinwineracasino.com\\\/es\\\/aplicacion\\\/#breadcrumb\",\"itemListElement\":[{\"@type\":\"ListItem\",\"position\":1,\"name\":\"Spinwinera\",\"item\":\"https:\\\/\\\/spinwineracasino.com\\\/es\\\/\"},{\"@type\":\"ListItem\",\"position\":2,\"name\":\"Aplicaci\u00f3n\"}]},{\"@type\":\"WebSite\",\"@id\":\"https:\\\/\\\/spinwineracasino.com\\\/es\\\/#website\",\"url\":\"https:\\\/\\\/spinwineracasino.com\\\/es\\\/\",\"name\":\"Spinwinera\",\"description\":\"\",\"publisher\":{\"@id\":\"https:\\\/\\\/spinwineracasino.com\\\/es\\\/#organization\"},\"potentialAction\":[{\"@type\":\"SearchAction\",\"target\":{\"@type\":\"EntryPoint\",\"urlTemplate\":\"https:\\\/\\\/spinwineracasino.com\\\/es\\\/?s={search_term_string}\"},\"query-input\":{\"@type\":\"PropertyValueSpecification\",\"valueRequired\":true,\"valueName\":\"search_term_string\"}}],\"inLanguage\":\"es-ES\"},{\"@type\":\"Organization\",\"@id\":\"https:\\\/\\\/spinwineracasino.com\\\/es\\\/#organization\",\"name\":\"Spinwinera\",\"url\":\"https:\\\/\\\/spinwineracasino.com\\\/es\\\/\",\"logo\":{\"@type\":\"ImageObject\",\"inLanguage\":\"es-ES\",\"@id\":\"https:\\\/\\\/spinwineracasino.com\\\/es\\\/#\\\/schema\\\/logo\\\/image\\\/\",\"url\":\"https:\\\/\\\/spinwineracasino.com\\\/wp-content\\\/uploads\\\/2025\\\/08\\\/80u1FaquEZeR6OUTeJCc.png\",\"contentUrl\":\"https:\\\/\\\/spinwineracasino.com\\\/wp-content\\\/uploads\\\/2025\\\/08\\\/80u1FaquEZeR6OUTeJCc.png\",\"width\":157,\"height\":30,\"caption\":\"Spinwinera\"},\"image\":{\"@id\":\"https:\\\/\\\/spinwineracasino.com\\\/es\\\/#\\\/schema\\\/logo\\\/image\\\/\"}}]}<\/script>\n<!-- \/ Yoast SEO plugin. -->","yoast_head_json":{"title":"SpinWinera App para M\u00f3vil | iOS, Android","description":"SpinWinera App \u2013 juega a los juegos de casino en iOS y Android con un rendimiento fluido y sincronizaci\u00f3n total de la cuenta. Accede a slots, mesas y crupieres en vivo en cualquier lugar con Spin Winera.","robots":{"index":"index","follow":"follow","max-snippet":"max-snippet:-1","max-image-preview":"max-image-preview:large","max-video-preview":"max-video-preview:-1"},"canonical":"https:\/\/spinwineracasino.com\/es\/aplicacion\/","og_locale":"es_ES","og_type":"article","og_title":"SpinWinera App para M\u00f3vil | iOS, Android","og_description":"SpinWinera App \u2013 juega a los juegos de casino en iOS y Android con un rendimiento fluido y sincronizaci\u00f3n total de la cuenta. Accede a slots, mesas y crupieres en vivo en cualquier lugar con Spin Winera.","og_url":"https:\/\/spinwineracasino.com\/es\/aplicacion\/","og_site_name":"spinwinera","article_modified_time":"2026-01-13T11:25:17+00:00","twitter_card":"summary_large_image","twitter_misc":{"Est. reading time":"3 minutes"},"schema":{"@context":"https:\/\/schema.org","@graph":[{"@type":"WebPage","@id":"https:\/\/spinwineracasino.com\/es\/aplicacion\/","url":"https:\/\/spinwineracasino.com\/es\/aplicacion\/","name":"SpinWinera App para M\u00f3vil | iOS, Android","isPartOf":{"@id":"https:\/\/spinwineracasino.com\/es\/#website"},"datePublished":"2026-01-13T06:34:45+00:00","dateModified":"2026-01-13T11:25:17+00:00","description":"SpinWinera App \u2013 juega a los juegos de casino en iOS y Android con un rendimiento fluido y sincronizaci\u00f3n total de la cuenta. Accede a slots, mesas y crupieres en vivo en cualquier lugar con Spin Winera.","breadcrumb":{"@id":"https:\/\/spinwineracasino.com\/es\/aplicacion\/#breadcrumb"},"inLanguage":"es-ES","potentialAction":[{"@type":"ReadAction","target":["https:\/\/spinwineracasino.com\/es\/aplicacion\/"]}]},{"@type":"BreadcrumbList","@id":"https:\/\/spinwineracasino.com\/es\/aplicacion\/#breadcrumb","itemListElement":[{"@type":"ListItem","position":1,"name":"Spinwinera","item":"https:\/\/spinwineracasino.com\/es\/"},{"@type":"ListItem","position":2,"name":"Aplicaci\u00f3n"}]},{"@type":"WebSite","@id":"https:\/\/spinwineracasino.com\/es\/#website","url":"https:\/\/spinwineracasino.com\/es\/","name":"Spinwinera","description":"","publisher":{"@id":"https:\/\/spinwineracasino.com\/es\/#organization"},"potentialAction":[{"@type":"SearchAction","target":{"@type":"EntryPoint","urlTemplate":"https:\/\/spinwineracasino.com\/es\/?s={search_term_string}"},"query-input":{"@type":"PropertyValueSpecification","valueRequired":true,"valueName":"search_term_string"}}],"inLanguage":"es-ES"},{"@type":"Organization","@id":"https:\/\/spinwineracasino.com\/es\/#organization","name":"Spinwinera","url":"https:\/\/spinwineracasino.com\/es\/","logo":{"@type":"ImageObject","inLanguage":"es-ES","@id":"https:\/\/spinwineracasino.com\/es\/#\/schema\/logo\/image\/","url":"https:\/\/spinwineracasino.com\/wp-content\/uploads\/2025\/08\/80u1FaquEZeR6OUTeJCc.png","contentUrl":"https:\/\/spinwineracasino.com\/wp-content\/uploads\/2025\/08\/80u1FaquEZeR6OUTeJCc.png","width":157,"height":30,"caption":"Spinwinera"},"image":{"@id":"https:\/\/spinwineracasino.com\/es\/#\/schema\/logo\/image\/"}}]}},"_links":{"self":[{"href":"https:\/\/spinwineracasino.com\/es\/wp-json\/wp\/v2\/pages\/1503","targetHints":{"allow":["GET"]}}],"collection":[{"href":"https:\/\/spinwineracasino.com\/es\/wp-json\/wp\/v2\/pages"}],"about":[{"href":"https:\/\/spinwineracasino.com\/es\/wp-json\/wp\/v2\/types\/page"}],"author":[{"embeddable":true,"href":"https:\/\/spinwineracasino.com\/es\/wp-json\/wp\/v2\/users\/1"}],"replies":[{"embeddable":true,"href":"https:\/\/spinwineracasino.com\/es\/wp-json\/wp\/v2\/comments?post=1503"}],"version-history":[{"count":2,"href":"https:\/\/spinwineracasino.com\/es\/wp-json\/wp\/v2\/pages\/1503\/revisions"}],"predecessor-version":[{"id":1993,"href":"https:\/\/spinwineracasino.com\/es\/wp-json\/wp\/v2\/pages\/1503\/revisions\/1993"}],"wp:attachment":[{"href":"https:\/\/spinwineracasino.com\/es\/wp-json\/wp\/v2\/media?parent=1503"}],"curies":[{"name":"wp","href":"https:\/\/api.w.org\/{rel}","templated":true}]}}