{"id":1490,"date":"2026-01-13T06:49:38","date_gmt":"2026-01-13T06:49:38","guid":{"rendered":"https:\/\/spinwineracasino.com\/accesso-e-registrazione\/"},"modified":"2026-01-13T11:27:03","modified_gmt":"2026-01-13T11:27:03","slug":"inicio-de-sesion-y-registro","status":"publish","type":"page","link":"https:\/\/spinwineracasino.com\/es\/inicio-de-sesion-y-registro\/","title":{"rendered":"Inicio de sesi\u00f3n y Registro"},"content":{"rendered":"<h1>SpinWinera Login y Registro<\/h1>\n<p>El proceso de SpinWinera login es incre\u00edblemente sencillo. Puede crear su cuenta de casino con solo unos clics y acceder al instante a nuestra amplia biblioteca de opciones de juego y bonificaciones.<\/p>\n<p>Lo mejor de todo es que no es necesario verificar tu identidad inicialmente, solo proporcionar algunos datos generales sobre ti. Adem\u00e1s, una vez que hayas iniciado sesi\u00f3n, podr\u00e1s comenzar tu aventura en el casino probando numerosos juegos en modo demo, sin apostar dinero real al principio.<\/p>\n<p><div class=\"banner-wrap\" aria-label=\"Banner\"><img src=\"https:\/\/spinwineracasino.com\/wp-content\/uploads\/2026\/01\/Spinwinera-bonus-desktop.webp\" class=\"w-100 d-none d-lg-block img-pc main-banner-img\" alt=\"Spinwinera bonus desktop\" fetchpriority=\"high\" decoding=\"async\"><img src=\"https:\/\/spinwineracasino.com\/wp-content\/uploads\/2026\/01\/Spinwinera-bonus-mobile.webp\" class=\"w-100 d-none d-md-block d-lg-none main-banner-img\" alt=\"Spinwinera bonus mobile\" fetchpriority=\"high\" decoding=\"async\"><img src=\"https:\/\/spinwineracasino.com\/wp-content\/uploads\/2026\/01\/Spinwinera-bonus-mobile.webp\" class=\"w-100 d-md-none\" alt=\"Spinwinera bonus mobile\" fetchpriority=\"high\" decoding=\"async\"><div class=\"banner-description\">\n<div class=\"banner-title\">Bonos de bienvenida<\/div>\n<p class=\"banner-header-title\">\u20ac1500<\/p>\n<div class=\"banner-header-AdditionalText\">+ 250 Tiradas gratis<\/div>\n<button data-item=\"homepage_banner_link\" class=\"goto m-button m-gradient-border m-button--primary m-button--large banner-button btn-orange\">\n            <div class=\"m-button-content\">\n                <span>Reg\u00edstrate ahora<\/span>\n                <span><\/span>\n            <\/div>\n        <\/button>\n<\/div>\n<div class=\"WelcomePack\">\n<p><img loading=\"lazy\" decoding=\"async\" class=\"alignnone size-full wp-image-1445\" src=\"https:\/\/spinwineracasino.com\/wp-content\/uploads\/2026\/01\/welcome-crown.svg\" alt=\"welcome crown\" width=\"25\" height=\"26\" \/><\/p>\n<div class=\"WelcomePack-Info\">Reembolso semanal de hasta el 25 %<\/div>\n<p><img loading=\"lazy\" decoding=\"async\" class=\"alignnone size-full wp-image-1445\" src=\"https:\/\/spinwineracasino.com\/wp-content\/uploads\/2026\/01\/welcome-crown.svg\" alt=\"welcome crown\" width=\"25\" height=\"26\" \/><\/p>\n<\/div>\n<\/div><div class=\"scrollable-content-wrap my-5\"><div class=\"scrollable-content-inner\"><h2>SpinWinera procedimiento de registro<\/h2>\n<p>Para registrarse en SpinWinera, debe ser mayor de 18 a\u00f1os y residir en un pa\u00eds en el que se presten nuestros servicios de casino. El procedimiento de registro es el siguiente:<\/p>\n<ol>\n<li>Utilice el bot\u00f3n Registrarse situado en la esquina superior derecha de la p\u00e1gina web de Spin Winera.<\/li>\n<li>Introduce tu direcci\u00f3n de correo electr\u00f3nico y crea una contrase\u00f1a segura.<\/li>\n<li>Confirmar el registro.<\/li>\n<li>Rellene el resto de sus datos personales en la ventana emergente que se ha abierto (es decir, su nombre, fecha de nacimiento y n\u00famero de tel\u00e9fono).<\/li>\n<\/ol>\n<p>Despu\u00e9s, se le redirigir\u00e1 autom\u00e1ticamente a su cuenta de Spin Winera y podr\u00e1 empezar a explorar nuestro casino sin demora. A partir de ahora, toda su informaci\u00f3n relacionada con el juego se almacenar\u00e1 c\u00f3modamente en un solo lugar y ser\u00e1 f\u00e1cil de gestionar, tanto en la web como en la aplicaci\u00f3n m\u00f3vil.<\/p>\n<h3>Cambiar los datos personales de tu cuenta Spin Winera<\/h3>\n<p>Puedes modificar algunos datos personales en tu perfil del casino. Solo tienes que hacer clic en el bot\u00f3n Editar datos personales de la p\u00e1gina principal del perfil y seleccionar el tipo de informaci\u00f3n que deseas cambiar: nombre de usuario, nombre y apellidos, informaci\u00f3n de contacto, sexo, etc.<\/p>\n<p>Ten en cuenta que no es posible modificar tu fecha de nacimiento sin la ayuda de nuestro equipo de asistencia. Por lo tanto, aseg\u00farate de indicar los datos correctos durante el registro de tu cuenta SpinWinera.<\/p>\n<h2>Inicio de sesi\u00f3n en SpinWinera pasos<\/h2>\n<p>Para iniciar sesi\u00f3n en una cuenta ya creada, utilice el bot\u00f3n Inicio de Sesi\u00f3n en SpinWinera del sitio web o de la aplicaci\u00f3n e introduzca las credenciales indicadas anteriormente. Si la autenticaci\u00f3n de dos factores est\u00e1 habilitada en la configuraci\u00f3n de su cuenta, tambi\u00e9n deber\u00e1 introducir un c\u00f3digo de seguridad al iniciar sesi\u00f3n.<\/p>\n<p>Despu\u00e9s de iniciar sesi\u00f3n en tu cuenta de SpinWinera Casino, podr\u00e1s disfrutar de un mont\u00f3n de emocionantes oportunidades de juego:<\/p>\n<ul>\n<li>Puedes probar nuestras tragaperras online y otros juegos en modo demo para hacerte una idea de c\u00f3mo son antes de apostar dinero real.<\/li>\n<li>Reciba la primera parte de nuestro bono de bienvenida justo despu\u00e9s de realizar su primer dep\u00f3sito.<\/li>\n<li>Explora o participa en campa\u00f1as promocionales personalizadas y aprovecha la oportunidad de ganar grandes premios.<\/li>\n<li>Obtenga recompensas adicionales por completar el proceso de verificaci\u00f3n por tel\u00e9fono y correo electr\u00f3nico.<\/li>\n<\/ul>\n<p>Tambi\u00e9n tendr\u00e1s acceso al historial completo de tus actividades de juego y transacciones realizadas en SpinWinera Casino.<\/p>\n<h3>Casino SpinWinera verificaci\u00f3n<\/h3>\n<p>Al crear tu cuenta en Spin Winera o realizar dep\u00f3sitos, no es necesario que acredites tu identidad. Solo pedimos a los jugadores de nuestro casino que se sometan a un procedimiento de verificaci\u00f3n est\u00e1ndar cuando realizan su primer retiro de fondos.<\/p>\n<p>Durante este proceso, deber\u00e1 proporcionarnos copias de sus documentos de identidad (por ejemplo, pasaporte, permiso de conducir, etc.), facturas de servicios p\u00fablicos y la tarjeta de cr\u00e9dito utilizada para realizar el retiro. El procedimiento de verificaci\u00f3n completo dura aproximadamente 24 horas y no se repite en las siguientes solicitudes de retiro, solo lo llevamos a cabo una vez.<\/p>\n<h2>Acceso a la cuenta<\/h2>\n<p>Puede iniciar sesi\u00f3n en su cuenta de Spin Winera a trav\u00e9s de la plataforma web principal o desde nuestras aplicaciones m\u00f3viles y de escritorio. La informaci\u00f3n de tu cuenta se sincroniza autom\u00e1ticamente entre los dispositivos. Por lo tanto, incluso si cambias constantemente entre tu tel\u00e9fono y tu ordenador mientras apuestas en deportes o juegas a las tragaperras en SpinWinera Casino, tus registros personales siempre coincidir\u00e1n tanto en la web como en la aplicaci\u00f3n m\u00f3vil.<\/p>\n<h2>Preguntas frecuentes<\/h2>\n<h3>\u00bfQu\u00e9 debo hacer si mi cuenta ha sido bloqueada temporalmente?<\/h3>\n<p>Solo bloqueamos las cuentas de los jugadores por los siguientes motivos: demasiados intentos fallidos de inicio de sesi\u00f3n, actividad sospechosa o incumplimiento de las pol\u00edticas. En el primer caso, le recomendamos que espere un tiempo antes de volver a intentar iniciar sesi\u00f3n. Si ha olvidado su contrase\u00f1a, haga clic en el bot\u00f3n \u00ab\u00bfHa olvidado su contrase\u00f1a?\u00bb durante el proceso de inicio de sesi\u00f3n en SpinWinera y cree una nueva. Si no sabe por qu\u00e9 se ha bloqueado su cuenta, no dude en ponerse en contacto con nuestro equipo de asistencia a trav\u00e9s del Live Chat.<\/p>\n<h3>\u00bfC\u00f3mo puedo proteger mi cuenta contra el acceso no autorizado?<\/h3>\n<p>En primer lugar, nunca compartas tus credenciales de inicio de sesi\u00f3n y contrase\u00f1as con terceros. En segundo lugar, aseg\u00farate de cerrar sesi\u00f3n en tu cuenta del casino despu\u00e9s de jugar en dispositivos ajenos. Adem\u00e1s, es esencial tener una contrase\u00f1a segura y \u00fanica y actualizarla cada tres meses aproximadamente. De esta manera, el riesgo de acceso no autorizado disminuye en gran medida. Si te enfrentas a problemas de acceso no autorizado, no dudes en ponerte en contacto con nuestro equipo de asistencia multiling\u00fce inmediatamente.<\/p>\n<h3>\u00bfEs seguro guardar mis datos de inicio de sesi\u00f3n en el navegador o en la aplicaci\u00f3n?<\/h3>\n<p>S\u00ed, en caso de que acceda a SpinWinera Casino desde su dispositivo personal que no utilice nadie m\u00e1s. Sin embargo, si comparte dispositivos con otras personas, incluidos otros miembros de su familia, es mejor no guardar su informaci\u00f3n de inicio de sesi\u00f3n en la web o en la aplicaci\u00f3n.<\/p>\n<\/div><\/div><\/p>\n","protected":false},"excerpt":{"rendered":"<p>SpinWinera Login y Registro El proceso de SpinWinera login es incre\u00edblemente sencillo. Puede crear su cuenta de casino con solo unos clics y acceder al instante a nuestra amplia biblioteca de opciones de juego y bonificaciones. Lo mejor de todo es que no es necesario verificar tu identidad inicialmente, solo proporcionar algunos datos generales sobre [&hellip;]<\/p>\n","protected":false},"author":1,"featured_media":0,"parent":0,"menu_order":0,"comment_status":"closed","ping_status":"closed","template":"template-builder.php","meta":{"_acf_changed":false,"inline_featured_image":false,"footnotes":""},"class_list":["post-1490","page","type-page","status-publish","hentry"],"acf":[],"yoast_head":"<!-- This site is optimized with the Yoast SEO plugin v27.3 - https:\/\/yoast.com\/product\/yoast-seo-wordpress\/ -->\n<title>SpinWinera Casino Bonus | Bonos de Bienvenida y Promociones<\/title>\n<meta name=\"description\" content=\"SpinWinera Casino Bonus \u2013 reclama tu paquete de bienvenida, bonos de recarga y giros gratis exclusivos. Disfruta de promociones personalizadas y recompensas semanales en Spin Winera.\" \/>\n<meta name=\"robots\" content=\"index, follow, max-snippet:-1, max-image-preview:large, max-video-preview:-1\" \/>\n<link rel=\"canonical\" href=\"https:\/\/spinwineracasino.com\/es\/inicio-de-sesion-y-registro\/\" \/>\n<meta property=\"og:locale\" content=\"es_ES\" \/>\n<meta property=\"og:type\" content=\"article\" \/>\n<meta property=\"og:title\" content=\"SpinWinera Casino Bonus | Bonos de Bienvenida y Promociones\" \/>\n<meta property=\"og:description\" content=\"SpinWinera Casino Bonus \u2013 reclama tu paquete de bienvenida, bonos de recarga y giros gratis exclusivos. Disfruta de promociones personalizadas y recompensas semanales en Spin Winera.\" \/>\n<meta property=\"og:url\" content=\"https:\/\/spinwineracasino.com\/es\/inicio-de-sesion-y-registro\/\" \/>\n<meta property=\"og:site_name\" content=\"spinwinera\" \/>\n<meta property=\"article:modified_time\" content=\"2026-01-13T11:27:03+00:00\" \/>\n<meta name=\"twitter:card\" content=\"summary_large_image\" \/>\n<meta name=\"twitter:label1\" content=\"Est. reading time\" \/>\n\t<meta name=\"twitter:data1\" content=\"1 minute\" \/>\n<script type=\"application\/ld+json\" class=\"yoast-schema-graph\">{\"@context\":\"https:\\\/\\\/schema.org\",\"@graph\":[{\"@type\":\"WebPage\",\"@id\":\"https:\\\/\\\/spinwineracasino.com\\\/es\\\/inicio-de-sesion-y-registro\\\/\",\"url\":\"https:\\\/\\\/spinwineracasino.com\\\/es\\\/inicio-de-sesion-y-registro\\\/\",\"name\":\"SpinWinera Casino Bonus | Bonos de Bienvenida y Promociones\",\"isPartOf\":{\"@id\":\"https:\\\/\\\/spinwineracasino.com\\\/es\\\/#website\"},\"datePublished\":\"2026-01-13T06:49:38+00:00\",\"dateModified\":\"2026-01-13T11:27:03+00:00\",\"description\":\"SpinWinera Casino Bonus \u2013 reclama tu paquete de bienvenida, bonos de recarga y giros gratis exclusivos. Disfruta de promociones personalizadas y recompensas semanales en Spin Winera.\",\"breadcrumb\":{\"@id\":\"https:\\\/\\\/spinwineracasino.com\\\/es\\\/inicio-de-sesion-y-registro\\\/#breadcrumb\"},\"inLanguage\":\"es-ES\",\"potentialAction\":[{\"@type\":\"ReadAction\",\"target\":[\"https:\\\/\\\/spinwineracasino.com\\\/es\\\/inicio-de-sesion-y-registro\\\/\"]}]},{\"@type\":\"BreadcrumbList\",\"@id\":\"https:\\\/\\\/spinwineracasino.com\\\/es\\\/inicio-de-sesion-y-registro\\\/#breadcrumb\",\"itemListElement\":[{\"@type\":\"ListItem\",\"position\":1,\"name\":\"Spinwinera\",\"item\":\"https:\\\/\\\/spinwineracasino.com\\\/es\\\/\"},{\"@type\":\"ListItem\",\"position\":2,\"name\":\"Inicio de sesi\u00f3n y Registro\"}]},{\"@type\":\"WebSite\",\"@id\":\"https:\\\/\\\/spinwineracasino.com\\\/es\\\/#website\",\"url\":\"https:\\\/\\\/spinwineracasino.com\\\/es\\\/\",\"name\":\"Spinwinera\",\"description\":\"\",\"publisher\":{\"@id\":\"https:\\\/\\\/spinwineracasino.com\\\/es\\\/#organization\"},\"potentialAction\":[{\"@type\":\"SearchAction\",\"target\":{\"@type\":\"EntryPoint\",\"urlTemplate\":\"https:\\\/\\\/spinwineracasino.com\\\/es\\\/?s={search_term_string}\"},\"query-input\":{\"@type\":\"PropertyValueSpecification\",\"valueRequired\":true,\"valueName\":\"search_term_string\"}}],\"inLanguage\":\"es-ES\"},{\"@type\":\"Organization\",\"@id\":\"https:\\\/\\\/spinwineracasino.com\\\/es\\\/#organization\",\"name\":\"Spinwinera\",\"url\":\"https:\\\/\\\/spinwineracasino.com\\\/es\\\/\",\"logo\":{\"@type\":\"ImageObject\",\"inLanguage\":\"es-ES\",\"@id\":\"https:\\\/\\\/spinwineracasino.com\\\/es\\\/#\\\/schema\\\/logo\\\/image\\\/\",\"url\":\"https:\\\/\\\/spinwineracasino.com\\\/wp-content\\\/uploads\\\/2025\\\/08\\\/80u1FaquEZeR6OUTeJCc.png\",\"contentUrl\":\"https:\\\/\\\/spinwineracasino.com\\\/wp-content\\\/uploads\\\/2025\\\/08\\\/80u1FaquEZeR6OUTeJCc.png\",\"width\":157,\"height\":30,\"caption\":\"Spinwinera\"},\"image\":{\"@id\":\"https:\\\/\\\/spinwineracasino.com\\\/es\\\/#\\\/schema\\\/logo\\\/image\\\/\"}}]}<\/script>\n<!-- \/ Yoast SEO plugin. -->","yoast_head_json":{"title":"SpinWinera Casino Bonus | Bonos de Bienvenida y Promociones","description":"SpinWinera Casino Bonus \u2013 reclama tu paquete de bienvenida, bonos de recarga y giros gratis exclusivos. Disfruta de promociones personalizadas y recompensas semanales en Spin Winera.","robots":{"index":"index","follow":"follow","max-snippet":"max-snippet:-1","max-image-preview":"max-image-preview:large","max-video-preview":"max-video-preview:-1"},"canonical":"https:\/\/spinwineracasino.com\/es\/inicio-de-sesion-y-registro\/","og_locale":"es_ES","og_type":"article","og_title":"SpinWinera Casino Bonus | Bonos de Bienvenida y Promociones","og_description":"SpinWinera Casino Bonus \u2013 reclama tu paquete de bienvenida, bonos de recarga y giros gratis exclusivos. Disfruta de promociones personalizadas y recompensas semanales en Spin Winera.","og_url":"https:\/\/spinwineracasino.com\/es\/inicio-de-sesion-y-registro\/","og_site_name":"spinwinera","article_modified_time":"2026-01-13T11:27:03+00:00","twitter_card":"summary_large_image","twitter_misc":{"Est. reading time":"1 minute"},"schema":{"@context":"https:\/\/schema.org","@graph":[{"@type":"WebPage","@id":"https:\/\/spinwineracasino.com\/es\/inicio-de-sesion-y-registro\/","url":"https:\/\/spinwineracasino.com\/es\/inicio-de-sesion-y-registro\/","name":"SpinWinera Casino Bonus | Bonos de Bienvenida y Promociones","isPartOf":{"@id":"https:\/\/spinwineracasino.com\/es\/#website"},"datePublished":"2026-01-13T06:49:38+00:00","dateModified":"2026-01-13T11:27:03+00:00","description":"SpinWinera Casino Bonus \u2013 reclama tu paquete de bienvenida, bonos de recarga y giros gratis exclusivos. Disfruta de promociones personalizadas y recompensas semanales en Spin Winera.","breadcrumb":{"@id":"https:\/\/spinwineracasino.com\/es\/inicio-de-sesion-y-registro\/#breadcrumb"},"inLanguage":"es-ES","potentialAction":[{"@type":"ReadAction","target":["https:\/\/spinwineracasino.com\/es\/inicio-de-sesion-y-registro\/"]}]},{"@type":"BreadcrumbList","@id":"https:\/\/spinwineracasino.com\/es\/inicio-de-sesion-y-registro\/#breadcrumb","itemListElement":[{"@type":"ListItem","position":1,"name":"Spinwinera","item":"https:\/\/spinwineracasino.com\/es\/"},{"@type":"ListItem","position":2,"name":"Inicio de sesi\u00f3n y Registro"}]},{"@type":"WebSite","@id":"https:\/\/spinwineracasino.com\/es\/#website","url":"https:\/\/spinwineracasino.com\/es\/","name":"Spinwinera","description":"","publisher":{"@id":"https:\/\/spinwineracasino.com\/es\/#organization"},"potentialAction":[{"@type":"SearchAction","target":{"@type":"EntryPoint","urlTemplate":"https:\/\/spinwineracasino.com\/es\/?s={search_term_string}"},"query-input":{"@type":"PropertyValueSpecification","valueRequired":true,"valueName":"search_term_string"}}],"inLanguage":"es-ES"},{"@type":"Organization","@id":"https:\/\/spinwineracasino.com\/es\/#organization","name":"Spinwinera","url":"https:\/\/spinwineracasino.com\/es\/","logo":{"@type":"ImageObject","inLanguage":"es-ES","@id":"https:\/\/spinwineracasino.com\/es\/#\/schema\/logo\/image\/","url":"https:\/\/spinwineracasino.com\/wp-content\/uploads\/2025\/08\/80u1FaquEZeR6OUTeJCc.png","contentUrl":"https:\/\/spinwineracasino.com\/wp-content\/uploads\/2025\/08\/80u1FaquEZeR6OUTeJCc.png","width":157,"height":30,"caption":"Spinwinera"},"image":{"@id":"https:\/\/spinwineracasino.com\/es\/#\/schema\/logo\/image\/"}}]}},"_links":{"self":[{"href":"https:\/\/spinwineracasino.com\/es\/wp-json\/wp\/v2\/pages\/1490","targetHints":{"allow":["GET"]}}],"collection":[{"href":"https:\/\/spinwineracasino.com\/es\/wp-json\/wp\/v2\/pages"}],"about":[{"href":"https:\/\/spinwineracasino.com\/es\/wp-json\/wp\/v2\/types\/page"}],"author":[{"embeddable":true,"href":"https:\/\/spinwineracasino.com\/es\/wp-json\/wp\/v2\/users\/1"}],"replies":[{"embeddable":true,"href":"https:\/\/spinwineracasino.com\/es\/wp-json\/wp\/v2\/comments?post=1490"}],"version-history":[{"count":2,"href":"https:\/\/spinwineracasino.com\/es\/wp-json\/wp\/v2\/pages\/1490\/revisions"}],"predecessor-version":[{"id":1995,"href":"https:\/\/spinwineracasino.com\/es\/wp-json\/wp\/v2\/pages\/1490\/revisions\/1995"}],"wp:attachment":[{"href":"https:\/\/spinwineracasino.com\/es\/wp-json\/wp\/v2\/media?parent=1490"}],"curies":[{"name":"wp","href":"https:\/\/api.w.org\/{rel}","templated":true}]}}