{"id":1497,"date":"2026-01-13T06:34:45","date_gmt":"2026-01-13T06:34:45","guid":{"rendered":"https:\/\/spinwineracasino.com\/applicazione\/"},"modified":"2026-01-13T09:18:36","modified_gmt":"2026-01-13T09:18:36","slug":"app","status":"publish","type":"page","link":"https:\/\/spinwineracasino.com\/de\/app\/","title":{"rendered":"App"},"content":{"rendered":"<h1>SpinWinera Anwendung<\/h1>\n<p>Die SpinWinera App bietet dieselben Online-Gl\u00fccksspielvorteile wie die Haupt-Webversion unseres Casinos, erm\u00f6glicht jedoch ein bequemeres Spielerlebnis und eine bessere Zug\u00e4nglichkeit. Mit ihrer Hilfe k\u00f6nnen Sie auch unterwegs auf unsere riesige Bibliothek mit \u00fcber 6.000 Online-Slots, Live-Dealer-Spielen und anderen Spielaktivit\u00e4ten zugreifen.<\/p>\n<div class=\"banner-wrap\" aria-label=\"Banner\"><img src=\"https:\/\/spinwineracasino.com\/wp-content\/uploads\/2026\/01\/Spinwinera-bonus-desktop.webp\" class=\"w-100 d-none d-lg-block img-pc main-banner-img\" alt=\"Spinwinera bonus desktop\" fetchpriority=\"high\" decoding=\"async\"><img src=\"https:\/\/spinwineracasino.com\/wp-content\/uploads\/2026\/01\/Spinwinera-bonus-mobile.webp\" class=\"w-100 d-none d-md-block d-lg-none main-banner-img\" alt=\"Spinwinera bonus mobile\" fetchpriority=\"high\" decoding=\"async\"><img src=\"https:\/\/spinwineracasino.com\/wp-content\/uploads\/2026\/01\/Spinwinera-bonus-mobile.webp\" class=\"w-100 d-md-none\" alt=\"Spinwinera bonus mobile\" fetchpriority=\"high\" decoding=\"async\"><div class=\"banner-description\">\n<div class=\"banner-title\">Willkommensboni<\/div>\n<p class=\"banner-header-title\">\u20ac1500<\/p>\n<div class=\"banner-header-AdditionalText\">+ 250 Freispiele<\/div>\n<button data-item=\"homepage_banner_link\" class=\"goto m-button m-gradient-border m-button--primary m-button--large banner-button btn-orange\">\n            <div class=\"m-button-content\">\n                <span>Jetzt anmelden<\/span>\n                <span><\/span>\n            <\/div>\n        <\/button>\n<\/div>\n<div class=\"WelcomePack\">\n<p><img loading=\"lazy\" decoding=\"async\" class=\"alignnone size-full wp-image-1445\" src=\"https:\/\/spinwineracasino.com\/wp-content\/uploads\/2026\/01\/welcome-crown.svg\" alt=\"welcome crown\" width=\"25\" height=\"26\" \/><\/p>\n<div class=\"WelcomePack-Info\">W\u00f6chentlicher Cashback von bis zu 25 %<\/div>\n<p><img loading=\"lazy\" decoding=\"async\" class=\"alignnone size-full wp-image-1445\" src=\"https:\/\/spinwineracasino.com\/wp-content\/uploads\/2026\/01\/welcome-crown.svg\" alt=\"welcome crown\" width=\"25\" height=\"26\" \/><\/p>\n<\/div>\n<\/div>\n<h2>SpinWinera App: Hauptmerkmale<\/h2>\n<p>Der Hauptvorteil der Spin Winera App gegen\u00fcber der Website ist der wesentlich schnellere Zugriff auf Ihr Casino-Konto. Sie m\u00fcssen nicht immer wieder den Browser \u00f6ffnen, sondern k\u00f6nnen einfach auf das App-Symbol auf dem Bildschirm Ihres Smartphones tippen und sofort mit dem Spielen Ihrer Lieblingsspiele beginnen.<\/p>\n<p>Mobilit\u00e4t ist ein weiterer offensichtlicher Vorteil. Mit der SpinWinera App auf Ihrem Smartphone oder Tablet sind Sie nicht mehr darauf beschr\u00e4nkt, Online-Slots oder Live-Dealer-Tische nur zu Hause vor Ihrem Computer zu spielen. Jetzt k\u00f6nnen Sie auch auf dem Weg zur Arbeit oder beim Warten auf Ihren Flug am Flughafen eine richtige Spielsession genie\u00dfen.<\/p>\n<p>Daher verf\u00fcgt unsere App \u00fcber dieselben Funktionen wie die Webversion von SpinWinera Casino. Dar\u00fcber hinaus bietet sie Push-Benachrichtigungen, mit denen Sie \u00fcber die neuesten Werbekampagnen auf dem Laufenden bleiben. Aktivieren Sie diese unbedingt, damit Sie keine Chance auf hohe Geldgewinne, Freispiele und andere SpinWinera-Boni verpassen.<\/p>\n<table>\n<tbody>\n<tr>\n<td>Wesentliche Merkmale<\/td>\n<td>SpinWinera Casino Website<\/td>\n<td>SpinWinera App<\/td>\n<\/tr>\n<tr>\n<td>Spielekatalog<\/td>\n<td>\u00dcber 6.000 Slot-Spiele und Online-Casino-Aktivit\u00e4ten.<\/td>\n<td>Die gleichen Spiele mit mobilen Touch-Steuerungen.<\/td>\n<\/tr>\n<tr>\n<td>Integrierte Funktionen<\/td>\n<td>\u00dcbersichtliche Men\u00fcs, Schaltfl\u00e4chen f\u00fcr schnelle Ein- und Auszahlungen, Suchleiste (f\u00fcr Spiele und Softwareanbieter), Live-Chat usw.<\/td>\n<td>Gleiche Funktionen verf\u00fcgbar + Push-Benachrichtigungen zu den neuesten Werbekampagnen.<\/td>\n<\/tr>\n<tr>\n<td>Sicherheit<\/td>\n<td>Ihre Daten werden mit den neuesten TLS-Protokollen gesch\u00fctzt, die wir regelm\u00e4\u00dfig aktualisieren.<\/td>\n<td>Die SpinWinera App erf\u00fcllt alle Branchenstandards f\u00fcr den Datenschutz.<\/td>\n<\/tr>\n<tr>\n<td>Barrierefreiheit<\/td>\n<td>\u00dcber den Browser Ihrer Wahl von jedem Ger\u00e4t aus zug\u00e4nglich.<\/td>\n<td>Direkt auf Ihrem Smartphone oder Tablet verf\u00fcgbar.<\/td>\n<\/tr>\n<tr>\n<td>Aktualisierungen<\/td>\n<td>Wir verbessern regelm\u00e4\u00dfig die Benutzeroberfl\u00e4che unserer Website und f\u00fcgen neue Spiele zum Katalog hinzu.<\/td>\n<td>Die App wird automatisch auf dem neuesten Stand gehalten.<\/td>\n<\/tr>\n<tr>\n<td>Kundendienst<\/td>\n<td>Unser Support-Team ist per E-Mail oder Live-Chat erreichbar.<\/td>\n<td>Gleiche Methoden, aber einfacher anzuwenden.<\/td>\n<\/tr>\n<\/tbody>\n<\/table>\n<p><div class=\"scrollable-content-wrap my-5\"><div class=\"scrollable-content-inner\"><h2>SpinWinera App f\u00fcr Android OS<\/h2>\n<p>Unsere App ist eine Progressive Web App (PWA), die als integrierte Verkn\u00fcpfung zu unserer Website dient. Der entscheidende Vorteil dieses App-Formats besteht darin, dass Sie keine Spin Winera APK-Dateien aus nicht verifizierten Quellen herunterladen m\u00fcssen und somit kein Risiko eingehen, Ihre Ger\u00e4te mit gef\u00e4hrlicher Malware zu infizieren. Au\u00dferdem sind PWAs extrem leichtgewichtig, sodass die SpinWinera App nur minimalen Speicherplatz auf Ihrem Smartphone beansprucht.<\/p>\n<p>Sie k\u00f6nnen die App in wenigen einfachen Schritten installieren:<\/p>\n<ol>\n<li>Klicken Sie in Ihrem mobilen Browser auf das Dreipunkt-Symbol neben dem Link zu unserer Website.<\/li>\n<li>W\u00e4hlen Sie die Option \u201eZum Startbildschirm hinzuf\u00fcgen\u201d.<\/li>\n<li>Starten Sie den Installationsvorgang.<\/li>\n<li>Suchen Sie das Symbol SpinWinera Casino auf Ihrem Startbildschirm.<\/li>\n<li>Melden Sie sich mit Ihren Zugangsdaten bei Ihrem Mobile Casino-Konto an (oder erstellen Sie ein neues Konto, falls Sie noch keines haben).<\/li>\n<\/ol>\n<p>Das war&#8217;s schon \u2013 Ihr Android-Ger\u00e4t ist jetzt eine Abk\u00fcrzung zu einem erstklassigen Spielerlebnis.<\/p>\n<p><img loading=\"lazy\" decoding=\"async\" src=\"https:\/\/spinwineracasino.com\/wp-content\/uploads\/2026\/01\/Spinwinera-Android-App.webp\" alt=\"Spinwinera Android App\" width=\"1248\" height=\"536\" \/><\/p>\n<\/div><\/div><div style=\"clear: both\"><\/div><div class=\"d-flex justify-content-center\"><button data-item=\"decouvrez_link\" data-group=\"website_links\" class=\"goto fw-bold rounded-pill btn btn-orange\" aria-label=\"Laden Sie die Spinwinera-App herunter\" >Laden Sie die Spinwinera-App herunter<\/button><\/div><div class=\"scrollable-content-wrap my-5\"><div class=\"scrollable-content-inner\"><h2>SpinWinera App f\u00fcr iOS-Ger\u00e4te<\/h2>\n<p>iPhone- und iPad-Nutzer k\u00f6nnen ebenfalls unsere mobile App nutzen. Auch hier m\u00fcssen Sie lediglich die SpinWinera App wie oben beschrieben zu Ihrem Startbildschirm hinzuf\u00fcgen. Danach k\u00f6nnen Sie sich schnell auf Ihrem Apple-Ger\u00e4t in Ihr Konto einloggen und sofort mit dem Spielen Ihrer Lieblings-Slot-Spiele beginnen.<\/p>\n<p><img loading=\"lazy\" decoding=\"async\" src=\"https:\/\/spinwineracasino.com\/wp-content\/uploads\/2026\/01\/Spinwinera-iOS-App.webp\" alt=\"Spinwinera iOS App\" width=\"1248\" height=\"536\" \/><\/p>\n<\/div><\/div><div style=\"clear: both\"><\/div><div class=\"d-flex justify-content-center\"><button data-item=\"decouvrez_link\" data-group=\"website_links\" class=\"goto fw-bold rounded-pill btn btn-orange\" aria-label=\"Spinwinera herunterladen\" >Spinwinera herunterladen<\/button><\/div><div class=\"scrollable-content-wrap my-5\"><div class=\"scrollable-content-inner\"><h2>Spin Winera Casino: Desktop-Version<\/h2>\n<p>Die Hauptversion von SpinWinera kann \u00fcber das Internet ge\u00f6ffnet werden. Mit anderen Worten: Sie k\u00f6nnen jeden beliebigen Internetbrowser auf Ihrem Computer verwenden, um sich in Ihr Konto einzuloggen und in unserem Casino zu spielen. Au\u00dferdem bieten wir eine separate Desktop-App, die Sie unter Windows installieren k\u00f6nnen und die von unserer Website heruntergeladen werden kann:<\/p>\n<ol>\n<li>Klicken Sie auf das Download-Symbol neben dem Link zu unserem Casino in der Adressleiste Ihres Browsers.<\/li>\n<li>Klicken Sie im ge\u00f6ffneten Popup-Fenster auf die Schaltfl\u00e4che \u201eInstallieren\u201c.<\/li>\n<li>Sobald der Download abgeschlossen ist, erscheint das Symbol SpinWinera Casino auf Ihrem Desktop.<\/li>\n<\/ol>\n<p>Sowohl die Desktop-Version von Spin Winera Casino als auch unsere mobile Anwendung halten sich an strenge Sicherheits- und Fairplay-Standards. Wir bitten unsere Spieler, sich bei ihrer ersten Auszahlung einem einfachen Identit\u00e4tspr\u00fcfungsprozess zu unterziehen, um rechtlich einwandfreie Finanztransaktionen und Gl\u00fccksspielaktivit\u00e4ten zu gew\u00e4hrleisten. Zu Ihrem Vorteil verwenden wir verifizierte Testverfahren, um die Zufallszahlengeneratoren (RNGs) in allen auf unserer Plattform angebotenen Spielen gr\u00fcndlich zu \u00fcberpr\u00fcfen. So k\u00f6nnen Sie sicher sein, dass unsere Online-Slots echte Gl\u00fccksspiele sind.<\/p>\n<p><img loading=\"lazy\" decoding=\"async\" src=\"https:\/\/spinwineracasino.com\/wp-content\/uploads\/2026\/01\/Spinwinera-PC.webp\" alt=\"Spinwinera PC\" width=\"1248\" height=\"536\" \/><\/p>\n<\/div><\/div><div style=\"clear: both\"><\/div><div class=\"d-flex justify-content-center\"><button data-item=\"decouvrez_link\" data-group=\"website_links\" class=\"goto fw-bold rounded-pill btn btn-orange\" aria-label=\"Laden Sie die Spinwinera-App herunter\" >Laden Sie die Spinwinera-App herunter<\/button><\/div><div class=\"scrollable-content-wrap my-5\"><div class=\"scrollable-content-inner\"><h2>H\u00e4ufig gestellte Fragen<\/h2>\n<h3>Welche Spiele von SpinWinera Casino sind in der App verf\u00fcgbar?<\/h3>\n<p>Mit unserer App erhalten Sie vollen Zugriff auf alle Spiele, die auf der Hauptwebsite von SpinWinera angeboten werden, darunter Online-Slots, Live-Dealer-Casino-Aktivit\u00e4ten, Crash-Spiele, Tischspiele und vieles mehr. Au\u00dferdem verf\u00fcgt das mobile Casino-Gaming \u00fcber integrierte Touch-Steuerung und dynamische Interface-Elemente, die eine komfortablere Benutzererfahrung erm\u00f6glichen, unabh\u00e4ngig davon, welches Ger\u00e4t Sie verwenden.<\/p>\n<h3>Kann ich die Spin Winera App und die Webversion gleichzeitig verwenden?<\/h3>\n<p>Sie m\u00fcssen keine zwei separaten Konten f\u00fcr die mobile App und die Website erstellen. Stattdessen k\u00f6nnen Sie mit einem einzigen Satz von Anmeldedaten auf beide Versionen unseres Casinos zugreifen. Ihre Aktivit\u00e4tsdaten werden automatisch zwischen der App und dem Webkonto synchronisiert. Unabh\u00e4ngig davon, wo Sie spielen m\u00f6chten \u2013 in der App oder im Browser \u2013 Ihre Kontodaten sind immer identisch.<\/p>\n<h3>Ist die App f\u00fcr Tablets und gr\u00f6\u00dfere Bildschirme optimiert?<\/h3>\n<p>Spin Winera Casino verf\u00fcgt \u00fcber eine adaptive App, was bedeutet, dass sich die Benutzeroberfl\u00e4che automatisch an die Bildschirmgr\u00f6\u00dfe jedes mobilen Ger\u00e4ts anpasst, das Sie verwenden, sei es ein Smartphone oder ein Tablet. Diese einfache, aber effektive Technologie erm\u00f6glicht es Ihnen, Ihr Spielerlebnis optimal zu genie\u00dfen, unabh\u00e4ngig davon, welches Ger\u00e4t Sie bevorzugen.<\/p>\n<\/div><\/div><\/p>\n","protected":false},"excerpt":{"rendered":"<p>SpinWinera Anwendung Die SpinWinera App bietet dieselben Online-Gl\u00fccksspielvorteile wie die Haupt-Webversion unseres Casinos, erm\u00f6glicht jedoch ein bequemeres Spielerlebnis und eine bessere Zug\u00e4nglichkeit. Mit ihrer Hilfe k\u00f6nnen Sie auch unterwegs auf unsere riesige Bibliothek mit \u00fcber 6.000 Online-Slots, Live-Dealer-Spielen und anderen Spielaktivit\u00e4ten zugreifen. SpinWinera App: Hauptmerkmale Der Hauptvorteil der Spin Winera App gegen\u00fcber der Website ist [&hellip;]<\/p>\n","protected":false},"author":1,"featured_media":0,"parent":0,"menu_order":0,"comment_status":"closed","ping_status":"closed","template":"template-builder.php","meta":{"_acf_changed":false,"inline_featured_image":false,"footnotes":""},"class_list":["post-1497","page","type-page","status-publish","hentry"],"acf":[],"yoast_head":"<!-- This site is optimized with the Yoast SEO plugin v27.3 - https:\/\/yoast.com\/product\/yoast-seo-wordpress\/ -->\n<title>SpinWinera App f\u00fcr Mobile | iOS, Android<\/title>\n<meta name=\"description\" content=\"SpinWinera App \u2013 spiele Casinospiele auf iOS und Android mit reibungsloser Leistung und vollst\u00e4ndiger Kontosynchronisierung. Greife \u00fcberall auf Slots, Tische und Live-Dealer zu bei Spin Winera.\" \/>\n<meta name=\"robots\" content=\"index, follow, max-snippet:-1, max-image-preview:large, max-video-preview:-1\" \/>\n<link rel=\"canonical\" href=\"https:\/\/spinwineracasino.com\/de\/app\/\" \/>\n<meta property=\"og:locale\" content=\"de_DE\" \/>\n<meta property=\"og:type\" content=\"article\" \/>\n<meta property=\"og:title\" content=\"SpinWinera App f\u00fcr Mobile | iOS, Android\" \/>\n<meta property=\"og:description\" content=\"SpinWinera App \u2013 spiele Casinospiele auf iOS und Android mit reibungsloser Leistung und vollst\u00e4ndiger Kontosynchronisierung. Greife \u00fcberall auf Slots, Tische und Live-Dealer zu bei Spin Winera.\" \/>\n<meta property=\"og:url\" content=\"https:\/\/spinwineracasino.com\/de\/app\/\" \/>\n<meta property=\"og:site_name\" content=\"spinwinera\" \/>\n<meta property=\"article:modified_time\" content=\"2026-01-13T09:18:36+00:00\" \/>\n<meta name=\"twitter:card\" content=\"summary_large_image\" \/>\n<meta name=\"twitter:label1\" content=\"Gesch\u00e4tzte Lesezeit\" \/>\n\t<meta name=\"twitter:data1\" content=\"2\u00a0Minuten\" \/>\n<script type=\"application\/ld+json\" class=\"yoast-schema-graph\">{\"@context\":\"https:\\\/\\\/schema.org\",\"@graph\":[{\"@type\":\"WebPage\",\"@id\":\"https:\\\/\\\/spinwineracasino.com\\\/de\\\/app\\\/\",\"url\":\"https:\\\/\\\/spinwineracasino.com\\\/de\\\/app\\\/\",\"name\":\"SpinWinera App f\u00fcr Mobile | iOS, Android\",\"isPartOf\":{\"@id\":\"https:\\\/\\\/spinwineracasino.com\\\/de\\\/#website\"},\"datePublished\":\"2026-01-13T06:34:45+00:00\",\"dateModified\":\"2026-01-13T09:18:36+00:00\",\"description\":\"SpinWinera App \u2013 spiele Casinospiele auf iOS und Android mit reibungsloser Leistung und vollst\u00e4ndiger Kontosynchronisierung. Greife \u00fcberall auf Slots, Tische und Live-Dealer zu bei Spin Winera.\",\"breadcrumb\":{\"@id\":\"https:\\\/\\\/spinwineracasino.com\\\/de\\\/app\\\/#breadcrumb\"},\"inLanguage\":\"de\",\"potentialAction\":[{\"@type\":\"ReadAction\",\"target\":[\"https:\\\/\\\/spinwineracasino.com\\\/de\\\/app\\\/\"]}]},{\"@type\":\"BreadcrumbList\",\"@id\":\"https:\\\/\\\/spinwineracasino.com\\\/de\\\/app\\\/#breadcrumb\",\"itemListElement\":[{\"@type\":\"ListItem\",\"position\":1,\"name\":\"Spinwinera\",\"item\":\"https:\\\/\\\/spinwineracasino.com\\\/de\\\/\"},{\"@type\":\"ListItem\",\"position\":2,\"name\":\"App\"}]},{\"@type\":\"WebSite\",\"@id\":\"https:\\\/\\\/spinwineracasino.com\\\/de\\\/#website\",\"url\":\"https:\\\/\\\/spinwineracasino.com\\\/de\\\/\",\"name\":\"Spinwinera\",\"description\":\"\",\"publisher\":{\"@id\":\"https:\\\/\\\/spinwineracasino.com\\\/de\\\/#organization\"},\"potentialAction\":[{\"@type\":\"SearchAction\",\"target\":{\"@type\":\"EntryPoint\",\"urlTemplate\":\"https:\\\/\\\/spinwineracasino.com\\\/de\\\/?s={search_term_string}\"},\"query-input\":{\"@type\":\"PropertyValueSpecification\",\"valueRequired\":true,\"valueName\":\"search_term_string\"}}],\"inLanguage\":\"de\"},{\"@type\":\"Organization\",\"@id\":\"https:\\\/\\\/spinwineracasino.com\\\/de\\\/#organization\",\"name\":\"Spinwinera\",\"url\":\"https:\\\/\\\/spinwineracasino.com\\\/de\\\/\",\"logo\":{\"@type\":\"ImageObject\",\"inLanguage\":\"de\",\"@id\":\"https:\\\/\\\/spinwineracasino.com\\\/de\\\/#\\\/schema\\\/logo\\\/image\\\/\",\"url\":\"https:\\\/\\\/spinwineracasino.com\\\/wp-content\\\/uploads\\\/2025\\\/08\\\/80u1FaquEZeR6OUTeJCc.png\",\"contentUrl\":\"https:\\\/\\\/spinwineracasino.com\\\/wp-content\\\/uploads\\\/2025\\\/08\\\/80u1FaquEZeR6OUTeJCc.png\",\"width\":157,\"height\":30,\"caption\":\"Spinwinera\"},\"image\":{\"@id\":\"https:\\\/\\\/spinwineracasino.com\\\/de\\\/#\\\/schema\\\/logo\\\/image\\\/\"}}]}<\/script>\n<!-- \/ Yoast SEO plugin. -->","yoast_head_json":{"title":"SpinWinera App f\u00fcr Mobile | iOS, Android","description":"SpinWinera App \u2013 spiele Casinospiele auf iOS und Android mit reibungsloser Leistung und vollst\u00e4ndiger Kontosynchronisierung. Greife \u00fcberall auf Slots, Tische und Live-Dealer zu bei Spin Winera.","robots":{"index":"index","follow":"follow","max-snippet":"max-snippet:-1","max-image-preview":"max-image-preview:large","max-video-preview":"max-video-preview:-1"},"canonical":"https:\/\/spinwineracasino.com\/de\/app\/","og_locale":"de_DE","og_type":"article","og_title":"SpinWinera App f\u00fcr Mobile | iOS, Android","og_description":"SpinWinera App \u2013 spiele Casinospiele auf iOS und Android mit reibungsloser Leistung und vollst\u00e4ndiger Kontosynchronisierung. Greife \u00fcberall auf Slots, Tische und Live-Dealer zu bei Spin Winera.","og_url":"https:\/\/spinwineracasino.com\/de\/app\/","og_site_name":"spinwinera","article_modified_time":"2026-01-13T09:18:36+00:00","twitter_card":"summary_large_image","twitter_misc":{"Gesch\u00e4tzte Lesezeit":"2\u00a0Minuten"},"schema":{"@context":"https:\/\/schema.org","@graph":[{"@type":"WebPage","@id":"https:\/\/spinwineracasino.com\/de\/app\/","url":"https:\/\/spinwineracasino.com\/de\/app\/","name":"SpinWinera App f\u00fcr Mobile | iOS, Android","isPartOf":{"@id":"https:\/\/spinwineracasino.com\/de\/#website"},"datePublished":"2026-01-13T06:34:45+00:00","dateModified":"2026-01-13T09:18:36+00:00","description":"SpinWinera App \u2013 spiele Casinospiele auf iOS und Android mit reibungsloser Leistung und vollst\u00e4ndiger Kontosynchronisierung. Greife \u00fcberall auf Slots, Tische und Live-Dealer zu bei Spin Winera.","breadcrumb":{"@id":"https:\/\/spinwineracasino.com\/de\/app\/#breadcrumb"},"inLanguage":"de","potentialAction":[{"@type":"ReadAction","target":["https:\/\/spinwineracasino.com\/de\/app\/"]}]},{"@type":"BreadcrumbList","@id":"https:\/\/spinwineracasino.com\/de\/app\/#breadcrumb","itemListElement":[{"@type":"ListItem","position":1,"name":"Spinwinera","item":"https:\/\/spinwineracasino.com\/de\/"},{"@type":"ListItem","position":2,"name":"App"}]},{"@type":"WebSite","@id":"https:\/\/spinwineracasino.com\/de\/#website","url":"https:\/\/spinwineracasino.com\/de\/","name":"Spinwinera","description":"","publisher":{"@id":"https:\/\/spinwineracasino.com\/de\/#organization"},"potentialAction":[{"@type":"SearchAction","target":{"@type":"EntryPoint","urlTemplate":"https:\/\/spinwineracasino.com\/de\/?s={search_term_string}"},"query-input":{"@type":"PropertyValueSpecification","valueRequired":true,"valueName":"search_term_string"}}],"inLanguage":"de"},{"@type":"Organization","@id":"https:\/\/spinwineracasino.com\/de\/#organization","name":"Spinwinera","url":"https:\/\/spinwineracasino.com\/de\/","logo":{"@type":"ImageObject","inLanguage":"de","@id":"https:\/\/spinwineracasino.com\/de\/#\/schema\/logo\/image\/","url":"https:\/\/spinwineracasino.com\/wp-content\/uploads\/2025\/08\/80u1FaquEZeR6OUTeJCc.png","contentUrl":"https:\/\/spinwineracasino.com\/wp-content\/uploads\/2025\/08\/80u1FaquEZeR6OUTeJCc.png","width":157,"height":30,"caption":"Spinwinera"},"image":{"@id":"https:\/\/spinwineracasino.com\/de\/#\/schema\/logo\/image\/"}}]}},"_links":{"self":[{"href":"https:\/\/spinwineracasino.com\/de\/wp-json\/wp\/v2\/pages\/1497","targetHints":{"allow":["GET"]}}],"collection":[{"href":"https:\/\/spinwineracasino.com\/de\/wp-json\/wp\/v2\/pages"}],"about":[{"href":"https:\/\/spinwineracasino.com\/de\/wp-json\/wp\/v2\/types\/page"}],"author":[{"embeddable":true,"href":"https:\/\/spinwineracasino.com\/de\/wp-json\/wp\/v2\/users\/1"}],"replies":[{"embeddable":true,"href":"https:\/\/spinwineracasino.com\/de\/wp-json\/wp\/v2\/comments?post=1497"}],"version-history":[{"count":2,"href":"https:\/\/spinwineracasino.com\/de\/wp-json\/wp\/v2\/pages\/1497\/revisions"}],"predecessor-version":[{"id":1792,"href":"https:\/\/spinwineracasino.com\/de\/wp-json\/wp\/v2\/pages\/1497\/revisions\/1792"}],"wp:attachment":[{"href":"https:\/\/spinwineracasino.com\/de\/wp-json\/wp\/v2\/media?parent=1497"}],"curies":[{"name":"wp","href":"https:\/\/api.w.org\/{rel}","templated":true}]}}