{"id":1487,"date":"2026-01-13T06:49:38","date_gmt":"2026-01-13T06:49:38","guid":{"rendered":"https:\/\/spinwineracasino.com\/accesso-e-registrazione\/"},"modified":"2026-01-13T09:22:14","modified_gmt":"2026-01-13T09:22:14","slug":"anmeldung-und-registrierung","status":"publish","type":"page","link":"https:\/\/spinwineracasino.com\/de\/anmeldung-und-registrierung\/","title":{"rendered":"Anmeldung und Registrierung"},"content":{"rendered":"<h1>SpinWinera Anmelden und Registrieren<\/h1>\n<p>Der SpinWinera Login Prozess ist unglaublich einfach. Mit nur wenigen Klicks k\u00f6nnen Sie Ihr Casino-Konto erstellen und sofort auf unsere umfangreiche Auswahl an Gl\u00fccksspieloptionen und Boni zugreifen.<\/p>\n<p>Das Beste daran: Es ist keine vorherige Identit\u00e4tspr\u00fcfung erforderlich, sondern nur einige allgemeine Angaben zu Ihrer Person. Au\u00dferdem k\u00f6nnen Sie nach dem Einloggen Ihre Casino-Reise beginnen, indem Sie zahlreiche Spiele im Demo-Modus ausprobieren, ohne zun\u00e4chst echtes Geld zu setzen.<\/p>\n<p><div class=\"banner-wrap\" aria-label=\"Banner\"><img src=\"https:\/\/spinwineracasino.com\/wp-content\/uploads\/2026\/01\/Spinwinera-bonus-desktop.webp\" class=\"w-100 d-none d-lg-block img-pc main-banner-img\" alt=\"Spinwinera bonus desktop\" fetchpriority=\"high\" decoding=\"async\"><img src=\"https:\/\/spinwineracasino.com\/wp-content\/uploads\/2026\/01\/Spinwinera-bonus-mobile.webp\" class=\"w-100 d-none d-md-block d-lg-none main-banner-img\" alt=\"Spinwinera bonus mobile\" fetchpriority=\"high\" decoding=\"async\"><img src=\"https:\/\/spinwineracasino.com\/wp-content\/uploads\/2026\/01\/Spinwinera-bonus-mobile.webp\" class=\"w-100 d-md-none\" alt=\"Spinwinera bonus mobile\" fetchpriority=\"high\" decoding=\"async\"><div class=\"banner-description\">\n<div class=\"banner-title\">Willkommensboni<\/div>\n<p class=\"banner-header-title\">\u20ac1500<\/p>\n<div class=\"banner-header-AdditionalText\">+ 250 Freispiele<\/div>\n<button data-item=\"homepage_banner_link\" class=\"goto m-button m-gradient-border m-button--primary m-button--large banner-button btn-orange\">\n            <div class=\"m-button-content\">\n                <span>Jetzt anmelden<\/span>\n                <span><\/span>\n            <\/div>\n        <\/button>\n<\/div>\n<div class=\"WelcomePack\">\n<p><img loading=\"lazy\" decoding=\"async\" class=\"alignnone size-full wp-image-1445\" src=\"https:\/\/spinwineracasino.com\/wp-content\/uploads\/2026\/01\/welcome-crown.svg\" alt=\"welcome crown\" width=\"25\" height=\"26\" \/><\/p>\n<div class=\"WelcomePack-Info\">W\u00f6chentlicher Cashback von bis zu 25 %<\/div>\n<p><img loading=\"lazy\" decoding=\"async\" class=\"alignnone size-full wp-image-1445\" src=\"https:\/\/spinwineracasino.com\/wp-content\/uploads\/2026\/01\/welcome-crown.svg\" alt=\"welcome crown\" width=\"25\" height=\"26\" \/><\/p>\n<\/div>\n<\/div><div class=\"scrollable-content-wrap my-5\"><div class=\"scrollable-content-inner\"><h2>SpinWinera Registrierungsverfahren<\/h2>\n<p>Um sich bei SpinWinera zu registrieren, m\u00fcssen Sie \u00fcber 18 Jahre alt sein und in einem Land wohnen, in dem unsere Casino-Dienstleistungen unterst\u00fctzt werden. Das Registrierungsverfahren l\u00e4uft wie folgt ab:<\/p>\n<ol>\n<li>Verwenden Sie die Schaltfl\u00e4che Anmelden in der oberen rechten Ecke der Website Spin Winera.<\/li>\n<li>Geben Sie Ihre E-Mail-Adresse ein und erstellen Sie ein sicheres Passwort.<\/li>\n<li>Registrierung best\u00e4tigen.<\/li>\n<li>Geben Sie die restlichen pers\u00f6nlichen Daten in das sich \u00f6ffnende Popup-Fenster ein (d. h. Ihren Namen, Ihr Geburtsdatum und Ihre Telefonnummer).<\/li>\n<\/ol>\n<p>Danach werden Sie automatisch zu Ihrem Spin Winera-Konto weitergeleitet und k\u00f6nnen ohne Verz\u00f6gerung unser Casino erkunden. Von nun an werden alle Ihre spielbezogenen Informationen bequem an einem einzigen Ort gespeichert und lassen sich sowohl im Web als auch in der mobilen App einfach verwalten.<\/p>\n<h3>\u00c4ndern Ihrer pers\u00f6nlichen Daten in Ihrem Spin Winera-Konto<\/h3>\n<p>Sie k\u00f6nnen einige pers\u00f6nliche Daten in Ihrem Casino-Profil \u00e4ndern. Klicken Sie einfach auf die Schaltfl\u00e4che Pers\u00f6nliche Daten bearbeiten auf der Hauptseite des Profils und w\u00e4hlen Sie aus, welche Daten Sie \u00e4ndern m\u00f6chten: Benutzername, Vor- und Nachname, Kontaktdaten, Geschlecht usw.<\/p>\n<p>Bitte beachten Sie, dass eine \u00c4nderung Ihres Geburtsdatums ohne die Unterst\u00fctzung unseres Support-Teams nicht m\u00f6glich ist. Achten Sie daher darauf, bei der Registrierung Ihres SpinWinera-Kontos die richtigen Daten anzugeben.<\/p>\n<h2>SpinWinera-Anmeldung Schritte<\/h2>\n<p>Um sich bei einem bereits erstellten Konto anzumelden, verwenden Sie die Schaltfl\u00e4che SpinWinera-Anmeldung auf der Website oder in der App und geben Sie die zuvor angegebenen Anmeldedaten ein. Falls in Ihren Kontoeinstellungen die Zwei-Faktor-Authentifizierung aktiviert ist, m\u00fcssen Sie bei der Anmeldung zus\u00e4tzlich einen Sicherheitscode eingeben.<\/p>\n<p>Nachdem Sie sich bei Ihrem SpinWinera Casino-Konto angemeldet haben, k\u00f6nnen Sie viele spannende Spielm\u00f6glichkeiten genie\u00dfen:<\/p>\n<ul>\n<li>Sie k\u00f6nnen unsere Online-Slots und andere Spiele im Demo-Modus ausprobieren, um einen Eindruck davon zu bekommen, bevor Sie echtes Geld einsetzen.<\/li>\n<li>Erhalten Sie Ihren ersten Teil unseres Willkommensbonus direkt nach Ihrer ersten Einzahlung.<\/li>\n<li>Entdecken Sie personalisierte Werbekampagnen oder nehmen Sie daran teil und nutzen Sie die Chance, tolle Preise zu gewinnen.<\/li>\n<li>Erhalten Sie zus\u00e4tzliche Pr\u00e4mien f\u00fcr den Abschluss des Verifizierungsprozesses per Telefon und E-Mail.<\/li>\n<\/ul>\n<p>Sie erhalten au\u00dferdem Zugriff auf eine vollst\u00e4ndige Historie Ihrer Gl\u00fccksspielaktivit\u00e4ten und Transaktionen, die Sie bei SpinWinera Casino get\u00e4tigt haben.<\/p>\n<h3>SpinWinera Casino Verifizierung<\/h3>\n<p>Wenn Sie gerade Ihr Spin Winera-Konto erstellen oder Einzahlungen vornehmen, m\u00fcssen Sie Ihre Identit\u00e4t nicht nachweisen. Wir bitten unsere Casino-Spieler lediglich, sich bei ihrer ersten Auszahlung einem standardm\u00e4\u00dfigen Verifizierungsverfahren zu unterziehen.<\/p>\n<p>W\u00e4hrend dieses Vorgangs m\u00fcssen Sie uns Kopien Ihrer Ausweisdokumente (z. B. Reisepass, F\u00fchrerschein usw.), Stromrechnungen und der f\u00fcr die Auszahlung verwendeten Kreditkarte vorlegen. Der gesamte Verifizierungsvorgang dauert etwa 24 Stunden und wird bei folgenden Auszahlungsantr\u00e4gen nicht wiederholt \u2013 wir f\u00fchren ihn nur einmal durch.<\/p>\n<h2>Zugriff auf das Konto<\/h2>\n<p>Sie k\u00f6nnen sich entweder \u00fcber die webbasierte Hauptplattform oder \u00fcber unsere Mobil- und Desktop-Apps bei Ihrem Spin Winera-Konto anmelden. Ihre Kontoinformationen werden automatisch zwischen den Ger\u00e4ten synchronisiert. Selbst wenn Sie also beim Sportwetten oder beim Spielen von Slots im SpinWinera Casino st\u00e4ndig zwischen Ihrem Smartphone und Ihrem Computer wechseln, stimmen Ihre pers\u00f6nlichen Verlaufsdaten sowohl im Web als auch in der mobilen App immer \u00fcberein.<\/p>\n<h2>H\u00e4ufig gestellte Fragen<\/h2>\n<h3>Was soll ich tun, wenn mein Konto vor\u00fcbergehend gesperrt wurde?<\/h3>\n<p>Wir sperren Spielerkonten nur aus den folgenden Gr\u00fcnden: zu viele fehlgeschlagene Anmeldeversuche, verd\u00e4chtige Aktivit\u00e4ten oder Verst\u00f6\u00dfe gegen unsere Richtlinien. Im ersten Fall empfehlen wir Ihnen, einfach etwas zu warten, bevor Sie sich erneut anmelden. Wenn Sie Ihr Passwort vergessen haben, klicken Sie w\u00e4hrend des Anmeldevorgangs bei SpinWinera auf die Schaltfl\u00e4che \u201ePasswort vergessen?\u201c und erstellen Sie ein neues Passwort. Wenn Sie nicht wissen, warum Ihr Konto gesperrt wurde, wenden Sie sich bitte \u00fcber den Live-Chat an unser Support-Team.<\/p>\n<h3>Wie kann ich mein Konto vor unbefugtem Zugriff sch\u00fctzen?<\/h3>\n<p>Geben Sie Ihre Anmeldedaten und Passw\u00f6rter niemals an Dritte weiter. Zweitens sollten Sie sich nach dem Spielen auf fremden Ger\u00e4ten unbedingt aus Ihrem Casino-Konto ausloggen. Au\u00dferdem ist es wichtig, ein starkes und einzigartiges Passwort zu verwenden und dieses etwa alle drei Monate zu aktualisieren. Auf diese Weise verringert sich das Risiko eines unbefugten Zugriffs erheblich. Wenn Sie Probleme mit unbefugtem Zugriff haben, wenden Sie sich bitte umgehend an unser mehrsprachiges Support-Team.<\/p>\n<h3>Ist es sicher, meine Anmeldedaten im Browser oder in der App zu speichern?<\/h3>\n<p>Ja, wenn Sie mit Ihrem pers\u00f6nlichen Ger\u00e4t, das nicht auch von anderen Personen genutzt wird, auf SpinWinera Casino zugreifen. Wenn Sie jedoch Ger\u00e4te mit anderen Personen, einschlie\u00dflich anderer Familienmitglieder, teilen, sollten Sie Ihre Anmeldedaten besser nicht im Internet oder in der App speichern.<\/p>\n<\/div><\/div><\/p>\n","protected":false},"excerpt":{"rendered":"<p>SpinWinera Anmelden und Registrieren Der SpinWinera Login Prozess ist unglaublich einfach. Mit nur wenigen Klicks k\u00f6nnen Sie Ihr Casino-Konto erstellen und sofort auf unsere umfangreiche Auswahl an Gl\u00fccksspieloptionen und Boni zugreifen. Das Beste daran: Es ist keine vorherige Identit\u00e4tspr\u00fcfung erforderlich, sondern nur einige allgemeine Angaben zu Ihrer Person. Au\u00dferdem k\u00f6nnen Sie nach dem Einloggen Ihre [&hellip;]<\/p>\n","protected":false},"author":1,"featured_media":0,"parent":0,"menu_order":0,"comment_status":"closed","ping_status":"closed","template":"template-builder.php","meta":{"_acf_changed":false,"inline_featured_image":false,"footnotes":""},"class_list":["post-1487","page","type-page","status-publish","hentry"],"acf":[],"yoast_head":"<!-- This site is optimized with the Yoast SEO plugin v27.3 - https:\/\/yoast.com\/product\/yoast-seo-wordpress\/ -->\n<title>SpinWinera Casino Bonus | Willkommens- und Promo-Angebote<\/title>\n<meta name=\"description\" content=\"SpinWinera Casino Bonus \u2013 sichere dir dein Willkommenspaket, Reload-Deals und exklusive Freispiele. Profitiere von personalisierten Aktionen und w\u00f6chentlichen Belohnungen bei Spin Winera.\" \/>\n<meta name=\"robots\" content=\"index, follow, max-snippet:-1, max-image-preview:large, max-video-preview:-1\" \/>\n<link rel=\"canonical\" href=\"https:\/\/spinwineracasino.com\/de\/anmeldung-und-registrierung\/\" \/>\n<meta property=\"og:locale\" content=\"de_DE\" \/>\n<meta property=\"og:type\" content=\"article\" \/>\n<meta property=\"og:title\" content=\"SpinWinera Casino Bonus | Willkommens- und Promo-Angebote\" \/>\n<meta property=\"og:description\" content=\"SpinWinera Casino Bonus \u2013 sichere dir dein Willkommenspaket, Reload-Deals und exklusive Freispiele. Profitiere von personalisierten Aktionen und w\u00f6chentlichen Belohnungen bei Spin Winera.\" \/>\n<meta property=\"og:url\" content=\"https:\/\/spinwineracasino.com\/de\/anmeldung-und-registrierung\/\" \/>\n<meta property=\"og:site_name\" content=\"spinwinera\" \/>\n<meta property=\"article:modified_time\" content=\"2026-01-13T09:22:14+00:00\" \/>\n<meta name=\"twitter:card\" content=\"summary_large_image\" \/>\n<meta name=\"twitter:label1\" content=\"Gesch\u00e4tzte Lesezeit\" \/>\n\t<meta name=\"twitter:data1\" content=\"1\u00a0Minute\" \/>\n<script type=\"application\/ld+json\" class=\"yoast-schema-graph\">{\"@context\":\"https:\\\/\\\/schema.org\",\"@graph\":[{\"@type\":\"WebPage\",\"@id\":\"https:\\\/\\\/spinwineracasino.com\\\/de\\\/anmeldung-und-registrierung\\\/\",\"url\":\"https:\\\/\\\/spinwineracasino.com\\\/de\\\/anmeldung-und-registrierung\\\/\",\"name\":\"SpinWinera Casino Bonus | Willkommens- und Promo-Angebote\",\"isPartOf\":{\"@id\":\"https:\\\/\\\/spinwineracasino.com\\\/de\\\/#website\"},\"datePublished\":\"2026-01-13T06:49:38+00:00\",\"dateModified\":\"2026-01-13T09:22:14+00:00\",\"description\":\"SpinWinera Casino Bonus \u2013 sichere dir dein Willkommenspaket, Reload-Deals und exklusive Freispiele. Profitiere von personalisierten Aktionen und w\u00f6chentlichen Belohnungen bei Spin Winera.\",\"breadcrumb\":{\"@id\":\"https:\\\/\\\/spinwineracasino.com\\\/de\\\/anmeldung-und-registrierung\\\/#breadcrumb\"},\"inLanguage\":\"de\",\"potentialAction\":[{\"@type\":\"ReadAction\",\"target\":[\"https:\\\/\\\/spinwineracasino.com\\\/de\\\/anmeldung-und-registrierung\\\/\"]}]},{\"@type\":\"BreadcrumbList\",\"@id\":\"https:\\\/\\\/spinwineracasino.com\\\/de\\\/anmeldung-und-registrierung\\\/#breadcrumb\",\"itemListElement\":[{\"@type\":\"ListItem\",\"position\":1,\"name\":\"Spinwinera\",\"item\":\"https:\\\/\\\/spinwineracasino.com\\\/de\\\/\"},{\"@type\":\"ListItem\",\"position\":2,\"name\":\"Anmeldung und Registrierung\"}]},{\"@type\":\"WebSite\",\"@id\":\"https:\\\/\\\/spinwineracasino.com\\\/de\\\/#website\",\"url\":\"https:\\\/\\\/spinwineracasino.com\\\/de\\\/\",\"name\":\"Spinwinera\",\"description\":\"\",\"publisher\":{\"@id\":\"https:\\\/\\\/spinwineracasino.com\\\/de\\\/#organization\"},\"potentialAction\":[{\"@type\":\"SearchAction\",\"target\":{\"@type\":\"EntryPoint\",\"urlTemplate\":\"https:\\\/\\\/spinwineracasino.com\\\/de\\\/?s={search_term_string}\"},\"query-input\":{\"@type\":\"PropertyValueSpecification\",\"valueRequired\":true,\"valueName\":\"search_term_string\"}}],\"inLanguage\":\"de\"},{\"@type\":\"Organization\",\"@id\":\"https:\\\/\\\/spinwineracasino.com\\\/de\\\/#organization\",\"name\":\"Spinwinera\",\"url\":\"https:\\\/\\\/spinwineracasino.com\\\/de\\\/\",\"logo\":{\"@type\":\"ImageObject\",\"inLanguage\":\"de\",\"@id\":\"https:\\\/\\\/spinwineracasino.com\\\/de\\\/#\\\/schema\\\/logo\\\/image\\\/\",\"url\":\"https:\\\/\\\/spinwineracasino.com\\\/wp-content\\\/uploads\\\/2025\\\/08\\\/80u1FaquEZeR6OUTeJCc.png\",\"contentUrl\":\"https:\\\/\\\/spinwineracasino.com\\\/wp-content\\\/uploads\\\/2025\\\/08\\\/80u1FaquEZeR6OUTeJCc.png\",\"width\":157,\"height\":30,\"caption\":\"Spinwinera\"},\"image\":{\"@id\":\"https:\\\/\\\/spinwineracasino.com\\\/de\\\/#\\\/schema\\\/logo\\\/image\\\/\"}}]}<\/script>\n<!-- \/ Yoast SEO plugin. -->","yoast_head_json":{"title":"SpinWinera Casino Bonus | Willkommens- und Promo-Angebote","description":"SpinWinera Casino Bonus \u2013 sichere dir dein Willkommenspaket, Reload-Deals und exklusive Freispiele. Profitiere von personalisierten Aktionen und w\u00f6chentlichen Belohnungen bei Spin Winera.","robots":{"index":"index","follow":"follow","max-snippet":"max-snippet:-1","max-image-preview":"max-image-preview:large","max-video-preview":"max-video-preview:-1"},"canonical":"https:\/\/spinwineracasino.com\/de\/anmeldung-und-registrierung\/","og_locale":"de_DE","og_type":"article","og_title":"SpinWinera Casino Bonus | Willkommens- und Promo-Angebote","og_description":"SpinWinera Casino Bonus \u2013 sichere dir dein Willkommenspaket, Reload-Deals und exklusive Freispiele. Profitiere von personalisierten Aktionen und w\u00f6chentlichen Belohnungen bei Spin Winera.","og_url":"https:\/\/spinwineracasino.com\/de\/anmeldung-und-registrierung\/","og_site_name":"spinwinera","article_modified_time":"2026-01-13T09:22:14+00:00","twitter_card":"summary_large_image","twitter_misc":{"Gesch\u00e4tzte Lesezeit":"1\u00a0Minute"},"schema":{"@context":"https:\/\/schema.org","@graph":[{"@type":"WebPage","@id":"https:\/\/spinwineracasino.com\/de\/anmeldung-und-registrierung\/","url":"https:\/\/spinwineracasino.com\/de\/anmeldung-und-registrierung\/","name":"SpinWinera Casino Bonus | Willkommens- und Promo-Angebote","isPartOf":{"@id":"https:\/\/spinwineracasino.com\/de\/#website"},"datePublished":"2026-01-13T06:49:38+00:00","dateModified":"2026-01-13T09:22:14+00:00","description":"SpinWinera Casino Bonus \u2013 sichere dir dein Willkommenspaket, Reload-Deals und exklusive Freispiele. Profitiere von personalisierten Aktionen und w\u00f6chentlichen Belohnungen bei Spin Winera.","breadcrumb":{"@id":"https:\/\/spinwineracasino.com\/de\/anmeldung-und-registrierung\/#breadcrumb"},"inLanguage":"de","potentialAction":[{"@type":"ReadAction","target":["https:\/\/spinwineracasino.com\/de\/anmeldung-und-registrierung\/"]}]},{"@type":"BreadcrumbList","@id":"https:\/\/spinwineracasino.com\/de\/anmeldung-und-registrierung\/#breadcrumb","itemListElement":[{"@type":"ListItem","position":1,"name":"Spinwinera","item":"https:\/\/spinwineracasino.com\/de\/"},{"@type":"ListItem","position":2,"name":"Anmeldung und Registrierung"}]},{"@type":"WebSite","@id":"https:\/\/spinwineracasino.com\/de\/#website","url":"https:\/\/spinwineracasino.com\/de\/","name":"Spinwinera","description":"","publisher":{"@id":"https:\/\/spinwineracasino.com\/de\/#organization"},"potentialAction":[{"@type":"SearchAction","target":{"@type":"EntryPoint","urlTemplate":"https:\/\/spinwineracasino.com\/de\/?s={search_term_string}"},"query-input":{"@type":"PropertyValueSpecification","valueRequired":true,"valueName":"search_term_string"}}],"inLanguage":"de"},{"@type":"Organization","@id":"https:\/\/spinwineracasino.com\/de\/#organization","name":"Spinwinera","url":"https:\/\/spinwineracasino.com\/de\/","logo":{"@type":"ImageObject","inLanguage":"de","@id":"https:\/\/spinwineracasino.com\/de\/#\/schema\/logo\/image\/","url":"https:\/\/spinwineracasino.com\/wp-content\/uploads\/2025\/08\/80u1FaquEZeR6OUTeJCc.png","contentUrl":"https:\/\/spinwineracasino.com\/wp-content\/uploads\/2025\/08\/80u1FaquEZeR6OUTeJCc.png","width":157,"height":30,"caption":"Spinwinera"},"image":{"@id":"https:\/\/spinwineracasino.com\/de\/#\/schema\/logo\/image\/"}}]}},"_links":{"self":[{"href":"https:\/\/spinwineracasino.com\/de\/wp-json\/wp\/v2\/pages\/1487","targetHints":{"allow":["GET"]}}],"collection":[{"href":"https:\/\/spinwineracasino.com\/de\/wp-json\/wp\/v2\/pages"}],"about":[{"href":"https:\/\/spinwineracasino.com\/de\/wp-json\/wp\/v2\/types\/page"}],"author":[{"embeddable":true,"href":"https:\/\/spinwineracasino.com\/de\/wp-json\/wp\/v2\/users\/1"}],"replies":[{"embeddable":true,"href":"https:\/\/spinwineracasino.com\/de\/wp-json\/wp\/v2\/comments?post=1487"}],"version-history":[{"count":2,"href":"https:\/\/spinwineracasino.com\/de\/wp-json\/wp\/v2\/pages\/1487\/revisions"}],"predecessor-version":[{"id":1794,"href":"https:\/\/spinwineracasino.com\/de\/wp-json\/wp\/v2\/pages\/1487\/revisions\/1794"}],"wp:attachment":[{"href":"https:\/\/spinwineracasino.com\/de\/wp-json\/wp\/v2\/media?parent=1487"}],"curies":[{"name":"wp","href":"https:\/\/api.w.org\/{rel}","templated":true}]}}